{"id":2867,"date":"2023-03-16T17:23:43","date_gmt":"2023-03-16T15:23:43","guid":{"rendered":"https:\/\/grillandmore.lv\/shop\/?post_type=product&#038;p=2867"},"modified":"2023-11-12T15:24:00","modified_gmt":"2023-11-12T13:24:00","slug":"weber-koka-cipsi-hickory","status":"publish","type":"product","link":"https:\/\/grillandmore.lv\/shop\/products\/weber-koka-cipsi-hickory\/","title":{"rendered":"Weber koka \u010dip\u0161i &#8211; hickory"},"content":{"rendered":"<p>32,5\u00a0cm x 12\u00a0cm x 17\u00a0cm<br \/>\nBag\u0101t\u012bga smalki salda gar\u0161a<br \/>\nSvars:0,7 kg<\/p>\n","protected":false},"excerpt":{"rendered":"<p style=\"text-align: justify;\">Pievienojot savam lielajam liellopa ga\u013cas gabalam bag\u0101t\u012bgu hikorijas gar\u0161u, ikviens liks br\u012bn\u012bties, k\u0101 j\u016bs to izdar\u012bj\u0101t. Eksperiment\u0113jot ar aromatiz\u0113tu koka skaidu pievieno\u0161anu receptei, gril\u0113\u0161ana k\u013c\u016bst v\u0113l intri\u0123\u0113jo\u0161\u0101ka un gar\u0161\u012bg\u0101ka.<\/p>\n","protected":false},"featured_media":2868,"comment_status":"open","ping_status":"closed","template":"","meta":[],"pwb-brand":[133],"product_brand":[],"product_cat":[148,128],"product_tag":[],"class_list":{"0":"post-2867","1":"product","2":"type-product","3":"status-publish","4":"has-post-thumbnail","6":"pwb-brand-weber","7":"product_cat-koka-cipsi","8":"product_cat-piederumi","9":"product_shipping_class-paku-skapis","11":"first","12":"onbackorder","13":"taxable","14":"shipping-taxable","15":"purchasable","16":"product-type-simple"},"brands":[{"id":133,"name":"Weber","slug":"weber"}],"_links":{"self":[{"href":"https:\/\/grillandmore.lv\/shop\/wp-json\/wp\/v2\/product\/2867","targetHints":{"allow":["GET"]}}],"collection":[{"href":"https:\/\/grillandmore.lv\/shop\/wp-json\/wp\/v2\/product"}],"about":[{"href":"https:\/\/grillandmore.lv\/shop\/wp-json\/wp\/v2\/types\/product"}],"replies":[{"embeddable":true,"href":"https:\/\/grillandmore.lv\/shop\/wp-json\/wp\/v2\/comments?post=2867"}],"version-history":[{"count":1,"href":"https:\/\/grillandmore.lv\/shop\/wp-json\/wp\/v2\/product\/2867\/revisions"}],"predecessor-version":[{"id":6496,"href":"https:\/\/grillandmore.lv\/shop\/wp-json\/wp\/v2\/product\/2867\/revisions\/6496"}],"wp:featuredmedia":[{"embeddable":true,"href":"https:\/\/grillandmore.lv\/shop\/wp-json\/wp\/v2\/media\/2868"}],"wp:attachment":[{"href":"https:\/\/grillandmore.lv\/shop\/wp-json\/wp\/v2\/media?parent=2867"}],"wp:term":[{"taxonomy":"pwb-brand","embeddable":true,"href":"https:\/\/grillandmore.lv\/shop\/wp-json\/wp\/v2\/pwb-brand?post=2867"},{"taxonomy":"product_brand","embeddable":true,"href":"https:\/\/grillandmore.lv\/shop\/wp-json\/wp\/v2\/product_brand?post=2867"},{"taxonomy":"product_cat","embeddable":true,"href":"https:\/\/grillandmore.lv\/shop\/wp-json\/wp\/v2\/product_cat?post=2867"},{"taxonomy":"product_tag","embeddable":true,"href":"https:\/\/grillandmore.lv\/shop\/wp-json\/wp\/v2\/product_tag?post=2867"}],"curies":[{"name":"wp","href":"https:\/\/api.w.org\/{rel}","templated":true}]}}