{"id":2873,"date":"2023-03-16T17:55:53","date_gmt":"2023-03-16T15:55:53","guid":{"rendered":"https:\/\/grillandmore.lv\/shop\/?post_type=product&#038;p=2873"},"modified":"2023-11-12T15:28:31","modified_gmt":"2023-11-12T13:28:31","slug":"weber-kokoglu-karstuma-regulators-57cm","status":"publish","type":"product","link":"https:\/\/grillandmore.lv\/shop\/products\/weber-kokoglu-karstuma-regulators-57cm\/","title":{"rendered":"Weber kokog\u013cu karstuma regulators &#8211; 57cm"},"content":{"rendered":"<p style=\"text-align: justify;\">\u2022 L\u012bdz 7 stund\u0101m zem\u0101 un l\u0113n\u0101 temperat\u016br\u0101 (110\u00b0C-135\u00b0C) pirms degvielas uzpild\u012b\u0161anas<br \/>\n\u2022 Izklied\u0113t\u0101ja gredzens maksim\u0101li palielina visu 57\u00a0cm gatavo\u0161anas re\u017e\u0123i netie\u0161ai zemai un l\u0113nai gatavo\u0161anai<br \/>\n\u2022 \u012apa\u0161i tie\u0161s augsts karstums apdedzin\u0101\u0161anai; konvekcijas siltums krauk\u0161\u0137\u012bgiem sp\u0101rniem<br \/>\n\u2022 Telpa \u016bdens pannai, lai palielin\u0101tu mitrumu un gar\u0161u zem\u0101 un l\u0113n\u0101 re\u017e\u012bm\u0101<br \/>\n\u2022 Konuss var palikt gril\u0101, lai to izmantotu atk\u0101rtoti, bez probl\u0113m\u0101m<br \/>\n\u2022 Izklied\u0113t\u0101ju var izjaukt kompaktai, ilgsto\u0161ai uzglab\u0101\u0161anai<\/p>\n<p>Materi\u0101ls: ner\u016bs\u0113jo\u0161ais t\u0113rauds<br \/>\nDer Weber 57 cm kokog\u013cu griliem<\/p>\n","protected":false},"excerpt":{"rendered":"<p>Izmantojot Weber&#8217;s kokog\u013cu karstuma regulatoru 57 cm kokog\u013cu gril\u0101, j\u016bs varat viegli iestat\u012bt savu grilu cep\u0161anai augst\u0101 temperat\u016br\u0101 vai gatavo\u0161anu zem\u0101 un l\u0113n\u0101 re\u017e\u012bm\u0101. Sast\u0101v no konusa un difuzora gredzena. Konus\u0101 novieto ogles l\u012bdz pat 7 stund\u0101m l\u0113nai gatavo\u0161anai, ja to lieto kop\u0101 ar og\u013cu briket\u0113m, savuk\u0101rt difuzora gredzens nodro\u0161ina vienm\u0113r\u012bgu siltumu vis\u0101 gril\u0113\u0161anas virsm\u0101, sniedzot pietiekami daudz vietas liel\u0101kiem \u0113dieniem, piem\u0113ram, rib\u0101m, c\u016bkga\u013cas pleciem un citiem. Konusu var izmantot ar\u012b, lai rad\u012btu \u012bpa\u0161i augstu karstumu apdedzin\u0101\u0161anai, k\u0101 ar\u012b efekt\u012bvu konvekcijas siltumu ide\u0101li krauk\u0161\u0137\u012bgiem sp\u0101rniem, ga\u013cai un d\u0101rze\u0146iem.<\/p>\n","protected":false},"featured_media":2874,"comment_status":"open","ping_status":"closed","template":"","meta":[],"pwb-brand":[133],"product_brand":[],"product_cat":[95,125,128],"product_tag":[],"class_list":{"0":"post-2873","1":"product","2":"type-product","3":"status-publish","4":"has-post-thumbnail","6":"pwb-brand-weber","7":"product_cat-kokogles","8":"product_cat-kokoglu-grili","9":"product_cat-piederumi","10":"product_shipping_class-paku-skapis","12":"first","13":"onbackorder","14":"taxable","15":"shipping-taxable","16":"purchasable","17":"product-type-simple"},"brands":[{"id":133,"name":"Weber","slug":"weber"}],"_links":{"self":[{"href":"https:\/\/grillandmore.lv\/shop\/wp-json\/wp\/v2\/product\/2873","targetHints":{"allow":["GET"]}}],"collection":[{"href":"https:\/\/grillandmore.lv\/shop\/wp-json\/wp\/v2\/product"}],"about":[{"href":"https:\/\/grillandmore.lv\/shop\/wp-json\/wp\/v2\/types\/product"}],"replies":[{"embeddable":true,"href":"https:\/\/grillandmore.lv\/shop\/wp-json\/wp\/v2\/comments?post=2873"}],"version-history":[{"count":1,"href":"https:\/\/grillandmore.lv\/shop\/wp-json\/wp\/v2\/product\/2873\/revisions"}],"predecessor-version":[{"id":6493,"href":"https:\/\/grillandmore.lv\/shop\/wp-json\/wp\/v2\/product\/2873\/revisions\/6493"}],"wp:featuredmedia":[{"embeddable":true,"href":"https:\/\/grillandmore.lv\/shop\/wp-json\/wp\/v2\/media\/2874"}],"wp:attachment":[{"href":"https:\/\/grillandmore.lv\/shop\/wp-json\/wp\/v2\/media?parent=2873"}],"wp:term":[{"taxonomy":"pwb-brand","embeddable":true,"href":"https:\/\/grillandmore.lv\/shop\/wp-json\/wp\/v2\/pwb-brand?post=2873"},{"taxonomy":"product_brand","embeddable":true,"href":"https:\/\/grillandmore.lv\/shop\/wp-json\/wp\/v2\/product_brand?post=2873"},{"taxonomy":"product_cat","embeddable":true,"href":"https:\/\/grillandmore.lv\/shop\/wp-json\/wp\/v2\/product_cat?post=2873"},{"taxonomy":"product_tag","embeddable":true,"href":"https:\/\/grillandmore.lv\/shop\/wp-json\/wp\/v2\/product_tag?post=2873"}],"curies":[{"name":"wp","href":"https:\/\/api.w.org\/{rel}","templated":true}]}}