{"id":2876,"date":"2023-03-16T18:03:57","date_gmt":"2023-03-16T16:03:57","guid":{"rendered":"https:\/\/grillandmore.lv\/shop\/?post_type=product&#038;p=2876"},"modified":"2023-11-12T15:28:24","modified_gmt":"2023-11-12T13:28:24","slug":"weber-oglu-grozs","status":"publish","type":"product","link":"https:\/\/grillandmore.lv\/shop\/products\/weber-oglu-grozs\/","title":{"rendered":"Weber og\u013cu grozs"},"content":{"rendered":"<p style=\"text-align: justify;\">Ieg\u016bstiet jebkuru og\u013cu gril\u0113\u0161anas metodi da\u017eu sekun\u017eu laik\u0101. Char-Baskets \u013cauj vienk\u0101r\u0161i sak\u0101rtot aizdedzin\u0101tas briketes, lai t\u0101s var\u0113tu gatavot tie\u0161\u0101 vai netie\u0161\u0101 karstum\u0101 \u2014 neatkar\u012bgi no t\u0101, vai gatavojat burgerus vai k\u016bpin\u0101t kr\u016bti\u0146u. T\u0101 viet\u0101, lai lietu briketes tie\u0161i uz og\u013cu re\u017e\u0123a un p\u0113c tam sakraujot vai k\u0101rtojot ar instrumentiem, vienk\u0101r\u0161i piepildiet iztur\u012bgos aluminiz\u0113tos t\u0113rauda Char-Baskets ar kokogl\u0113m vai briket\u0113m. Sab\u012bdiet grozi\u0146us kop\u0101, lai apceptu steikus uz koncentr\u0113tas, tie\u0161as uguns, vai ar\u012b izkl\u0101jiet tos un novietojiet pannu starp tiem, lai l\u0113ni ceptu veselu vistu uz netie\u0161as uguns. Char-Baskets ir p\u0101ri, un tie ir paredz\u0113ti novieto\u0161anai uz og\u013cu re\u017e\u0123a, kas ir standart\u0101 visiem 47 cm un 57 cm Weber kokog\u013cu grila mode\u013ciem.<\/p>\n<p style=\"text-align: justify;\">Der 47\u00a0cm Weber\u00ae og\u013cu b\u0101rbekj\u016b, 57\u00a0cm Weber\u00ae kokog\u013cu b\u0101rbekj\u016b un 67\u00a0cm Weber\u00ae kokog\u013cu b\u0101rbekj\u016b<br \/>\nPiepildiet og\u013cu grozus ar kokogli, lai viegli un vienm\u0113r\u012bgi iestat\u012btu tie\u0161o vai netie\u0161o siltumu<br \/>\nKomplekt\u0101 2 grozi<\/p>\n","protected":false},"excerpt":{"rendered":"<p style=\"text-align: justify;\">Koncentr\u0113jieties uz \u0113dienu, gar\u0161viel\u0101m un komp\u0101niju \u2013 p\u0101r\u0113jais ir vienk\u0101r\u0161s. \u0160ie og\u013cu grozi \u013cauj vienm\u0113r\u012bgi un bez piep\u016bles sak\u0101rtot iedegtas ogles uz degvielas re\u017e\u0123a, lai rad\u012btu perfektu netie\u0161u siltumu veselas vistas vai ribi\u0146u cep\u0161anai. Vienk\u0101r\u0161i ielejiet aizdegt\u0101s ogles no skurste\u0146a startera og\u013cu grozos, un esat gatavs gril\u0113t.<\/p>\n","protected":false},"featured_media":2877,"comment_status":"open","ping_status":"closed","template":"","meta":[],"pwb-brand":[133],"product_brand":[],"product_cat":[95,125,128],"product_tag":[],"class_list":{"0":"post-2876","1":"product","2":"type-product","3":"status-publish","4":"has-post-thumbnail","6":"pwb-brand-weber","7":"product_cat-kokogles","8":"product_cat-kokoglu-grili","9":"product_cat-piederumi","10":"product_shipping_class-paku-skapis","12":"first","13":"onbackorder","14":"taxable","15":"shipping-taxable","16":"purchasable","17":"product-type-simple"},"brands":[{"id":133,"name":"Weber","slug":"weber"}],"_links":{"self":[{"href":"https:\/\/grillandmore.lv\/shop\/wp-json\/wp\/v2\/product\/2876","targetHints":{"allow":["GET"]}}],"collection":[{"href":"https:\/\/grillandmore.lv\/shop\/wp-json\/wp\/v2\/product"}],"about":[{"href":"https:\/\/grillandmore.lv\/shop\/wp-json\/wp\/v2\/types\/product"}],"replies":[{"embeddable":true,"href":"https:\/\/grillandmore.lv\/shop\/wp-json\/wp\/v2\/comments?post=2876"}],"version-history":[{"count":1,"href":"https:\/\/grillandmore.lv\/shop\/wp-json\/wp\/v2\/product\/2876\/revisions"}],"predecessor-version":[{"id":6492,"href":"https:\/\/grillandmore.lv\/shop\/wp-json\/wp\/v2\/product\/2876\/revisions\/6492"}],"wp:featuredmedia":[{"embeddable":true,"href":"https:\/\/grillandmore.lv\/shop\/wp-json\/wp\/v2\/media\/2877"}],"wp:attachment":[{"href":"https:\/\/grillandmore.lv\/shop\/wp-json\/wp\/v2\/media?parent=2876"}],"wp:term":[{"taxonomy":"pwb-brand","embeddable":true,"href":"https:\/\/grillandmore.lv\/shop\/wp-json\/wp\/v2\/pwb-brand?post=2876"},{"taxonomy":"product_brand","embeddable":true,"href":"https:\/\/grillandmore.lv\/shop\/wp-json\/wp\/v2\/product_brand?post=2876"},{"taxonomy":"product_cat","embeddable":true,"href":"https:\/\/grillandmore.lv\/shop\/wp-json\/wp\/v2\/product_cat?post=2876"},{"taxonomy":"product_tag","embeddable":true,"href":"https:\/\/grillandmore.lv\/shop\/wp-json\/wp\/v2\/product_tag?post=2876"}],"curies":[{"name":"wp","href":"https:\/\/api.w.org\/{rel}","templated":true}]}}