{"id":2881,"date":"2023-03-16T18:10:31","date_gmt":"2023-03-16T16:10:31","guid":{"rendered":"https:\/\/grillandmore.lv\/shop\/?post_type=product&#038;p=2881"},"modified":"2023-11-12T15:28:18","modified_gmt":"2023-11-12T13:28:18","slug":"weber-servesanas-skivis","status":"publish","type":"product","link":"https:\/\/grillandmore.lv\/shop\/products\/weber-servesanas-skivis\/","title":{"rendered":"Weber serv\u0113\u0161anas \u0161\u0137\u012bvis"},"content":{"rendered":"<p style=\"text-align: justify;\">Augstas kvalit\u0101tes materi\u0101ls.<br \/>\nWeber galda piederumi ir ra\u017eoti V\u0101cij\u0101, kas ir kvalit\u0101tes un iztur\u012bbas z\u012bme vis\u0101 pasaul\u0113. Cietais porcel\u0101ns tiek cepts temperat\u016br\u0101, kas p\u0101rsniedz 1420 gr\u0101dus p\u0113c Celsija, un t\u0101p\u0113c tas att\u012bsta t\u0101 satrieco\u0161\u0101s \u012bpa\u0161\u012bbas, piem\u0113ram, sp\u0113c\u012bgo sp\u0113ju saglab\u0101t siltumu un iztur\u012bbu pret skr\u0101p\u0113jumiem.<\/p>\n<p>Materi\u0101ls: cietais porcel\u0101ns<br \/>\nDaudzums: 1<br \/>\nKop\u0161ana: var mazg\u0101t trauku mazg\u0101jam\u0101 ma\u0161\u012bn\u0101<br \/>\nIztur\u012bga, cieta virsma<br \/>\nIlg\u0101k saglab\u0101 temperat\u016bru<\/p>\n","protected":false},"excerpt":{"rendered":"<p style=\"text-align: justify;\">Papildiniet galdu un vakari\u0146as ar satrieco\u0161o Weber serv\u0113\u0161anas \u0161\u0137\u012bvi. Izgatavots no cieta, iztur\u012bga porcel\u0101na un paredz\u0113ts, lai saglab\u0101tu siltumu \u2013 40 x 22 centimetru \u0161\u0137\u012bvis ir lieliska izv\u0113le, pasniedzot visu, s\u0101kot no veselas vistas l\u012bdz steikiem un d\u0101rze\u0146iem.<\/p>\n","protected":false},"featured_media":2879,"comment_status":"open","ping_status":"closed","template":"","meta":[],"pwb-brand":[133],"product_brand":[],"product_cat":[128,150],"product_tag":[],"class_list":{"0":"post-2881","1":"product","2":"type-product","3":"status-publish","4":"has-post-thumbnail","6":"pwb-brand-weber","7":"product_cat-piederumi","8":"product_cat-trauki","9":"product_shipping_class-paku-skapis","11":"first","12":"onbackorder","13":"taxable","14":"shipping-taxable","15":"purchasable","16":"product-type-simple"},"brands":[{"id":133,"name":"Weber","slug":"weber"}],"_links":{"self":[{"href":"https:\/\/grillandmore.lv\/shop\/wp-json\/wp\/v2\/product\/2881","targetHints":{"allow":["GET"]}}],"collection":[{"href":"https:\/\/grillandmore.lv\/shop\/wp-json\/wp\/v2\/product"}],"about":[{"href":"https:\/\/grillandmore.lv\/shop\/wp-json\/wp\/v2\/types\/product"}],"replies":[{"embeddable":true,"href":"https:\/\/grillandmore.lv\/shop\/wp-json\/wp\/v2\/comments?post=2881"}],"version-history":[{"count":1,"href":"https:\/\/grillandmore.lv\/shop\/wp-json\/wp\/v2\/product\/2881\/revisions"}],"predecessor-version":[{"id":6491,"href":"https:\/\/grillandmore.lv\/shop\/wp-json\/wp\/v2\/product\/2881\/revisions\/6491"}],"wp:featuredmedia":[{"embeddable":true,"href":"https:\/\/grillandmore.lv\/shop\/wp-json\/wp\/v2\/media\/2879"}],"wp:attachment":[{"href":"https:\/\/grillandmore.lv\/shop\/wp-json\/wp\/v2\/media?parent=2881"}],"wp:term":[{"taxonomy":"pwb-brand","embeddable":true,"href":"https:\/\/grillandmore.lv\/shop\/wp-json\/wp\/v2\/pwb-brand?post=2881"},{"taxonomy":"product_brand","embeddable":true,"href":"https:\/\/grillandmore.lv\/shop\/wp-json\/wp\/v2\/product_brand?post=2881"},{"taxonomy":"product_cat","embeddable":true,"href":"https:\/\/grillandmore.lv\/shop\/wp-json\/wp\/v2\/product_cat?post=2881"},{"taxonomy":"product_tag","embeddable":true,"href":"https:\/\/grillandmore.lv\/shop\/wp-json\/wp\/v2\/product_tag?post=2881"}],"curies":[{"name":"wp","href":"https:\/\/api.w.org\/{rel}","templated":true}]}}