{"id":2882,"date":"2023-03-16T18:21:35","date_gmt":"2023-03-16T16:21:35","guid":{"rendered":"https:\/\/grillandmore.lv\/shop\/?post_type=product&#038;p=2882"},"modified":"2023-11-12T15:28:10","modified_gmt":"2023-11-12T13:28:10","slug":"weber-salatu-bloda","status":"publish","type":"product","link":"https:\/\/grillandmore.lv\/shop\/products\/weber-salatu-bloda\/","title":{"rendered":"Weber sal\u0101tu b\u013coda \/ 2 gab"},"content":{"rendered":"<p style=\"text-align: justify;\">Augstas kvalit\u0101tes materi\u0101ls.<br \/>\nWeber galda piederumi ir ra\u017eoti V\u0101cij\u0101, kas ir kvalit\u0101tes un iztur\u012bbas z\u012bme vis\u0101 pasaul\u0113. Cietais porcel\u0101ns tiek cepts temperat\u016br\u0101, kas p\u0101rsniedz 1420 gr\u0101dus p\u0113c Celsija, un t\u0101p\u0113c tam ir t\u0101das \u012bpa\u0161\u012bbas k\u0101 sp\u0113c\u012bga siltuma saglab\u0101\u0161anas sp\u0113ja un iztur\u012bba pret skr\u0101p\u0113jumiem.<\/p>\n<p>Diametrs: 14cm<br \/>\nMateri\u0101ls: cietais porcel\u0101ns<br \/>\nDaudzums: 2<br \/>\nKop\u0161ana: var mazg\u0101t trauku mazg\u0101jam\u0101 ma\u0161\u012bn\u0101<br \/>\nIztur\u012bga, cieta virsma<br \/>\nIlg\u0101k saglab\u0101 temperat\u016bru<\/p>\n","protected":false},"excerpt":{"rendered":"<p style=\"text-align: justify;\">Neviens b\u0101rbekj\u016b nav bez gardiem sal\u0101tiem! Uzkl\u0101jiet galdu ar eleganto sal\u0101tu b\u013codu \u2013 uzlabojiet izskatu un saj\u016btu. 14 centimetru b\u013coda ir izgatavota no iztur\u012bga, cieta porcel\u0101na, kas pasarg\u0101 to no skr\u0101p\u0113jumiem. Komplekt\u0101 divi.<\/p>\n","protected":false},"featured_media":2883,"comment_status":"open","ping_status":"closed","template":"","meta":[],"pwb-brand":[133],"product_brand":[],"product_cat":[128,150],"product_tag":[],"class_list":{"0":"post-2882","1":"product","2":"type-product","3":"status-publish","4":"has-post-thumbnail","6":"pwb-brand-weber","7":"product_cat-piederumi","8":"product_cat-trauki","9":"product_shipping_class-paku-skapis","11":"first","12":"onbackorder","13":"taxable","14":"shipping-taxable","15":"purchasable","16":"product-type-simple"},"brands":[{"id":133,"name":"Weber","slug":"weber"}],"_links":{"self":[{"href":"https:\/\/grillandmore.lv\/shop\/wp-json\/wp\/v2\/product\/2882","targetHints":{"allow":["GET"]}}],"collection":[{"href":"https:\/\/grillandmore.lv\/shop\/wp-json\/wp\/v2\/product"}],"about":[{"href":"https:\/\/grillandmore.lv\/shop\/wp-json\/wp\/v2\/types\/product"}],"replies":[{"embeddable":true,"href":"https:\/\/grillandmore.lv\/shop\/wp-json\/wp\/v2\/comments?post=2882"}],"version-history":[{"count":2,"href":"https:\/\/grillandmore.lv\/shop\/wp-json\/wp\/v2\/product\/2882\/revisions"}],"predecessor-version":[{"id":6490,"href":"https:\/\/grillandmore.lv\/shop\/wp-json\/wp\/v2\/product\/2882\/revisions\/6490"}],"wp:featuredmedia":[{"embeddable":true,"href":"https:\/\/grillandmore.lv\/shop\/wp-json\/wp\/v2\/media\/2883"}],"wp:attachment":[{"href":"https:\/\/grillandmore.lv\/shop\/wp-json\/wp\/v2\/media?parent=2882"}],"wp:term":[{"taxonomy":"pwb-brand","embeddable":true,"href":"https:\/\/grillandmore.lv\/shop\/wp-json\/wp\/v2\/pwb-brand?post=2882"},{"taxonomy":"product_brand","embeddable":true,"href":"https:\/\/grillandmore.lv\/shop\/wp-json\/wp\/v2\/product_brand?post=2882"},{"taxonomy":"product_cat","embeddable":true,"href":"https:\/\/grillandmore.lv\/shop\/wp-json\/wp\/v2\/product_cat?post=2882"},{"taxonomy":"product_tag","embeddable":true,"href":"https:\/\/grillandmore.lv\/shop\/wp-json\/wp\/v2\/product_tag?post=2882"}],"curies":[{"name":"wp","href":"https:\/\/api.w.org\/{rel}","templated":true}]}}