{"id":2886,"date":"2023-03-16T20:52:22","date_gmt":"2023-03-16T18:52:22","guid":{"rendered":"https:\/\/grillandmore.lv\/shop\/?post_type=product&#038;p=2886"},"modified":"2023-11-12T15:28:02","modified_gmt":"2023-11-12T13:28:02","slug":"picas-skivis-2-gab","status":"publish","type":"product","link":"https:\/\/grillandmore.lv\/shop\/products\/picas-skivis-2-gab\/","title":{"rendered":"Picas \u0161\u0137\u012bvis \/ 2 gab"},"content":{"rendered":"<p style=\"text-align: justify;\">Augstas kvalit\u0101tes materi\u0101ls.<br \/>\nWeber galda piederumi ir ra\u017eoti V\u0101cij\u0101. Kvalit\u0101tes un iztur\u012bbas z\u012bme vis\u0101 pasaul\u0113. Cietais porcel\u0101ns tiek cepts temperat\u016br\u0101, kas p\u0101rsniedz 1420 gr\u0101dus p\u0113c Celsija, un t\u0101p\u0113c tam ir t\u0101das \u012bpa\u0161\u012bbas k\u0101 sp\u0113c\u012bga siltuma saglab\u0101\u0161anas sp\u0113ja un iztur\u012bba pret skr\u0101p\u0113jumiem.<\/p>\n<p>Materi\u0101ls: cietais porcel\u0101ns<br \/>\nDaudzums: 2<br \/>\nKop\u0161ana: var mazg\u0101t trauku mazg\u0101jam\u0101 ma\u0161\u012bn\u0101<br \/>\nIztur\u012bga, cieta virsma<br \/>\nIlg\u0101k saglab\u0101 temperat\u016bru<\/p>\n","protected":false},"excerpt":{"rendered":"<p style=\"text-align: justify;\">Izbaudiet It\u0101lijas gar\u0161u, cien\u0101jot savu \u0123imeni ar krauk\u0161\u0137\u012bg\u0101m, pl\u0101n\u0101m pic\u0101m \u2013 tie\u0161i no grila! Dariet to k\u0101 profesion\u0101ls picu cep\u0113js un pasniedziet to stil\u012bgi uz elegant\u0101, 30\u00a0centimetru porcel\u0101na picas \u0161\u0137\u012bvja no Weber. Izstr\u0101d\u0101ts, lai saglab\u0101tu siltumu un nov\u0113rstu skr\u0101p\u0113jumus. Komplekt\u0101 divi.<\/p>\n","protected":false},"featured_media":2887,"comment_status":"open","ping_status":"closed","template":"","meta":[],"pwb-brand":[133],"product_brand":[],"product_cat":[151,128,150],"product_tag":[],"class_list":{"0":"post-2886","1":"product","2":"type-product","3":"status-publish","4":"has-post-thumbnail","6":"pwb-brand-weber","7":"product_cat-picai","8":"product_cat-piederumi","9":"product_cat-trauki","10":"product_shipping_class-paku-skapis","12":"first","13":"onbackorder","14":"taxable","15":"shipping-taxable","16":"purchasable","17":"product-type-simple"},"brands":[{"id":133,"name":"Weber","slug":"weber"}],"_links":{"self":[{"href":"https:\/\/grillandmore.lv\/shop\/wp-json\/wp\/v2\/product\/2886","targetHints":{"allow":["GET"]}}],"collection":[{"href":"https:\/\/grillandmore.lv\/shop\/wp-json\/wp\/v2\/product"}],"about":[{"href":"https:\/\/grillandmore.lv\/shop\/wp-json\/wp\/v2\/types\/product"}],"replies":[{"embeddable":true,"href":"https:\/\/grillandmore.lv\/shop\/wp-json\/wp\/v2\/comments?post=2886"}],"version-history":[{"count":1,"href":"https:\/\/grillandmore.lv\/shop\/wp-json\/wp\/v2\/product\/2886\/revisions"}],"predecessor-version":[{"id":6489,"href":"https:\/\/grillandmore.lv\/shop\/wp-json\/wp\/v2\/product\/2886\/revisions\/6489"}],"wp:featuredmedia":[{"embeddable":true,"href":"https:\/\/grillandmore.lv\/shop\/wp-json\/wp\/v2\/media\/2887"}],"wp:attachment":[{"href":"https:\/\/grillandmore.lv\/shop\/wp-json\/wp\/v2\/media?parent=2886"}],"wp:term":[{"taxonomy":"pwb-brand","embeddable":true,"href":"https:\/\/grillandmore.lv\/shop\/wp-json\/wp\/v2\/pwb-brand?post=2886"},{"taxonomy":"product_brand","embeddable":true,"href":"https:\/\/grillandmore.lv\/shop\/wp-json\/wp\/v2\/product_brand?post=2886"},{"taxonomy":"product_cat","embeddable":true,"href":"https:\/\/grillandmore.lv\/shop\/wp-json\/wp\/v2\/product_cat?post=2886"},{"taxonomy":"product_tag","embeddable":true,"href":"https:\/\/grillandmore.lv\/shop\/wp-json\/wp\/v2\/product_tag?post=2886"}],"curies":[{"name":"wp","href":"https:\/\/api.w.org\/{rel}","templated":true}]}}