{"id":2892,"date":"2023-03-17T07:42:19","date_gmt":"2023-03-17T05:42:19","guid":{"rendered":"https:\/\/grillandmore.lv\/shop\/?post_type=product&#038;p=2892"},"modified":"2023-11-12T15:27:48","modified_gmt":"2023-11-12T13:27:48","slug":"weber-pusdienu-skivis-2-gab-2","status":"publish","type":"product","link":"https:\/\/grillandmore.lv\/shop\/products\/weber-pusdienu-skivis-2-gab-2\/","title":{"rendered":"Weber pusdienu \u0161\u0137\u012bvis \/ 2 gab"},"content":{"rendered":"<p>Augstas kvalit\u0101tes materi\u0101ls.<br \/>\nWeber galda piederumi ir ra\u017eoti V\u0101cij\u0101. Kvalit\u0101tes un iztur\u012bbas z\u012bme vis\u0101 pasaul\u0113. Cietais porcel\u0101ns tiek cepts temperat\u016br\u0101, kas p\u0101rsniedz 1420 gr\u0101dus p\u0113c Celsija, un t\u0101p\u0113c tam ir t\u0101das \u012bpa\u0161\u012bbas k\u0101 sp\u0113c\u012bga siltuma saglab\u0101\u0161anas sp\u0113ja un iztur\u012bba pret skr\u0101p\u0113jumiem.<\/p>\n<p>Diametrs: 20cm<br \/>\nMateri\u0101ls: cietais porcel\u0101ns<br \/>\nDaudzums: 2<br \/>\nKop\u0161ana: var mazg\u0101t trauku mazg\u0101jam\u0101 ma\u0161\u012bn\u0101<br \/>\nIztur\u012bga, cieta virsma<br \/>\nIlg\u0101k saglab\u0101 temperat\u016bru<\/p>\n","protected":false},"excerpt":{"rendered":"<p style=\"text-align: justify;\">Palutiniet savus viesus ar gril\u0113tiem desertiem, p\u0101rliecinoties, ka pasnieg\u0161ana atbilst gar\u0161ai! Stil\u012bgais 20\u00a0centimetru deserta \u0161\u0137\u012bvis, kas paredz\u0113ts siltuma saglab\u0101\u0161anai, uztur\u0113s j\u016bsu \u0113dienu siltu ilg\u0101ku laiku, un iztur\u012bgais, cietais porcel\u0101ns padara to lieliski piem\u0113rotu lieto\u0161anai \u0101rpus telp\u0101m. Komplekt\u0101 divi.<\/p>\n","protected":false},"featured_media":2893,"comment_status":"open","ping_status":"closed","template":"","meta":[],"pwb-brand":[133],"product_brand":[],"product_cat":[128,150],"product_tag":[],"class_list":{"0":"post-2892","1":"product","2":"type-product","3":"status-publish","4":"has-post-thumbnail","6":"pwb-brand-weber","7":"product_cat-piederumi","8":"product_cat-trauki","9":"product_shipping_class-paku-skapis","11":"first","12":"onbackorder","13":"taxable","14":"shipping-taxable","15":"purchasable","16":"product-type-simple"},"brands":[{"id":133,"name":"Weber","slug":"weber"}],"_links":{"self":[{"href":"https:\/\/grillandmore.lv\/shop\/wp-json\/wp\/v2\/product\/2892","targetHints":{"allow":["GET"]}}],"collection":[{"href":"https:\/\/grillandmore.lv\/shop\/wp-json\/wp\/v2\/product"}],"about":[{"href":"https:\/\/grillandmore.lv\/shop\/wp-json\/wp\/v2\/types\/product"}],"replies":[{"embeddable":true,"href":"https:\/\/grillandmore.lv\/shop\/wp-json\/wp\/v2\/comments?post=2892"}],"version-history":[{"count":1,"href":"https:\/\/grillandmore.lv\/shop\/wp-json\/wp\/v2\/product\/2892\/revisions"}],"predecessor-version":[{"id":6487,"href":"https:\/\/grillandmore.lv\/shop\/wp-json\/wp\/v2\/product\/2892\/revisions\/6487"}],"wp:featuredmedia":[{"embeddable":true,"href":"https:\/\/grillandmore.lv\/shop\/wp-json\/wp\/v2\/media\/2893"}],"wp:attachment":[{"href":"https:\/\/grillandmore.lv\/shop\/wp-json\/wp\/v2\/media?parent=2892"}],"wp:term":[{"taxonomy":"pwb-brand","embeddable":true,"href":"https:\/\/grillandmore.lv\/shop\/wp-json\/wp\/v2\/pwb-brand?post=2892"},{"taxonomy":"product_brand","embeddable":true,"href":"https:\/\/grillandmore.lv\/shop\/wp-json\/wp\/v2\/product_brand?post=2892"},{"taxonomy":"product_cat","embeddable":true,"href":"https:\/\/grillandmore.lv\/shop\/wp-json\/wp\/v2\/product_cat?post=2892"},{"taxonomy":"product_tag","embeddable":true,"href":"https:\/\/grillandmore.lv\/shop\/wp-json\/wp\/v2\/product_tag?post=2892"}],"curies":[{"name":"wp","href":"https:\/\/api.w.org\/{rel}","templated":true}]}}