{"id":2900,"date":"2023-03-17T08:09:30","date_gmt":"2023-03-17T06:09:30","guid":{"rendered":"https:\/\/grillandmore.lv\/shop\/?post_type=product&#038;p=2900"},"modified":"2023-11-12T15:27:27","modified_gmt":"2023-11-12T13:27:27","slug":"weber-keramiska-panna","status":"publish","type":"product","link":"https:\/\/grillandmore.lv\/shop\/products\/weber-keramiska-panna\/","title":{"rendered":"Weber keramisk\u0101 panna"},"content":{"rendered":"<p>Izm\u0113ri: 47 cm x 4,4 cm x 28 cm<br \/>\nMateri\u0101ls: keramika<br \/>\nKop\u0161ana: var mazg\u0101t trauku mazg\u0101jam\u0101 ma\u0161\u012bn\u0101<br \/>\nLieliski piem\u0113rots gril\u0113\u0161anai un \u0113dienu, piem\u0113ram, zivju, ga\u013cas un d\u0101rze\u0146u, pasnieg\u0161anai, ar tekstur\u0113tu dibenu apdedzin\u0101\u0161anai<br \/>\nParedz\u0113ts m\u0113r\u010du un sulu izlie\u0161anai bez iz\u0161\u013cakst\u012b\u0161an\u0101s<br \/>\nDro\u0161s trauku mazg\u0101jamaj\u0101 ma\u0161\u012bn\u0101, skr\u0101p\u0113jumiem iztur\u012bga keramika<\/p>\n","protected":false},"excerpt":{"rendered":"<p style=\"text-align: justify;\">Keramikas grila panna ir lieliski piem\u0113rota t\u0101du \u0113dienu k\u0101 zivju, ga\u013cas, d\u0101rze\u0146u un maz\u0101ku p\u0101rtikas produktu, kas cit\u0101di izkristu caur rest\u0113m, gril\u0113\u0161anai un pasnieg\u0161anai. Pannas tekstur\u0113t\u0101 apak\u0161da\u013ca ir lieliski piem\u0113rota, lai steikam pievienotu apdeguma z\u012bmes.<\/p>\n","protected":false},"featured_media":2899,"comment_status":"open","ping_status":"closed","template":"","meta":[],"pwb-brand":[133],"product_brand":[],"product_cat":[154,128],"product_tag":[],"class_list":{"0":"post-2900","1":"product","2":"type-product","3":"status-publish","4":"has-post-thumbnail","6":"pwb-brand-weber","7":"product_cat-pannas","8":"product_cat-piederumi","9":"product_shipping_class-paku-skapis","11":"first","12":"onbackorder","13":"taxable","14":"shipping-taxable","15":"purchasable","16":"product-type-simple"},"brands":[{"id":133,"name":"Weber","slug":"weber"}],"_links":{"self":[{"href":"https:\/\/grillandmore.lv\/shop\/wp-json\/wp\/v2\/product\/2900","targetHints":{"allow":["GET"]}}],"collection":[{"href":"https:\/\/grillandmore.lv\/shop\/wp-json\/wp\/v2\/product"}],"about":[{"href":"https:\/\/grillandmore.lv\/shop\/wp-json\/wp\/v2\/types\/product"}],"replies":[{"embeddable":true,"href":"https:\/\/grillandmore.lv\/shop\/wp-json\/wp\/v2\/comments?post=2900"}],"version-history":[{"count":1,"href":"https:\/\/grillandmore.lv\/shop\/wp-json\/wp\/v2\/product\/2900\/revisions"}],"predecessor-version":[{"id":6484,"href":"https:\/\/grillandmore.lv\/shop\/wp-json\/wp\/v2\/product\/2900\/revisions\/6484"}],"wp:featuredmedia":[{"embeddable":true,"href":"https:\/\/grillandmore.lv\/shop\/wp-json\/wp\/v2\/media\/2899"}],"wp:attachment":[{"href":"https:\/\/grillandmore.lv\/shop\/wp-json\/wp\/v2\/media?parent=2900"}],"wp:term":[{"taxonomy":"pwb-brand","embeddable":true,"href":"https:\/\/grillandmore.lv\/shop\/wp-json\/wp\/v2\/pwb-brand?post=2900"},{"taxonomy":"product_brand","embeddable":true,"href":"https:\/\/grillandmore.lv\/shop\/wp-json\/wp\/v2\/product_brand?post=2900"},{"taxonomy":"product_cat","embeddable":true,"href":"https:\/\/grillandmore.lv\/shop\/wp-json\/wp\/v2\/product_cat?post=2900"},{"taxonomy":"product_tag","embeddable":true,"href":"https:\/\/grillandmore.lv\/shop\/wp-json\/wp\/v2\/product_tag?post=2900"}],"curies":[{"name":"wp","href":"https:\/\/api.w.org\/{rel}","templated":true}]}}