{"id":2901,"date":"2023-03-17T08:16:09","date_gmt":"2023-03-17T06:16:09","guid":{"rendered":"https:\/\/grillandmore.lv\/shop\/?post_type=product&#038;p=2901"},"modified":"2023-11-12T15:27:06","modified_gmt":"2023-11-12T13:27:06","slug":"weber-keramiska-panna-2","status":"publish","type":"product","link":"https:\/\/grillandmore.lv\/shop\/products\/weber-keramiska-panna-2\/","title":{"rendered":"Weber keramisk\u0101 panna"},"content":{"rendered":"<p>Izm\u0113rs: 39 x 31 cm<\/p>\n","protected":false},"excerpt":{"rendered":"<p>Cepiet pank\u016bkas, gatavojiet ga\u013cu vai cepiet olas priek\u0161 brokast\u012bm. Glud\u0101 virsma nodro\u0161ina, ka \u0113diens cepot nel\u012bp kl\u0101t pie papl\u0101tes. \u0112rti var noliet taukus.<\/p>\n","protected":false},"featured_media":2902,"comment_status":"open","ping_status":"closed","template":"","meta":[],"pwb-brand":[133],"product_brand":[],"product_cat":[154,128],"product_tag":[],"class_list":{"0":"post-2901","1":"product","2":"type-product","3":"status-publish","4":"has-post-thumbnail","6":"pwb-brand-weber","7":"product_cat-pannas","8":"product_cat-piederumi","9":"product_shipping_class-paku-skapis","11":"first","12":"onbackorder","13":"taxable","14":"shipping-taxable","15":"purchasable","16":"product-type-simple"},"brands":[{"id":133,"name":"Weber","slug":"weber"}],"_links":{"self":[{"href":"https:\/\/grillandmore.lv\/shop\/wp-json\/wp\/v2\/product\/2901","targetHints":{"allow":["GET"]}}],"collection":[{"href":"https:\/\/grillandmore.lv\/shop\/wp-json\/wp\/v2\/product"}],"about":[{"href":"https:\/\/grillandmore.lv\/shop\/wp-json\/wp\/v2\/types\/product"}],"replies":[{"embeddable":true,"href":"https:\/\/grillandmore.lv\/shop\/wp-json\/wp\/v2\/comments?post=2901"}],"version-history":[{"count":1,"href":"https:\/\/grillandmore.lv\/shop\/wp-json\/wp\/v2\/product\/2901\/revisions"}],"predecessor-version":[{"id":6483,"href":"https:\/\/grillandmore.lv\/shop\/wp-json\/wp\/v2\/product\/2901\/revisions\/6483"}],"wp:featuredmedia":[{"embeddable":true,"href":"https:\/\/grillandmore.lv\/shop\/wp-json\/wp\/v2\/media\/2902"}],"wp:attachment":[{"href":"https:\/\/grillandmore.lv\/shop\/wp-json\/wp\/v2\/media?parent=2901"}],"wp:term":[{"taxonomy":"pwb-brand","embeddable":true,"href":"https:\/\/grillandmore.lv\/shop\/wp-json\/wp\/v2\/pwb-brand?post=2901"},{"taxonomy":"product_brand","embeddable":true,"href":"https:\/\/grillandmore.lv\/shop\/wp-json\/wp\/v2\/product_brand?post=2901"},{"taxonomy":"product_cat","embeddable":true,"href":"https:\/\/grillandmore.lv\/shop\/wp-json\/wp\/v2\/product_cat?post=2901"},{"taxonomy":"product_tag","embeddable":true,"href":"https:\/\/grillandmore.lv\/shop\/wp-json\/wp\/v2\/product_tag?post=2901"}],"curies":[{"name":"wp","href":"https:\/\/api.w.org\/{rel}","templated":true}]}}