{"id":2903,"date":"2023-03-17T08:21:25","date_gmt":"2023-03-17T06:21:25","guid":{"rendered":"https:\/\/grillandmore.lv\/shop\/?post_type=product&#038;p=2903"},"modified":"2023-11-12T15:27:00","modified_gmt":"2023-11-12T13:27:00","slug":"weber-piragu-panna","status":"publish","type":"product","link":"https:\/\/grillandmore.lv\/shop\/products\/weber-piragu-panna\/","title":{"rendered":"Weber p\u012br\u0101gu panna"},"content":{"rendered":"<p>Diametrs: 30cm<br \/>\nMateri\u0101ls: keramika<br \/>\nKop\u0161ana: var mazg\u0101t trauku mazg\u0101jam\u0101 ma\u0161\u012bn\u0101<br \/>\nParedz\u0113ts p\u012br\u0101gu, p\u012br\u0101gu un desertu cep\u0161anai<br \/>\nLielie rokturi atvieglo transport\u0113\u0161anu no b\u0101rbekj\u016b uz virtuvi<br \/>\nDro\u0161s trauku mazg\u0101jamaj\u0101 ma\u0161\u012bn\u0101, skr\u0101p\u0113jumiem iztur\u012bga keramika<\/p>\n","protected":false},"excerpt":{"rendered":"<p>Paredz\u0113ts p\u012br\u0101gu, p\u012br\u0101gu un desertu cep\u0161anai uz grila. Glud\u0101 virsma ne\u013cauj garozai pielipt pie keramikas, un lielais rokturis padara transport\u0113\u0161anu no b\u0101rbekj\u016b uz virtuvi vieglu un \u0113rtu.<\/p>\n","protected":false},"featured_media":2904,"comment_status":"open","ping_status":"closed","template":"","meta":[],"pwb-brand":[133],"product_brand":[],"product_cat":[154,128],"product_tag":[],"class_list":{"0":"post-2903","1":"product","2":"type-product","3":"status-publish","4":"has-post-thumbnail","6":"pwb-brand-weber","7":"product_cat-pannas","8":"product_cat-piederumi","9":"product_shipping_class-paku-skapis","11":"first","12":"onbackorder","13":"taxable","14":"shipping-taxable","15":"purchasable","16":"product-type-simple"},"brands":[{"id":133,"name":"Weber","slug":"weber"}],"_links":{"self":[{"href":"https:\/\/grillandmore.lv\/shop\/wp-json\/wp\/v2\/product\/2903","targetHints":{"allow":["GET"]}}],"collection":[{"href":"https:\/\/grillandmore.lv\/shop\/wp-json\/wp\/v2\/product"}],"about":[{"href":"https:\/\/grillandmore.lv\/shop\/wp-json\/wp\/v2\/types\/product"}],"replies":[{"embeddable":true,"href":"https:\/\/grillandmore.lv\/shop\/wp-json\/wp\/v2\/comments?post=2903"}],"version-history":[{"count":1,"href":"https:\/\/grillandmore.lv\/shop\/wp-json\/wp\/v2\/product\/2903\/revisions"}],"predecessor-version":[{"id":6482,"href":"https:\/\/grillandmore.lv\/shop\/wp-json\/wp\/v2\/product\/2903\/revisions\/6482"}],"wp:featuredmedia":[{"embeddable":true,"href":"https:\/\/grillandmore.lv\/shop\/wp-json\/wp\/v2\/media\/2904"}],"wp:attachment":[{"href":"https:\/\/grillandmore.lv\/shop\/wp-json\/wp\/v2\/media?parent=2903"}],"wp:term":[{"taxonomy":"pwb-brand","embeddable":true,"href":"https:\/\/grillandmore.lv\/shop\/wp-json\/wp\/v2\/pwb-brand?post=2903"},{"taxonomy":"product_brand","embeddable":true,"href":"https:\/\/grillandmore.lv\/shop\/wp-json\/wp\/v2\/product_brand?post=2903"},{"taxonomy":"product_cat","embeddable":true,"href":"https:\/\/grillandmore.lv\/shop\/wp-json\/wp\/v2\/product_cat?post=2903"},{"taxonomy":"product_tag","embeddable":true,"href":"https:\/\/grillandmore.lv\/shop\/wp-json\/wp\/v2\/product_tag?post=2903"}],"curies":[{"name":"wp","href":"https:\/\/api.w.org\/{rel}","templated":true}]}}