{"id":2908,"date":"2023-03-17T08:30:49","date_gmt":"2023-03-17T06:30:49","guid":{"rendered":"https:\/\/grillandmore.lv\/shop\/?post_type=product&#038;p=2908"},"modified":"2023-11-12T15:26:45","modified_gmt":"2023-11-12T13:26:45","slug":"weber-bambusa-iesmi","status":"publish","type":"product","link":"https:\/\/grillandmore.lv\/shop\/products\/weber-bambusa-iesmi\/","title":{"rendered":"Weber bambusa iesmi"},"content":{"rendered":"<p>Garums 25\u00a0cm<br \/>\nKomplekt\u0101 25 vienreiz\u0113jie bambusa iesmi<\/p>\n","protected":false},"excerpt":{"rendered":"<p style=\"text-align: justify;\">Izveidojiet unik\u0101lu kebabu, kas piepild\u012bts ar smalk\u0101m garnel\u0113m, anan\u0101siem un pipariem. \u013baujiet va\u013cu savai izt\u0113lei un gril\u0113\u0161anas iesp\u0113j\u0101m, izmantojot \u0161os vienreiz\u0113j\u0101s lieto\u0161anas bambusa iesmus.<\/p>\n","protected":false},"featured_media":2909,"comment_status":"open","ping_status":"closed","template":"","meta":[],"pwb-brand":[133],"product_brand":[],"product_cat":[155,128],"product_tag":[],"class_list":{"0":"post-2908","1":"product","2":"type-product","3":"status-publish","4":"has-post-thumbnail","6":"pwb-brand-weber","7":"product_cat-iesmi","8":"product_cat-piederumi","9":"product_shipping_class-paku-skapis","11":"first","12":"onbackorder","13":"taxable","14":"shipping-taxable","15":"purchasable","16":"product-type-simple"},"brands":[{"id":133,"name":"Weber","slug":"weber"}],"_links":{"self":[{"href":"https:\/\/grillandmore.lv\/shop\/wp-json\/wp\/v2\/product\/2908","targetHints":{"allow":["GET"]}}],"collection":[{"href":"https:\/\/grillandmore.lv\/shop\/wp-json\/wp\/v2\/product"}],"about":[{"href":"https:\/\/grillandmore.lv\/shop\/wp-json\/wp\/v2\/types\/product"}],"replies":[{"embeddable":true,"href":"https:\/\/grillandmore.lv\/shop\/wp-json\/wp\/v2\/comments?post=2908"}],"version-history":[{"count":1,"href":"https:\/\/grillandmore.lv\/shop\/wp-json\/wp\/v2\/product\/2908\/revisions"}],"predecessor-version":[{"id":6480,"href":"https:\/\/grillandmore.lv\/shop\/wp-json\/wp\/v2\/product\/2908\/revisions\/6480"}],"wp:featuredmedia":[{"embeddable":true,"href":"https:\/\/grillandmore.lv\/shop\/wp-json\/wp\/v2\/media\/2909"}],"wp:attachment":[{"href":"https:\/\/grillandmore.lv\/shop\/wp-json\/wp\/v2\/media?parent=2908"}],"wp:term":[{"taxonomy":"pwb-brand","embeddable":true,"href":"https:\/\/grillandmore.lv\/shop\/wp-json\/wp\/v2\/pwb-brand?post=2908"},{"taxonomy":"product_brand","embeddable":true,"href":"https:\/\/grillandmore.lv\/shop\/wp-json\/wp\/v2\/product_brand?post=2908"},{"taxonomy":"product_cat","embeddable":true,"href":"https:\/\/grillandmore.lv\/shop\/wp-json\/wp\/v2\/product_cat?post=2908"},{"taxonomy":"product_tag","embeddable":true,"href":"https:\/\/grillandmore.lv\/shop\/wp-json\/wp\/v2\/product_tag?post=2908"}],"curies":[{"name":"wp","href":"https:\/\/api.w.org\/{rel}","templated":true}]}}