{"id":2912,"date":"2023-03-17T08:39:18","date_gmt":"2023-03-17T06:39:18","guid":{"rendered":"https:\/\/grillandmore.lv\/shop\/?post_type=product&#038;p=2912"},"modified":"2023-11-12T15:26:29","modified_gmt":"2023-11-12T13:26:29","slug":"weber-picas-akmens-26cm","status":"publish","type":"product","link":"https:\/\/grillandmore.lv\/shop\/products\/weber-picas-akmens-26cm\/","title":{"rendered":"Weber picas akmens \/ 26cm"},"content":{"rendered":"<p>\u2022 Glaz\u0113ta apdare ne\u013cauj \u0113dienam pielipt un atvieglo t\u012br\u012b\u0161anu<br \/>\n\u2022 Pal\u012bdz izveidot vieglu, krauk\u0161\u0137\u012bgu picas garozu, cepumus un daudz ko citu<br \/>\n\u2022 Kordier\u012bta materi\u0101ls efekt\u012bvi absorb\u0113 un vienm\u0113r\u012bgi sadala siltumu<\/p>\n<p>Materi\u0101ls: stiklots kordier\u012bts<br \/>\nKop\u0161ana: mazg\u0101\u0161ana ar rok\u0101m<br \/>\nDer: visi WEBER grili &#8211; ar\u012b WEBER Q 100\/1000 un SMOKEY JOE<br \/>\nKordier\u012bta cep\u0161anas akmens, kas \u0101tri uzs\u016bc un izdala siltumu<br \/>\nPacie\u0161 temperat\u016bru l\u012bdz 315\u00b0C<\/p>\n","protected":false},"excerpt":{"rendered":"<p>Sapulc\u0113jiet \u0123imeni un ieejiet sav\u0101 priv\u0101taj\u0101 pic\u0113rij\u0101 pagalm\u0101. Glaz\u0113tais cepamo akmens k\u013c\u016bst \u0101rk\u0101rt\u012bgi karsts, un t\u0101d\u0113j\u0101di tiek nodro\u0161in\u0101ta neatvair\u0101ma, neaizst\u0101jama garoza, kas mums visiem pat\u012bk un ir saist\u012bta ar It\u0101lijas gar\u0161u.<\/p>\n","protected":false},"featured_media":2913,"comment_status":"open","ping_status":"closed","template":"","meta":[],"pwb-brand":[133],"product_brand":[],"product_cat":[151,128],"product_tag":[],"class_list":{"0":"post-2912","1":"product","2":"type-product","3":"status-publish","4":"has-post-thumbnail","6":"pwb-brand-weber","7":"product_cat-picai","8":"product_cat-piederumi","9":"product_shipping_class-paku-skapis","11":"first","12":"onbackorder","13":"taxable","14":"shipping-taxable","15":"purchasable","16":"product-type-simple"},"brands":[{"id":133,"name":"Weber","slug":"weber"}],"_links":{"self":[{"href":"https:\/\/grillandmore.lv\/shop\/wp-json\/wp\/v2\/product\/2912","targetHints":{"allow":["GET"]}}],"collection":[{"href":"https:\/\/grillandmore.lv\/shop\/wp-json\/wp\/v2\/product"}],"about":[{"href":"https:\/\/grillandmore.lv\/shop\/wp-json\/wp\/v2\/types\/product"}],"replies":[{"embeddable":true,"href":"https:\/\/grillandmore.lv\/shop\/wp-json\/wp\/v2\/comments?post=2912"}],"version-history":[{"count":1,"href":"https:\/\/grillandmore.lv\/shop\/wp-json\/wp\/v2\/product\/2912\/revisions"}],"predecessor-version":[{"id":6478,"href":"https:\/\/grillandmore.lv\/shop\/wp-json\/wp\/v2\/product\/2912\/revisions\/6478"}],"wp:featuredmedia":[{"embeddable":true,"href":"https:\/\/grillandmore.lv\/shop\/wp-json\/wp\/v2\/media\/2913"}],"wp:attachment":[{"href":"https:\/\/grillandmore.lv\/shop\/wp-json\/wp\/v2\/media?parent=2912"}],"wp:term":[{"taxonomy":"pwb-brand","embeddable":true,"href":"https:\/\/grillandmore.lv\/shop\/wp-json\/wp\/v2\/pwb-brand?post=2912"},{"taxonomy":"product_brand","embeddable":true,"href":"https:\/\/grillandmore.lv\/shop\/wp-json\/wp\/v2\/product_brand?post=2912"},{"taxonomy":"product_cat","embeddable":true,"href":"https:\/\/grillandmore.lv\/shop\/wp-json\/wp\/v2\/product_cat?post=2912"},{"taxonomy":"product_tag","embeddable":true,"href":"https:\/\/grillandmore.lv\/shop\/wp-json\/wp\/v2\/product_tag?post=2912"}],"curies":[{"name":"wp","href":"https:\/\/api.w.org\/{rel}","templated":true}]}}