{"id":2914,"date":"2023-03-17T08:44:55","date_gmt":"2023-03-17T06:44:55","guid":{"rendered":"https:\/\/grillandmore.lv\/shop\/?post_type=product&#038;p=2914"},"modified":"2023-11-12T15:26:20","modified_gmt":"2023-11-12T13:26:20","slug":"weber-picas-lapsta","status":"publish","type":"product","link":"https:\/\/grillandmore.lv\/shop\/products\/weber-picas-lapsta\/","title":{"rendered":"Weber picas l\u0101psta"},"content":{"rendered":"<p>Izm\u0113ri: 4,3cm x 31,5cm x 57cm<br \/>\nMateri\u0101ls: ner\u016bs\u0113jo\u0161ais t\u0113rauds<br \/>\nKop\u0161ana: var mazg\u0101t trauku mazg\u0101jam\u0101 ma\u0161\u012bn\u0101<br \/>\nNer\u016bs\u0113jo\u0161\u0101 t\u0113rauda l\u0101psti\u0146a pace\u013c un transport\u0113 picas uz un no grila<br \/>\nRokturis saliekam kompaktai uzglab\u0101\u0161anai<\/p>\n","protected":false},"excerpt":{"rendered":"<p style=\"text-align: justify;\">Apkaisiet nedaudz miltu, izrull\u0113jiet m\u012bklu un p\u0101rlieciet to ar ga\u013cu, d\u0101rze\u0146iem vai visu, ko j\u016bsu kulin\u0101rija v\u0113las. Iztur\u012bgais ner\u016bs\u0113jo\u0161\u0101 t\u0113rauda picas l\u0101psti\u0146\u0161 \u013cauj viegli uzslidin\u0101t m\u012bklu uz picas akmens vai gatavo\u0161anas re\u017e\u0123iem un p\u0113c tam to uzvilkt, kad garoza ir zeltaina un siers izkusis.<\/p>\n","protected":false},"featured_media":2915,"comment_status":"open","ping_status":"closed","template":"","meta":[],"pwb-brand":[133],"product_brand":[],"product_cat":[151,128],"product_tag":[],"class_list":{"0":"post-2914","1":"product","2":"type-product","3":"status-publish","4":"has-post-thumbnail","6":"pwb-brand-weber","7":"product_cat-picai","8":"product_cat-piederumi","9":"product_shipping_class-paku-skapis","11":"first","12":"onbackorder","13":"taxable","14":"shipping-taxable","15":"purchasable","16":"product-type-simple"},"brands":[{"id":133,"name":"Weber","slug":"weber"}],"_links":{"self":[{"href":"https:\/\/grillandmore.lv\/shop\/wp-json\/wp\/v2\/product\/2914","targetHints":{"allow":["GET"]}}],"collection":[{"href":"https:\/\/grillandmore.lv\/shop\/wp-json\/wp\/v2\/product"}],"about":[{"href":"https:\/\/grillandmore.lv\/shop\/wp-json\/wp\/v2\/types\/product"}],"replies":[{"embeddable":true,"href":"https:\/\/grillandmore.lv\/shop\/wp-json\/wp\/v2\/comments?post=2914"}],"version-history":[{"count":1,"href":"https:\/\/grillandmore.lv\/shop\/wp-json\/wp\/v2\/product\/2914\/revisions"}],"predecessor-version":[{"id":6477,"href":"https:\/\/grillandmore.lv\/shop\/wp-json\/wp\/v2\/product\/2914\/revisions\/6477"}],"wp:featuredmedia":[{"embeddable":true,"href":"https:\/\/grillandmore.lv\/shop\/wp-json\/wp\/v2\/media\/2915"}],"wp:attachment":[{"href":"https:\/\/grillandmore.lv\/shop\/wp-json\/wp\/v2\/media?parent=2914"}],"wp:term":[{"taxonomy":"pwb-brand","embeddable":true,"href":"https:\/\/grillandmore.lv\/shop\/wp-json\/wp\/v2\/pwb-brand?post=2914"},{"taxonomy":"product_brand","embeddable":true,"href":"https:\/\/grillandmore.lv\/shop\/wp-json\/wp\/v2\/product_brand?post=2914"},{"taxonomy":"product_cat","embeddable":true,"href":"https:\/\/grillandmore.lv\/shop\/wp-json\/wp\/v2\/product_cat?post=2914"},{"taxonomy":"product_tag","embeddable":true,"href":"https:\/\/grillandmore.lv\/shop\/wp-json\/wp\/v2\/product_tag?post=2914"}],"curies":[{"name":"wp","href":"https:\/\/api.w.org\/{rel}","templated":true}]}}