{"id":2916,"date":"2023-03-17T08:48:33","date_gmt":"2023-03-17T06:48:33","guid":{"rendered":"https:\/\/grillandmore.lv\/shop\/?post_type=product&#038;p=2916"},"modified":"2023-11-12T15:25:54","modified_gmt":"2023-11-12T13:25:54","slug":"weber-picas-griezejs","status":"publish","type":"product","link":"https:\/\/grillandmore.lv\/shop\/products\/weber-picas-griezejs\/","title":{"rendered":"Weber picas griez\u0113js"},"content":{"rendered":"<p>Izm\u0113ri: 3,3 cm A x 11 cm x 24 cm<br \/>\nKop\u0161ana: var mazg\u0101t trauku mazg\u0101jam\u0101 ma\u0161\u012bn\u0101<br \/>\n\u012apa\u0161i augsts ritenis viegli p\u0101rgrie\u017e biezas un pl\u0101nas picas ar garozu<br \/>\nNesl\u012bdo\u0161s rokturis \u0113rtai lieto\u0161anai<\/p>\n","protected":false},"excerpt":{"rendered":"<p>Picas griez\u0113jam ir \u012bpa\u0161i augsts ritenis, lai viegli izgrieztu biezas un pl\u0101nas picas, neradot jucekli j\u016bsu \u0161edevr\u0101.<\/p>\n","protected":false},"featured_media":2917,"comment_status":"open","ping_status":"closed","template":"","meta":[],"pwb-brand":[133],"product_brand":[],"product_cat":[151,128],"product_tag":[],"class_list":{"0":"post-2916","1":"product","2":"type-product","3":"status-publish","4":"has-post-thumbnail","6":"pwb-brand-weber","7":"product_cat-picai","8":"product_cat-piederumi","9":"product_shipping_class-paku-skapis","11":"first","12":"onbackorder","13":"taxable","14":"shipping-taxable","15":"purchasable","16":"product-type-simple"},"brands":[{"id":133,"name":"Weber","slug":"weber"}],"_links":{"self":[{"href":"https:\/\/grillandmore.lv\/shop\/wp-json\/wp\/v2\/product\/2916","targetHints":{"allow":["GET"]}}],"collection":[{"href":"https:\/\/grillandmore.lv\/shop\/wp-json\/wp\/v2\/product"}],"about":[{"href":"https:\/\/grillandmore.lv\/shop\/wp-json\/wp\/v2\/types\/product"}],"replies":[{"embeddable":true,"href":"https:\/\/grillandmore.lv\/shop\/wp-json\/wp\/v2\/comments?post=2916"}],"version-history":[{"count":1,"href":"https:\/\/grillandmore.lv\/shop\/wp-json\/wp\/v2\/product\/2916\/revisions"}],"predecessor-version":[{"id":6476,"href":"https:\/\/grillandmore.lv\/shop\/wp-json\/wp\/v2\/product\/2916\/revisions\/6476"}],"wp:featuredmedia":[{"embeddable":true,"href":"https:\/\/grillandmore.lv\/shop\/wp-json\/wp\/v2\/media\/2917"}],"wp:attachment":[{"href":"https:\/\/grillandmore.lv\/shop\/wp-json\/wp\/v2\/media?parent=2916"}],"wp:term":[{"taxonomy":"pwb-brand","embeddable":true,"href":"https:\/\/grillandmore.lv\/shop\/wp-json\/wp\/v2\/pwb-brand?post=2916"},{"taxonomy":"product_brand","embeddable":true,"href":"https:\/\/grillandmore.lv\/shop\/wp-json\/wp\/v2\/product_brand?post=2916"},{"taxonomy":"product_cat","embeddable":true,"href":"https:\/\/grillandmore.lv\/shop\/wp-json\/wp\/v2\/product_cat?post=2916"},{"taxonomy":"product_tag","embeddable":true,"href":"https:\/\/grillandmore.lv\/shop\/wp-json\/wp\/v2\/product_tag?post=2916"}],"curies":[{"name":"wp","href":"https:\/\/api.w.org\/{rel}","templated":true}]}}