{"id":2919,"date":"2023-03-17T08:54:19","date_gmt":"2023-03-17T06:54:19","guid":{"rendered":"https:\/\/grillandmore.lv\/shop\/?post_type=product&#038;p=2919"},"modified":"2023-11-12T15:30:40","modified_gmt":"2023-11-12T13:30:40","slug":"weber-bucher-paper","status":"publish","type":"product","link":"https:\/\/grillandmore.lv\/shop\/products\/weber-bucher-paper\/","title":{"rendered":"Weber Bucher paper"},"content":{"rendered":"<ul>\n<li style=\"font-weight: 300;\">P\u0101rtikas ga\u013cas pap\u012brs ar p\u0101rtikas dro\u0161u apdruku.<\/li>\n<li style=\"font-weight: 300;\">Piem\u0113rots lieto\u0161anai kop\u0101 ar p\u0101rtiku<\/li>\n<li style=\"font-weight: 300;\">Nevaskots, bez p\u0101rkl\u0101juma, nebalin\u0101ts, nekait\u012bgs p\u0101rtikai<\/li>\n<li style=\"font-weight: 300;\">Izgatavots no 100% dab\u012bgas celulozes<\/li>\n<li style=\"font-weight: 300;\">Izmantojiet, sm\u0113\u0137\u0113jot ga\u013cu, pasniedzot \u0113dienu vai pat iesai\u0146ojot d\u0101vanas<\/li>\n<li style=\"font-weight: 300;\">45,72 cm x 47,85 m<\/li>\n<\/ul>\n","protected":false},"excerpt":{"rendered":"<p style=\"text-align: justify;\">Pasniedziet sul\u012bgu, gar\u0161\u012bgu ga\u013cu ar perfektu garozu, iesai\u0146ojot to Weber Butcher Paper. Ga\u013cas iesai\u0146o\u0161ana ga\u013cas pap\u012br\u0101 l\u0113nas v\u0101r\u012b\u0161anas beigu posm\u0101 uz l\u0113nas uguns pal\u012bdz\u0113s saglab\u0101t mitrumu. Weber Butcher Paper ir apdruk\u0101ts ar Weber Kettle logotipiem.<\/p>\n","protected":false},"featured_media":2918,"comment_status":"open","ping_status":"closed","template":"","meta":[],"pwb-brand":[133],"product_brand":[],"product_cat":[156,128],"product_tag":[],"class_list":{"0":"post-2919","1":"product","2":"type-product","3":"status-publish","4":"has-post-thumbnail","6":"pwb-brand-weber","7":"product_cat-papirs","8":"product_cat-piederumi","9":"product_shipping_class-paku-skapis","11":"first","12":"onbackorder","13":"taxable","14":"shipping-taxable","15":"purchasable","16":"product-type-simple"},"brands":[{"id":133,"name":"Weber","slug":"weber"}],"_links":{"self":[{"href":"https:\/\/grillandmore.lv\/shop\/wp-json\/wp\/v2\/product\/2919","targetHints":{"allow":["GET"]}}],"collection":[{"href":"https:\/\/grillandmore.lv\/shop\/wp-json\/wp\/v2\/product"}],"about":[{"href":"https:\/\/grillandmore.lv\/shop\/wp-json\/wp\/v2\/types\/product"}],"replies":[{"embeddable":true,"href":"https:\/\/grillandmore.lv\/shop\/wp-json\/wp\/v2\/comments?post=2919"}],"version-history":[{"count":1,"href":"https:\/\/grillandmore.lv\/shop\/wp-json\/wp\/v2\/product\/2919\/revisions"}],"predecessor-version":[{"id":6475,"href":"https:\/\/grillandmore.lv\/shop\/wp-json\/wp\/v2\/product\/2919\/revisions\/6475"}],"wp:featuredmedia":[{"embeddable":true,"href":"https:\/\/grillandmore.lv\/shop\/wp-json\/wp\/v2\/media\/2918"}],"wp:attachment":[{"href":"https:\/\/grillandmore.lv\/shop\/wp-json\/wp\/v2\/media?parent=2919"}],"wp:term":[{"taxonomy":"pwb-brand","embeddable":true,"href":"https:\/\/grillandmore.lv\/shop\/wp-json\/wp\/v2\/pwb-brand?post=2919"},{"taxonomy":"product_brand","embeddable":true,"href":"https:\/\/grillandmore.lv\/shop\/wp-json\/wp\/v2\/product_brand?post=2919"},{"taxonomy":"product_cat","embeddable":true,"href":"https:\/\/grillandmore.lv\/shop\/wp-json\/wp\/v2\/product_cat?post=2919"},{"taxonomy":"product_tag","embeddable":true,"href":"https:\/\/grillandmore.lv\/shop\/wp-json\/wp\/v2\/product_tag?post=2919"}],"curies":[{"name":"wp","href":"https:\/\/api.w.org\/{rel}","templated":true}]}}