{"id":2923,"date":"2023-03-17T09:08:21","date_gmt":"2023-03-17T07:08:21","guid":{"rendered":"https:\/\/grillandmore.lv\/shop\/?post_type=product&#038;p=2923"},"modified":"2023-11-12T15:31:33","modified_gmt":"2023-11-12T13:31:33","slug":"weber-plauks-ribam","status":"publish","type":"product","link":"https:\/\/grillandmore.lv\/shop\/products\/weber-plauks-ribam\/","title":{"rendered":"Weber plauks rib\u0101m"},"content":{"rendered":"<p>Izm\u0113ri: 8,9 cm\u00a0 x 20,5 cm x 33,5 cm Kop\u0161ana: var mazg\u0101t trauku mazg\u0101jam\u0101 ma\u0161\u012bn\u0101<br \/>\nDer: Weber\u00ae Q 200\/2000 un liel\u0101kiem g\u0101zes griliem, k\u0101 ar\u012b 47 cm un liel\u0101kiem kokog\u013cu griliem<br \/>\nIetilpst l\u012bdz 5 ribu plauktiem, palielinot grila ietilp\u012bbu<\/p>\n","protected":false},"excerpt":{"rendered":"<p style=\"text-align: justify;\">Maiga ribu ga\u013ca, kas kr\u012bt nost no kaula, tikai gaida, kad to sadal\u012bs. J\u016bsu \u0123imenes sejas izteiksme, kad pazi\u0146ojat, ka ribi\u0146as ir paredz\u0113tas vakari\u0146\u0101m. Rib Rack satur vair\u0101kus ribu plauktus, lai palielin\u0101tu grila ietilp\u012bbu, lai neviens negaid\u012btu, kad \u0113st.<\/p>\n","protected":false},"featured_media":2924,"comment_status":"open","ping_status":"closed","template":"","meta":[],"pwb-brand":[133],"product_brand":[],"product_cat":[128,145],"product_tag":[],"class_list":{"0":"post-2923","1":"product","2":"type-product","3":"status-publish","4":"has-post-thumbnail","6":"pwb-brand-weber","7":"product_cat-piederumi","8":"product_cat-plaukti-un-grozi","9":"product_shipping_class-paku-skapis","11":"first","12":"onbackorder","13":"taxable","14":"shipping-taxable","15":"purchasable","16":"product-type-simple"},"brands":[{"id":133,"name":"Weber","slug":"weber"}],"_links":{"self":[{"href":"https:\/\/grillandmore.lv\/shop\/wp-json\/wp\/v2\/product\/2923","targetHints":{"allow":["GET"]}}],"collection":[{"href":"https:\/\/grillandmore.lv\/shop\/wp-json\/wp\/v2\/product"}],"about":[{"href":"https:\/\/grillandmore.lv\/shop\/wp-json\/wp\/v2\/types\/product"}],"replies":[{"embeddable":true,"href":"https:\/\/grillandmore.lv\/shop\/wp-json\/wp\/v2\/comments?post=2923"}],"version-history":[{"count":1,"href":"https:\/\/grillandmore.lv\/shop\/wp-json\/wp\/v2\/product\/2923\/revisions"}],"predecessor-version":[{"id":6473,"href":"https:\/\/grillandmore.lv\/shop\/wp-json\/wp\/v2\/product\/2923\/revisions\/6473"}],"wp:featuredmedia":[{"embeddable":true,"href":"https:\/\/grillandmore.lv\/shop\/wp-json\/wp\/v2\/media\/2924"}],"wp:attachment":[{"href":"https:\/\/grillandmore.lv\/shop\/wp-json\/wp\/v2\/media?parent=2923"}],"wp:term":[{"taxonomy":"pwb-brand","embeddable":true,"href":"https:\/\/grillandmore.lv\/shop\/wp-json\/wp\/v2\/pwb-brand?post=2923"},{"taxonomy":"product_brand","embeddable":true,"href":"https:\/\/grillandmore.lv\/shop\/wp-json\/wp\/v2\/product_brand?post=2923"},{"taxonomy":"product_cat","embeddable":true,"href":"https:\/\/grillandmore.lv\/shop\/wp-json\/wp\/v2\/product_cat?post=2923"},{"taxonomy":"product_tag","embeddable":true,"href":"https:\/\/grillandmore.lv\/shop\/wp-json\/wp\/v2\/product_tag?post=2923"}],"curies":[{"name":"wp","href":"https:\/\/api.w.org\/{rel}","templated":true}]}}