{"id":2926,"date":"2023-03-17T09:12:35","date_gmt":"2023-03-17T07:12:35","guid":{"rendered":"https:\/\/grillandmore.lv\/shop\/?post_type=product&#038;p=2926"},"modified":"2023-11-12T15:31:56","modified_gmt":"2023-11-12T13:31:56","slug":"weber-plaukts-ribam","status":"publish","type":"product","link":"https:\/\/grillandmore.lv\/shop\/products\/weber-plaukts-ribam\/","title":{"rendered":"Weber plaukts rib\u0101m"},"content":{"rendered":"<p>Izm\u0113ri: 11 cm x 26,5 cm x 43,5 cm<br \/>\nKop\u0161ana: var mazg\u0101t trauku mazg\u0101jam\u0101 ma\u0161\u012bn\u0101<br \/>\nDer: Weber\u00ae Q 300\/3000 un liel\u0101ki g\u0101zes b\u0101rbekj\u016b, un 57 cm un liel\u0101ki kokog\u013cu b\u0101rbekj\u016b<br \/>\nDivi vien\u0101 dizains lielu ga\u013cas izcirt\u0146u cep\u0161anai vai gril\u0113\u0161anai l\u012bdz pat pieciem ribu plauktiem<\/p>\n","protected":false},"excerpt":{"rendered":"<p style=\"text-align: justify;\">Maiga ribu ga\u013ca, kas kr\u012bt nost no kaula, tikai gaida, kad to sadal\u012bs. Mut\u0113 laisto\u0161i cepe\u0161i ar gar\u0161\u0101m, kuras var ieg\u016bt tikai no d\u016bmiem zem grila v\u0101ka. Premium gril\u0113\u0161anas plaukta dizains divi vien\u0101 satur vair\u0101kas ribu pl\u0101ksnes, lai palielin\u0101tu vietu uz j\u016bsu gatavo\u0161anas rest\u0113m, un to var izmantot ar\u012b k\u0101 iztur\u012bgu \u0161\u016bpuli sul\u012bgiem cepe\u0161iem.<\/p>\n","protected":false},"featured_media":2927,"comment_status":"open","ping_status":"closed","template":"","meta":[],"pwb-brand":[133],"product_brand":[],"product_cat":[128,145],"product_tag":[],"class_list":{"0":"post-2926","1":"product","2":"type-product","3":"status-publish","4":"has-post-thumbnail","6":"pwb-brand-weber","7":"product_cat-piederumi","8":"product_cat-plaukti-un-grozi","9":"product_shipping_class-paku-skapis","11":"first","12":"onbackorder","13":"taxable","14":"shipping-taxable","15":"purchasable","16":"product-type-simple"},"brands":[{"id":133,"name":"Weber","slug":"weber"}],"_links":{"self":[{"href":"https:\/\/grillandmore.lv\/shop\/wp-json\/wp\/v2\/product\/2926","targetHints":{"allow":["GET"]}}],"collection":[{"href":"https:\/\/grillandmore.lv\/shop\/wp-json\/wp\/v2\/product"}],"about":[{"href":"https:\/\/grillandmore.lv\/shop\/wp-json\/wp\/v2\/types\/product"}],"replies":[{"embeddable":true,"href":"https:\/\/grillandmore.lv\/shop\/wp-json\/wp\/v2\/comments?post=2926"}],"version-history":[{"count":1,"href":"https:\/\/grillandmore.lv\/shop\/wp-json\/wp\/v2\/product\/2926\/revisions"}],"predecessor-version":[{"id":6472,"href":"https:\/\/grillandmore.lv\/shop\/wp-json\/wp\/v2\/product\/2926\/revisions\/6472"}],"wp:featuredmedia":[{"embeddable":true,"href":"https:\/\/grillandmore.lv\/shop\/wp-json\/wp\/v2\/media\/2927"}],"wp:attachment":[{"href":"https:\/\/grillandmore.lv\/shop\/wp-json\/wp\/v2\/media?parent=2926"}],"wp:term":[{"taxonomy":"pwb-brand","embeddable":true,"href":"https:\/\/grillandmore.lv\/shop\/wp-json\/wp\/v2\/pwb-brand?post=2926"},{"taxonomy":"product_brand","embeddable":true,"href":"https:\/\/grillandmore.lv\/shop\/wp-json\/wp\/v2\/product_brand?post=2926"},{"taxonomy":"product_cat","embeddable":true,"href":"https:\/\/grillandmore.lv\/shop\/wp-json\/wp\/v2\/product_cat?post=2926"},{"taxonomy":"product_tag","embeddable":true,"href":"https:\/\/grillandmore.lv\/shop\/wp-json\/wp\/v2\/product_tag?post=2926"}],"curies":[{"name":"wp","href":"https:\/\/api.w.org\/{rel}","templated":true}]}}