{"id":2934,"date":"2023-03-17T09:30:06","date_gmt":"2023-03-17T07:30:06","guid":{"rendered":"https:\/\/grillandmore.lv\/shop\/?post_type=product&#038;p=2934"},"modified":"2025-03-09T00:12:07","modified_gmt":"2025-03-08T22:12:07","slug":"weber-deluxe-grilesanas-grozs","status":"publish","type":"product","link":"https:\/\/grillandmore.lv\/shop\/products\/weber-deluxe-grilesanas-grozs\/","title":{"rendered":"Weber Deluxe gril\u0113\u0161anas grozs"},"content":{"rendered":"<p>Izm\u0113ri: 6,4 cm x 30 cm x 35 cm<br \/>\nKop\u0161ana: var mazg\u0101t trauku mazg\u0101jam\u0101 ma\u0161\u012bn\u0101<br \/>\nDer: Weber\u00ae Q 300\/3000 un liel\u0101ki g\u0101zes grili, k\u0101 ar\u012b 47 cm un liel\u0101ki kokog\u013cu grili<br \/>\nIde\u0101li piem\u0113rots d\u0101rze\u0146iem un maz\u0101kiem ga\u013cas gabali\u0146iem<\/p>\n","protected":false},"excerpt":{"rendered":"<p>Paredz\u0113ts Q 300\/3000 un liel\u0101kiem g\u0101zes griliem, k\u0101 ar\u012b liel\u0101kajai da\u013cai og\u013cu grilu.<\/p>\n<p style=\"text-align: justify;\">Spilgti, gril\u0113ti d\u0101rze\u0146i, kas izkais\u012bti virs krauk\u0161\u0137\u012bgas picas. P\u0101rog\u013coti kaba\u010di un kaba\u010di, kas papildina j\u016bsu iecien\u012bt\u0101kos rudens sv\u0113tkus. Vai ar\u012b virkne kubi\u0146os sagrieztu d\u0101rze\u0146u, kas ir smalki apcepta, lai izceltu papildu gar\u0161u. Izmantojiet Deluxe gril\u0113\u0161anas grozu, lai viegli pagatavotu sagrieztus d\u0101rze\u0146us vai pat mazus ga\u013cas gabalus.<\/p>\n","protected":false},"featured_media":2935,"comment_status":"open","ping_status":"closed","template":"","meta":[],"pwb-brand":[133],"product_brand":[],"product_cat":[128,145],"product_tag":[],"class_list":{"0":"post-2934","1":"product","2":"type-product","3":"status-publish","4":"has-post-thumbnail","6":"pwb-brand-weber","7":"product_cat-piederumi","8":"product_cat-plaukti-un-grozi","9":"product_shipping_class-paku-skapis","11":"first","12":"onbackorder","13":"taxable","14":"shipping-taxable","15":"purchasable","16":"product-type-simple"},"brands":[{"id":133,"name":"Weber","slug":"weber"}],"_links":{"self":[{"href":"https:\/\/grillandmore.lv\/shop\/wp-json\/wp\/v2\/product\/2934","targetHints":{"allow":["GET"]}}],"collection":[{"href":"https:\/\/grillandmore.lv\/shop\/wp-json\/wp\/v2\/product"}],"about":[{"href":"https:\/\/grillandmore.lv\/shop\/wp-json\/wp\/v2\/types\/product"}],"replies":[{"embeddable":true,"href":"https:\/\/grillandmore.lv\/shop\/wp-json\/wp\/v2\/comments?post=2934"}],"version-history":[{"count":1,"href":"https:\/\/grillandmore.lv\/shop\/wp-json\/wp\/v2\/product\/2934\/revisions"}],"predecessor-version":[{"id":6468,"href":"https:\/\/grillandmore.lv\/shop\/wp-json\/wp\/v2\/product\/2934\/revisions\/6468"}],"wp:featuredmedia":[{"embeddable":true,"href":"https:\/\/grillandmore.lv\/shop\/wp-json\/wp\/v2\/media\/2935"}],"wp:attachment":[{"href":"https:\/\/grillandmore.lv\/shop\/wp-json\/wp\/v2\/media?parent=2934"}],"wp:term":[{"taxonomy":"pwb-brand","embeddable":true,"href":"https:\/\/grillandmore.lv\/shop\/wp-json\/wp\/v2\/pwb-brand?post=2934"},{"taxonomy":"product_brand","embeddable":true,"href":"https:\/\/grillandmore.lv\/shop\/wp-json\/wp\/v2\/product_brand?post=2934"},{"taxonomy":"product_cat","embeddable":true,"href":"https:\/\/grillandmore.lv\/shop\/wp-json\/wp\/v2\/product_cat?post=2934"},{"taxonomy":"product_tag","embeddable":true,"href":"https:\/\/grillandmore.lv\/shop\/wp-json\/wp\/v2\/product_tag?post=2934"}],"curies":[{"name":"wp","href":"https:\/\/api.w.org\/{rel}","templated":true}]}}