{"id":2936,"date":"2023-03-17T09:36:01","date_gmt":"2023-03-17T07:36:01","guid":{"rendered":"https:\/\/grillandmore.lv\/shop\/?post_type=product&#038;p=2936"},"modified":"2023-11-12T15:33:24","modified_gmt":"2023-11-12T13:33:24","slug":"weber-lielais-grilesanas-grozs-2","status":"publish","type":"product","link":"https:\/\/grillandmore.lv\/shop\/products\/weber-lielais-grilesanas-grozs-2\/","title":{"rendered":"Weber lielais gril\u0113\u0161anas grozs"},"content":{"rendered":"<p>Izm\u0113ri:2,8\u00a0cm x 26,5\u00a0cm x 36,5\u00a0cm<br \/>\nMateri\u0101ls: ner\u016bs\u0113jo\u0161ais t\u0113rauds<br \/>\nKop\u0161ana: var mazg\u0101t trauku mazg\u0101jam\u0101 ma\u0161\u012bn\u0101<br \/>\nDer: Weber\u00ae Q 300\/3000 un liel\u0101kiem g\u0101zes griliem, k\u0101 ar\u012b 47 cm un liel\u0101ki kokog\u013cu griliem<br \/>\nIde\u0101li piem\u0113rots d\u0101rze\u0146iem un maz\u0101kiem ga\u013cas gabali\u0146iem<br \/>\nUnik\u0101ls patent\u0113ts dizains pal\u012bdz pretoties deform\u0101cijai<\/p>\n","protected":false},"excerpt":{"rendered":"<p style=\"text-align: justify;\">Saut\u0113jiet un apcepiet s\u012bpolus, papriku vai citus nelielus s\u0101nu \u0113dienus, kam\u0113r steiks apcepas. Premium gril\u0113\u0161anas groz\u0101 ir kaudzes d\u0101rze\u0146u, aug\u013cu vai garne\u013cu, vienlaikus pie\u0161\u0137irot j\u016bsu \u0113dieniem nep\u0101rsp\u0113jamu b\u0101rbekj\u016b d\u016bmu gar\u0161u.<\/p>\n","protected":false},"featured_media":2937,"comment_status":"open","ping_status":"closed","template":"","meta":[],"pwb-brand":[133],"product_brand":[],"product_cat":[128,145],"product_tag":[],"class_list":{"0":"post-2936","1":"product","2":"type-product","3":"status-publish","4":"has-post-thumbnail","6":"pwb-brand-weber","7":"product_cat-piederumi","8":"product_cat-plaukti-un-grozi","9":"product_shipping_class-paku-skapis","11":"first","12":"onbackorder","13":"taxable","14":"shipping-taxable","15":"purchasable","16":"product-type-simple"},"brands":[{"id":133,"name":"Weber","slug":"weber"}],"_links":{"self":[{"href":"https:\/\/grillandmore.lv\/shop\/wp-json\/wp\/v2\/product\/2936","targetHints":{"allow":["GET"]}}],"collection":[{"href":"https:\/\/grillandmore.lv\/shop\/wp-json\/wp\/v2\/product"}],"about":[{"href":"https:\/\/grillandmore.lv\/shop\/wp-json\/wp\/v2\/types\/product"}],"replies":[{"embeddable":true,"href":"https:\/\/grillandmore.lv\/shop\/wp-json\/wp\/v2\/comments?post=2936"}],"version-history":[{"count":2,"href":"https:\/\/grillandmore.lv\/shop\/wp-json\/wp\/v2\/product\/2936\/revisions"}],"predecessor-version":[{"id":6467,"href":"https:\/\/grillandmore.lv\/shop\/wp-json\/wp\/v2\/product\/2936\/revisions\/6467"}],"wp:featuredmedia":[{"embeddable":true,"href":"https:\/\/grillandmore.lv\/shop\/wp-json\/wp\/v2\/media\/2937"}],"wp:attachment":[{"href":"https:\/\/grillandmore.lv\/shop\/wp-json\/wp\/v2\/media?parent=2936"}],"wp:term":[{"taxonomy":"pwb-brand","embeddable":true,"href":"https:\/\/grillandmore.lv\/shop\/wp-json\/wp\/v2\/pwb-brand?post=2936"},{"taxonomy":"product_brand","embeddable":true,"href":"https:\/\/grillandmore.lv\/shop\/wp-json\/wp\/v2\/product_brand?post=2936"},{"taxonomy":"product_cat","embeddable":true,"href":"https:\/\/grillandmore.lv\/shop\/wp-json\/wp\/v2\/product_cat?post=2936"},{"taxonomy":"product_tag","embeddable":true,"href":"https:\/\/grillandmore.lv\/shop\/wp-json\/wp\/v2\/product_tag?post=2936"}],"curies":[{"name":"wp","href":"https:\/\/api.w.org\/{rel}","templated":true}]}}