{"id":2938,"date":"2023-03-17T09:40:26","date_gmt":"2023-03-17T07:40:26","guid":{"rendered":"https:\/\/grillandmore.lv\/shop\/?post_type=product&#038;p=2938"},"modified":"2023-11-12T15:33:50","modified_gmt":"2023-11-12T13:33:50","slug":"weber-mazais-grilesanas-grozs-2","status":"publish","type":"product","link":"https:\/\/grillandmore.lv\/shop\/products\/weber-mazais-grilesanas-grozs-2\/","title":{"rendered":"Weber mazais gril\u0113\u0161anas grozs"},"content":{"rendered":"<p>Izm\u0113ri: 2,8 cm x 19 cm x 27 cm<br \/>\nMateri\u0101ls: ner\u016bs\u0113jo\u0161ais t\u0113rauds<br \/>\nKop\u0161ana: var mazg\u0101t trauku mazg\u0101jam\u0101 ma\u0161\u012bn\u0101<br \/>\nDer: visi Weber\u00ae griliem<br \/>\nIde\u0101li piem\u0113rots d\u0101rze\u0146iem un maz\u0101kiem ga\u013cas gabali\u0146iem<br \/>\nUnik\u0101ls patent\u0113ts dizains nov\u0113r\u0161 deform\u0101ciju<\/p>\n","protected":false},"excerpt":{"rendered":"<p>Saut\u0113jiet un apcepiet s\u012bpolus, papriku vai citus nelielus piedevas, kam\u0113r steiks apcepas. Premium gril\u0113\u0161anas groz\u0101 ir kaudzes d\u0101rze\u0146u, aug\u013cu vai garne\u013cu, vienlaikus pie\u0161\u0137irot j\u016bsu \u0113dieniem nep\u0101rsp\u0113jamu b\u0101rbekj\u016b d\u016bmu gar\u0161u.<\/p>\n","protected":false},"featured_media":2940,"comment_status":"open","ping_status":"closed","template":"","meta":[],"pwb-brand":[133],"product_brand":[],"product_cat":[128,145],"product_tag":[],"class_list":{"0":"post-2938","1":"product","2":"type-product","3":"status-publish","4":"has-post-thumbnail","6":"pwb-brand-weber","7":"product_cat-piederumi","8":"product_cat-plaukti-un-grozi","9":"product_shipping_class-paku-skapis","11":"first","12":"onbackorder","13":"taxable","14":"shipping-taxable","15":"purchasable","16":"product-type-simple"},"brands":[{"id":133,"name":"Weber","slug":"weber"}],"_links":{"self":[{"href":"https:\/\/grillandmore.lv\/shop\/wp-json\/wp\/v2\/product\/2938","targetHints":{"allow":["GET"]}}],"collection":[{"href":"https:\/\/grillandmore.lv\/shop\/wp-json\/wp\/v2\/product"}],"about":[{"href":"https:\/\/grillandmore.lv\/shop\/wp-json\/wp\/v2\/types\/product"}],"replies":[{"embeddable":true,"href":"https:\/\/grillandmore.lv\/shop\/wp-json\/wp\/v2\/comments?post=2938"}],"version-history":[{"count":2,"href":"https:\/\/grillandmore.lv\/shop\/wp-json\/wp\/v2\/product\/2938\/revisions"}],"predecessor-version":[{"id":6466,"href":"https:\/\/grillandmore.lv\/shop\/wp-json\/wp\/v2\/product\/2938\/revisions\/6466"}],"wp:featuredmedia":[{"embeddable":true,"href":"https:\/\/grillandmore.lv\/shop\/wp-json\/wp\/v2\/media\/2940"}],"wp:attachment":[{"href":"https:\/\/grillandmore.lv\/shop\/wp-json\/wp\/v2\/media?parent=2938"}],"wp:term":[{"taxonomy":"pwb-brand","embeddable":true,"href":"https:\/\/grillandmore.lv\/shop\/wp-json\/wp\/v2\/pwb-brand?post=2938"},{"taxonomy":"product_brand","embeddable":true,"href":"https:\/\/grillandmore.lv\/shop\/wp-json\/wp\/v2\/product_brand?post=2938"},{"taxonomy":"product_cat","embeddable":true,"href":"https:\/\/grillandmore.lv\/shop\/wp-json\/wp\/v2\/product_cat?post=2938"},{"taxonomy":"product_tag","embeddable":true,"href":"https:\/\/grillandmore.lv\/shop\/wp-json\/wp\/v2\/product_tag?post=2938"}],"curies":[{"name":"wp","href":"https:\/\/api.w.org\/{rel}","templated":true}]}}