{"id":2944,"date":"2023-03-17T09:51:22","date_gmt":"2023-03-17T07:51:22","guid":{"rendered":"https:\/\/grillandmore.lv\/shop\/?post_type=product&#038;p=2944"},"modified":"2023-11-12T15:34:34","modified_gmt":"2023-11-12T13:34:34","slug":"weber-maza-aluminija-panna","status":"publish","type":"product","link":"https:\/\/grillandmore.lv\/shop\/products\/weber-maza-aluminija-panna\/","title":{"rendered":"Weber maz\u0101 alum\u012bnija panna"},"content":{"rendered":"<p>Izm\u0113ri: 1 cm\u00a0 x 23,5 cm x 33 cm<br \/>\nMateri\u0101ls: alum\u012bnijs<br \/>\nKop\u0161ana: mazg\u0101\u0161ana ar rok\u0101m<br \/>\nIepakojum\u0101 4 gab<br \/>\nPiem\u0113rots Weber\u00ae grauzd\u0113\u0161anas plauktam (6563)<\/p>\n","protected":false},"excerpt":{"rendered":"<p style=\"text-align: justify;\">Sekojiet savai sirdij un uzaiciniet k\u0101du \u012bpa\u0161u cilv\u0113ku vakari\u0146\u0101s uz sava balkona. Izv\u0113ln\u0113 ir rakst\u012bts \u201csul\u012bgs cepetis\u201d, t\u0101p\u0113c uzkl\u0101jiet galdu un aizdedziet savu Q b\u0101rbekj\u016b. Lai nodro\u0161in\u0101tu pareizu netie\u0161o siltumu, novietojiet ga\u013cu uz cepe\u0161pannas ar aizsargu zem t\u0101. Maigais un mitrais rezult\u0101ts noteikti p\u0101rsteigs j\u016bsu randi\u0146u.<\/p>\n","protected":false},"featured_media":2945,"comment_status":"open","ping_status":"closed","template":"","meta":[],"pwb-brand":[133],"product_brand":[],"product_cat":[128,145],"product_tag":[],"class_list":{"0":"post-2944","1":"product","2":"type-product","3":"status-publish","4":"has-post-thumbnail","6":"pwb-brand-weber","7":"product_cat-piederumi","8":"product_cat-plaukti-un-grozi","9":"product_shipping_class-paku-skapis","11":"first","12":"onbackorder","13":"taxable","14":"shipping-taxable","15":"purchasable","16":"product-type-simple"},"brands":[{"id":133,"name":"Weber","slug":"weber"}],"_links":{"self":[{"href":"https:\/\/grillandmore.lv\/shop\/wp-json\/wp\/v2\/product\/2944","targetHints":{"allow":["GET"]}}],"collection":[{"href":"https:\/\/grillandmore.lv\/shop\/wp-json\/wp\/v2\/product"}],"about":[{"href":"https:\/\/grillandmore.lv\/shop\/wp-json\/wp\/v2\/types\/product"}],"replies":[{"embeddable":true,"href":"https:\/\/grillandmore.lv\/shop\/wp-json\/wp\/v2\/comments?post=2944"}],"version-history":[{"count":1,"href":"https:\/\/grillandmore.lv\/shop\/wp-json\/wp\/v2\/product\/2944\/revisions"}],"predecessor-version":[{"id":6464,"href":"https:\/\/grillandmore.lv\/shop\/wp-json\/wp\/v2\/product\/2944\/revisions\/6464"}],"wp:featuredmedia":[{"embeddable":true,"href":"https:\/\/grillandmore.lv\/shop\/wp-json\/wp\/v2\/media\/2945"}],"wp:attachment":[{"href":"https:\/\/grillandmore.lv\/shop\/wp-json\/wp\/v2\/media?parent=2944"}],"wp:term":[{"taxonomy":"pwb-brand","embeddable":true,"href":"https:\/\/grillandmore.lv\/shop\/wp-json\/wp\/v2\/pwb-brand?post=2944"},{"taxonomy":"product_brand","embeddable":true,"href":"https:\/\/grillandmore.lv\/shop\/wp-json\/wp\/v2\/product_brand?post=2944"},{"taxonomy":"product_cat","embeddable":true,"href":"https:\/\/grillandmore.lv\/shop\/wp-json\/wp\/v2\/product_cat?post=2944"},{"taxonomy":"product_tag","embeddable":true,"href":"https:\/\/grillandmore.lv\/shop\/wp-json\/wp\/v2\/product_tag?post=2944"}],"curies":[{"name":"wp","href":"https:\/\/api.w.org\/{rel}","templated":true}]}}