{"id":2946,"date":"2023-03-17T09:56:57","date_gmt":"2023-03-17T07:56:57","guid":{"rendered":"https:\/\/grillandmore.lv\/shop\/?post_type=product&#038;p=2946"},"modified":"2023-11-12T15:34:42","modified_gmt":"2023-11-12T13:34:42","slug":"weber-majputnu-gatavosanas-stativs","status":"publish","type":"product","link":"https:\/\/grillandmore.lv\/shop\/products\/weber-majputnu-gatavosanas-stativs\/","title":{"rendered":"Weber m\u0101jputnu gatavo\u0161anas stat\u012bvs"},"content":{"rendered":"<p>Izm\u0113ri: 13 cm x 15,5 cm x 23,5 cm<br \/>\nKop\u0161ana: var mazg\u0101t trauku mazg\u0101jam\u0101 ma\u0161\u012bn\u0101<br \/>\nPadara vistas cepta transport\u0113\u0161anu uz un no b\u0101rbekj\u016b \u0101tri un viegli<\/p>\n","protected":false},"excerpt":{"rendered":"<p style=\"text-align: justify;\">Pagatavojiet vistu ar \u0113rti lietojamo m\u0101jputnu gatavo\u0161anas stat\u012bvu. Putnu ga\u013cas cepe\u0161kr\u0101sns rada krauk\u0161\u0137\u012bgu \u0101du un mitru, maigu ga\u013cu. Vienk\u0101r\u0161i ievietojiet atv\u0113rtu 330 ml sava iecien\u012bt\u0101k\u0101 alus vai g\u0101z\u0113t\u0101 dz\u0113riena sk\u0101rdeni centr\u0101laj\u0101 gredzen\u0101 un novietojiet vistu virs sk\u0101rdenes. Neaizmirstiet vispirms izliet vai izdzert apm\u0113ram 1\/3 \u0161\u0137idruma, lai nepie\u013cautu k\u0101rbas p\u0101rpl\u016b\u0161anu.<\/p>\n","protected":false},"featured_media":2947,"comment_status":"open","ping_status":"closed","template":"","meta":[],"pwb-brand":[133],"product_brand":[],"product_cat":[128,145],"product_tag":[],"class_list":{"0":"post-2946","1":"product","2":"type-product","3":"status-publish","4":"has-post-thumbnail","6":"pwb-brand-weber","7":"product_cat-piederumi","8":"product_cat-plaukti-un-grozi","9":"product_shipping_class-paku-skapis","11":"first","12":"onbackorder","13":"taxable","14":"shipping-taxable","15":"purchasable","16":"product-type-simple"},"brands":[{"id":133,"name":"Weber","slug":"weber"}],"_links":{"self":[{"href":"https:\/\/grillandmore.lv\/shop\/wp-json\/wp\/v2\/product\/2946","targetHints":{"allow":["GET"]}}],"collection":[{"href":"https:\/\/grillandmore.lv\/shop\/wp-json\/wp\/v2\/product"}],"about":[{"href":"https:\/\/grillandmore.lv\/shop\/wp-json\/wp\/v2\/types\/product"}],"replies":[{"embeddable":true,"href":"https:\/\/grillandmore.lv\/shop\/wp-json\/wp\/v2\/comments?post=2946"}],"version-history":[{"count":1,"href":"https:\/\/grillandmore.lv\/shop\/wp-json\/wp\/v2\/product\/2946\/revisions"}],"predecessor-version":[{"id":6463,"href":"https:\/\/grillandmore.lv\/shop\/wp-json\/wp\/v2\/product\/2946\/revisions\/6463"}],"wp:featuredmedia":[{"embeddable":true,"href":"https:\/\/grillandmore.lv\/shop\/wp-json\/wp\/v2\/media\/2947"}],"wp:attachment":[{"href":"https:\/\/grillandmore.lv\/shop\/wp-json\/wp\/v2\/media?parent=2946"}],"wp:term":[{"taxonomy":"pwb-brand","embeddable":true,"href":"https:\/\/grillandmore.lv\/shop\/wp-json\/wp\/v2\/pwb-brand?post=2946"},{"taxonomy":"product_brand","embeddable":true,"href":"https:\/\/grillandmore.lv\/shop\/wp-json\/wp\/v2\/product_brand?post=2946"},{"taxonomy":"product_cat","embeddable":true,"href":"https:\/\/grillandmore.lv\/shop\/wp-json\/wp\/v2\/product_cat?post=2946"},{"taxonomy":"product_tag","embeddable":true,"href":"https:\/\/grillandmore.lv\/shop\/wp-json\/wp\/v2\/product_tag?post=2946"}],"curies":[{"name":"wp","href":"https:\/\/api.w.org\/{rel}","templated":true}]}}