{"id":2948,"date":"2023-03-17T10:04:03","date_gmt":"2023-03-17T08:04:03","guid":{"rendered":"https:\/\/grillandmore.lv\/shop\/?post_type=product&#038;p=2948"},"modified":"2023-11-12T15:34:48","modified_gmt":"2023-11-12T13:34:48","slug":"weber-maza-panna","status":"publish","type":"product","link":"https:\/\/grillandmore.lv\/shop\/products\/weber-maza-panna\/","title":{"rendered":"Weber maz\u0101 panna"},"content":{"rendered":"<p>Izm\u0113rs: 22 x 41cm<\/p>\n<p>Materi\u0101ls: keramika<\/p>\n","protected":false},"excerpt":{"rendered":"<p>Tie\u0161ai novieto\u0161anai uz grila. \u012apa\u0161i plakana, lai optim\u0101li izmantotu \u0113diena gatavo\u0161anas virsmu. Speci\u0101lie rokturi nodro\u0161ina labu satv\u0113rienu priek\u0161 kokog\u013cu griliem no 47 cm un visiem g\u0101zes griliem no Weber Q 100\/1000 s\u0113rijas un uz aug\u0161u.<\/p>\n","protected":false},"featured_media":2949,"comment_status":"open","ping_status":"closed","template":"","meta":[],"pwb-brand":[133],"product_brand":[],"product_cat":[154,128],"product_tag":[],"class_list":{"0":"post-2948","1":"product","2":"type-product","3":"status-publish","4":"has-post-thumbnail","6":"pwb-brand-weber","7":"product_cat-pannas","8":"product_cat-piederumi","9":"product_shipping_class-paku-skapis","11":"first","12":"onbackorder","13":"taxable","14":"shipping-taxable","15":"purchasable","16":"product-type-simple"},"brands":[{"id":133,"name":"Weber","slug":"weber"}],"_links":{"self":[{"href":"https:\/\/grillandmore.lv\/shop\/wp-json\/wp\/v2\/product\/2948","targetHints":{"allow":["GET"]}}],"collection":[{"href":"https:\/\/grillandmore.lv\/shop\/wp-json\/wp\/v2\/product"}],"about":[{"href":"https:\/\/grillandmore.lv\/shop\/wp-json\/wp\/v2\/types\/product"}],"replies":[{"embeddable":true,"href":"https:\/\/grillandmore.lv\/shop\/wp-json\/wp\/v2\/comments?post=2948"}],"version-history":[{"count":1,"href":"https:\/\/grillandmore.lv\/shop\/wp-json\/wp\/v2\/product\/2948\/revisions"}],"predecessor-version":[{"id":6462,"href":"https:\/\/grillandmore.lv\/shop\/wp-json\/wp\/v2\/product\/2948\/revisions\/6462"}],"wp:featuredmedia":[{"embeddable":true,"href":"https:\/\/grillandmore.lv\/shop\/wp-json\/wp\/v2\/media\/2949"}],"wp:attachment":[{"href":"https:\/\/grillandmore.lv\/shop\/wp-json\/wp\/v2\/media?parent=2948"}],"wp:term":[{"taxonomy":"pwb-brand","embeddable":true,"href":"https:\/\/grillandmore.lv\/shop\/wp-json\/wp\/v2\/pwb-brand?post=2948"},{"taxonomy":"product_brand","embeddable":true,"href":"https:\/\/grillandmore.lv\/shop\/wp-json\/wp\/v2\/product_brand?post=2948"},{"taxonomy":"product_cat","embeddable":true,"href":"https:\/\/grillandmore.lv\/shop\/wp-json\/wp\/v2\/product_cat?post=2948"},{"taxonomy":"product_tag","embeddable":true,"href":"https:\/\/grillandmore.lv\/shop\/wp-json\/wp\/v2\/product_tag?post=2948"}],"curies":[{"name":"wp","href":"https:\/\/api.w.org\/{rel}","templated":true}]}}