{"id":2955,"date":"2023-03-17T10:17:19","date_gmt":"2023-03-17T08:17:19","guid":{"rendered":"https:\/\/grillandmore.lv\/shop\/?post_type=product&#038;p=2955"},"modified":"2023-11-12T15:34:57","modified_gmt":"2023-11-12T13:34:57","slug":"weber-burgeru-prese","status":"publish","type":"product","link":"https:\/\/grillandmore.lv\/shop\/products\/weber-burgeru-prese\/","title":{"rendered":"Weber burgeru prese"},"content":{"rendered":"<p>\u2022 Nosv\u0113rts, lai pres\u0113tu burgerus, panini un ne\u013cautu bekonam saritin\u0101ties<br \/>\n\u2022 Tekstur\u0113tais dizains ne\u013cauj \u0113dienam pielipt<br \/>\n\u2022 Uzreiz nospie\u017e l\u012bdz 4 bekona sloksn\u0113m<br \/>\n\u2022 100% \u010duguns<\/p>\n<p>Izm\u0113ri: 7,4 cm x 23 cm x 15 cm<br \/>\nMateri\u0101ls: \u010duguns<br \/>\nKop\u0161ana: mazg\u0101t ar rok\u0101m ar silt\u0101m ziep\u0113m<\/p>\n","protected":false},"excerpt":{"rendered":"<p style=\"text-align: justify;\">Pasarg\u0101jiet savu bekonu no saloc\u012b\u0161anas, panini krauk\u0161\u0137\u012bgus un burgeru sasmalcin\u0101\u0161anas ar griddle Press. T\u0101s ide\u0101lais svars un izm\u0113rs pal\u012bdz\u0113s padar\u012bt j\u016bsu re\u017e\u0123a izstr\u0101d\u0101jumus lieliskus. Varat vienlaikus nospiest l\u012bdz 4 bekona sloksn\u0113m, un t\u0101 tekst\u016bras dizains pal\u012bdz t\u012bri no\u0146emt \u0113dienu.<\/p>\n","protected":false},"featured_media":2953,"comment_status":"open","ping_status":"closed","template":"","meta":[],"pwb-brand":[133],"product_brand":[],"product_cat":[157,128],"product_tag":[],"class_list":{"0":"post-2955","1":"product","2":"type-product","3":"status-publish","4":"has-post-thumbnail","6":"pwb-brand-weber","7":"product_cat-burgeriem","8":"product_cat-piederumi","9":"product_shipping_class-paku-skapis","11":"first","12":"onbackorder","13":"taxable","14":"shipping-taxable","15":"purchasable","16":"product-type-simple"},"brands":[{"id":133,"name":"Weber","slug":"weber"}],"_links":{"self":[{"href":"https:\/\/grillandmore.lv\/shop\/wp-json\/wp\/v2\/product\/2955","targetHints":{"allow":["GET"]}}],"collection":[{"href":"https:\/\/grillandmore.lv\/shop\/wp-json\/wp\/v2\/product"}],"about":[{"href":"https:\/\/grillandmore.lv\/shop\/wp-json\/wp\/v2\/types\/product"}],"replies":[{"embeddable":true,"href":"https:\/\/grillandmore.lv\/shop\/wp-json\/wp\/v2\/comments?post=2955"}],"version-history":[{"count":1,"href":"https:\/\/grillandmore.lv\/shop\/wp-json\/wp\/v2\/product\/2955\/revisions"}],"predecessor-version":[{"id":6460,"href":"https:\/\/grillandmore.lv\/shop\/wp-json\/wp\/v2\/product\/2955\/revisions\/6460"}],"wp:featuredmedia":[{"embeddable":true,"href":"https:\/\/grillandmore.lv\/shop\/wp-json\/wp\/v2\/media\/2953"}],"wp:attachment":[{"href":"https:\/\/grillandmore.lv\/shop\/wp-json\/wp\/v2\/media?parent=2955"}],"wp:term":[{"taxonomy":"pwb-brand","embeddable":true,"href":"https:\/\/grillandmore.lv\/shop\/wp-json\/wp\/v2\/pwb-brand?post=2955"},{"taxonomy":"product_brand","embeddable":true,"href":"https:\/\/grillandmore.lv\/shop\/wp-json\/wp\/v2\/product_brand?post=2955"},{"taxonomy":"product_cat","embeddable":true,"href":"https:\/\/grillandmore.lv\/shop\/wp-json\/wp\/v2\/product_cat?post=2955"},{"taxonomy":"product_tag","embeddable":true,"href":"https:\/\/grillandmore.lv\/shop\/wp-json\/wp\/v2\/product_tag?post=2955"}],"curies":[{"name":"wp","href":"https:\/\/api.w.org\/{rel}","templated":true}]}}