{"id":2956,"date":"2023-03-17T10:26:07","date_gmt":"2023-03-17T08:26:07","guid":{"rendered":"https:\/\/grillandmore.lv\/shop\/?post_type=product&#038;p=2956"},"modified":"2023-11-12T15:35:03","modified_gmt":"2023-11-12T13:35:03","slug":"weber-plancha-komplekts","status":"publish","type":"product","link":"https:\/\/grillandmore.lv\/shop\/products\/weber-plancha-komplekts\/","title":{"rendered":"Weber plancha komplekts"},"content":{"rendered":"<p>\u2022 Re\u017e\u0123a l\u0101psti\u0146a, lai viegli apgrieztu un p\u0101rvietotu smag\u0101ku \u0113dienu<br \/>\n\u2022 Griddle Scraper efekt\u012bvi no\u0146em taukus un net\u012brumus<br \/>\n\u2022 Griddle Squeeze Bottle m\u0113rces, e\u013c\u013cas un citu izdal\u012b\u0161anai<br \/>\n\u2022 Var mazg\u0101t trauku mazg\u0101jam\u0101 ma\u0161\u012bn\u0101<br \/>\n\u2022 Nesatur BPA<\/p>\n<p>Materi\u0101ls<br \/>\nL\u0101psti\u0146a: ner\u016bs\u0113jo\u0161ais t\u0113rauds<br \/>\nSkr\u0101pis: ner\u016bs\u0113jo\u0161ais t\u0113rauds<br \/>\nPudele: polietil\u0113ns<br \/>\nKop\u0161ana: var mazg\u0101t trauku mazg\u0101jam\u0101 ma\u0161\u012bn\u0101<\/p>\n","protected":false},"excerpt":{"rendered":"<p>Ar \u0161o s\u0101kuma komplektu j\u016bs varat pagatavot visu, s\u0101kot no p\u016bkain\u0101m pank\u016bk\u0101m un s\u0101\u013c\u0101m fajitas l\u012bdz klasiskajam b\u0101rbekj\u016b sieram. Ietver: l\u0101psti\u0146u, skr\u0101pi un e\u013c\u013cas pudeli.<\/p>\n","protected":false},"featured_media":2957,"comment_status":"open","ping_status":"closed","template":"","meta":[],"pwb-brand":[133],"product_brand":[],"product_cat":[128,142],"product_tag":[],"class_list":{"0":"post-2956","1":"product","2":"type-product","3":"status-publish","4":"has-post-thumbnail","6":"pwb-brand-weber","7":"product_cat-piederumi","8":"product_cat-placha","9":"product_shipping_class-paku-skapis","11":"first","12":"onbackorder","13":"taxable","14":"shipping-taxable","15":"purchasable","16":"product-type-simple"},"brands":[{"id":133,"name":"Weber","slug":"weber"}],"_links":{"self":[{"href":"https:\/\/grillandmore.lv\/shop\/wp-json\/wp\/v2\/product\/2956","targetHints":{"allow":["GET"]}}],"collection":[{"href":"https:\/\/grillandmore.lv\/shop\/wp-json\/wp\/v2\/product"}],"about":[{"href":"https:\/\/grillandmore.lv\/shop\/wp-json\/wp\/v2\/types\/product"}],"replies":[{"embeddable":true,"href":"https:\/\/grillandmore.lv\/shop\/wp-json\/wp\/v2\/comments?post=2956"}],"version-history":[{"count":1,"href":"https:\/\/grillandmore.lv\/shop\/wp-json\/wp\/v2\/product\/2956\/revisions"}],"predecessor-version":[{"id":6459,"href":"https:\/\/grillandmore.lv\/shop\/wp-json\/wp\/v2\/product\/2956\/revisions\/6459"}],"wp:featuredmedia":[{"embeddable":true,"href":"https:\/\/grillandmore.lv\/shop\/wp-json\/wp\/v2\/media\/2957"}],"wp:attachment":[{"href":"https:\/\/grillandmore.lv\/shop\/wp-json\/wp\/v2\/media?parent=2956"}],"wp:term":[{"taxonomy":"pwb-brand","embeddable":true,"href":"https:\/\/grillandmore.lv\/shop\/wp-json\/wp\/v2\/pwb-brand?post=2956"},{"taxonomy":"product_brand","embeddable":true,"href":"https:\/\/grillandmore.lv\/shop\/wp-json\/wp\/v2\/product_brand?post=2956"},{"taxonomy":"product_cat","embeddable":true,"href":"https:\/\/grillandmore.lv\/shop\/wp-json\/wp\/v2\/product_cat?post=2956"},{"taxonomy":"product_tag","embeddable":true,"href":"https:\/\/grillandmore.lv\/shop\/wp-json\/wp\/v2\/product_tag?post=2956"}],"curies":[{"name":"wp","href":"https:\/\/api.w.org\/{rel}","templated":true}]}}