{"id":2958,"date":"2023-03-17T10:31:57","date_gmt":"2023-03-17T08:31:57","guid":{"rendered":"https:\/\/grillandmore.lv\/shop\/?post_type=product&#038;p=2958"},"modified":"2023-11-12T15:35:09","modified_gmt":"2023-11-12T13:35:09","slug":"weber-lapstina","status":"publish","type":"product","link":"https:\/\/grillandmore.lv\/shop\/products\/weber-lapstina\/","title":{"rendered":"Weber l\u0101psti\u0146a"},"content":{"rendered":"<p>\u2022 Nosl\u012bp\u0113t\u0101 mala viegli sl\u012bd zem \u0113diena no jebkura le\u0146\u0137a<br \/>\n\u2022 Nesl\u012bdo\u0161s, viegli satverams rokturis \u0113rtai tur\u0113\u0161anai<br \/>\n\u2022 Paaugstin\u0101ts rokturis ne\u013cauj atp\u016bsties uz nek\u0101rt\u012bgiem s\u0101nu galdi\u0146iem<br \/>\n\u2022 Var mazg\u0101t trauku mazg\u0101jam\u0101 ma\u0161\u012bn\u0101<\/p>\n<p>Izm\u0113ri: 41,5 cm x 10 cm x 11 cm<br \/>\nMateri\u0101ls: ner\u016bs\u0113jo\u0161ais t\u0113rauds<br \/>\nKop\u0161ana: var mazg\u0101t trauku mazg\u0101jam\u0101 ma\u0161\u012bn\u0101<\/p>\n","protected":false},"excerpt":{"rendered":"<p style=\"text-align: justify;\">No nesl\u012bdo\u0161\u0101, viegli satveram\u0101 roktura l\u012bdz sl\u012bpai malai, kas viegli sl\u012bd zem \u0113diena no jebkura virziena, griddle l\u0101psti\u0146a pal\u012bdz jums \u0113rti un viegli manevr\u0113t gatavo\u0161an\u0101. Rokturis ir ar\u012b paaugstin\u0101ts, t\u0101p\u0113c jums nav j\u0101uztraucas par to, ka tas atrodas uz net\u012br\u0101m s\u0101nu virsm\u0101m.<\/p>\n","protected":false},"featured_media":2959,"comment_status":"open","ping_status":"closed","template":"","meta":[],"pwb-brand":[133],"product_brand":[],"product_cat":[128,135],"product_tag":[],"class_list":{"0":"post-2958","1":"product","2":"type-product","3":"status-publish","4":"has-post-thumbnail","6":"pwb-brand-weber","7":"product_cat-piederumi","8":"product_cat-piederumi-un-komplekti","9":"product_shipping_class-paku-skapis","11":"first","12":"onbackorder","13":"taxable","14":"shipping-taxable","15":"purchasable","16":"product-type-simple"},"brands":[{"id":133,"name":"Weber","slug":"weber"}],"_links":{"self":[{"href":"https:\/\/grillandmore.lv\/shop\/wp-json\/wp\/v2\/product\/2958","targetHints":{"allow":["GET"]}}],"collection":[{"href":"https:\/\/grillandmore.lv\/shop\/wp-json\/wp\/v2\/product"}],"about":[{"href":"https:\/\/grillandmore.lv\/shop\/wp-json\/wp\/v2\/types\/product"}],"replies":[{"embeddable":true,"href":"https:\/\/grillandmore.lv\/shop\/wp-json\/wp\/v2\/comments?post=2958"}],"version-history":[{"count":1,"href":"https:\/\/grillandmore.lv\/shop\/wp-json\/wp\/v2\/product\/2958\/revisions"}],"predecessor-version":[{"id":6458,"href":"https:\/\/grillandmore.lv\/shop\/wp-json\/wp\/v2\/product\/2958\/revisions\/6458"}],"wp:featuredmedia":[{"embeddable":true,"href":"https:\/\/grillandmore.lv\/shop\/wp-json\/wp\/v2\/media\/2959"}],"wp:attachment":[{"href":"https:\/\/grillandmore.lv\/shop\/wp-json\/wp\/v2\/media?parent=2958"}],"wp:term":[{"taxonomy":"pwb-brand","embeddable":true,"href":"https:\/\/grillandmore.lv\/shop\/wp-json\/wp\/v2\/pwb-brand?post=2958"},{"taxonomy":"product_brand","embeddable":true,"href":"https:\/\/grillandmore.lv\/shop\/wp-json\/wp\/v2\/product_brand?post=2958"},{"taxonomy":"product_cat","embeddable":true,"href":"https:\/\/grillandmore.lv\/shop\/wp-json\/wp\/v2\/product_cat?post=2958"},{"taxonomy":"product_tag","embeddable":true,"href":"https:\/\/grillandmore.lv\/shop\/wp-json\/wp\/v2\/product_tag?post=2958"}],"curies":[{"name":"wp","href":"https:\/\/api.w.org\/{rel}","templated":true}]}}