{"id":2962,"date":"2023-03-17T10:41:05","date_gmt":"2023-03-17T08:41:05","guid":{"rendered":"https:\/\/grillandmore.lv\/shop\/?post_type=product&#038;p=2962"},"modified":"2023-11-12T15:35:22","modified_gmt":"2023-11-12T13:35:22","slug":"weber-skrapis","status":"publish","type":"product","link":"https:\/\/grillandmore.lv\/shop\/products\/weber-skrapis\/","title":{"rendered":"Weber skr\u0101pis"},"content":{"rendered":"<p>\u2022 Efekt\u012bvi noskr\u0101p\u0113 taukus un net\u012brumus<br \/>\n\u2022 Nesl\u012bdo\u0161s, viegli satverams rokturis \u0113rtai tur\u0113\u0161anai<br \/>\n\u2022 Var mazg\u0101t trauku mazg\u0101jam\u0101 ma\u0161\u012bn\u0101<\/p>\n<p>Izm\u0113ri: 31,5 cm x 14 cm x 2,8 cm<br \/>\nMateri\u0101ls: ner\u016bs\u0113jo\u0161ais t\u0113rauds<br \/>\nKop\u0161ana: var mazg\u0101t trauku mazg\u0101jam\u0101 ma\u0161\u012bn\u0101<\/p>\n","protected":false},"excerpt":{"rendered":"<p>Not\u012briet veco un izveidojiet kaut ko jaunu ar skr\u0101pi. T\u0101 nesl\u012bdo\u0161ais, viegli satveramais rokturis un dizains pal\u012bdz efekt\u012bvi no\u0146emt taukus un net\u012brumus.<\/p>\n","protected":false},"featured_media":2964,"comment_status":"open","ping_status":"closed","template":"","meta":[],"pwb-brand":[133],"product_brand":[],"product_cat":[128,141],"product_tag":[],"class_list":{"0":"post-2962","1":"product","2":"type-product","3":"status-publish","4":"has-post-thumbnail","6":"pwb-brand-weber","7":"product_cat-piederumi","8":"product_cat-tirisanas-birstes","9":"product_shipping_class-paku-skapis","11":"first","12":"onbackorder","13":"taxable","14":"shipping-taxable","15":"purchasable","16":"product-type-simple"},"brands":[{"id":133,"name":"Weber","slug":"weber"}],"_links":{"self":[{"href":"https:\/\/grillandmore.lv\/shop\/wp-json\/wp\/v2\/product\/2962","targetHints":{"allow":["GET"]}}],"collection":[{"href":"https:\/\/grillandmore.lv\/shop\/wp-json\/wp\/v2\/product"}],"about":[{"href":"https:\/\/grillandmore.lv\/shop\/wp-json\/wp\/v2\/types\/product"}],"replies":[{"embeddable":true,"href":"https:\/\/grillandmore.lv\/shop\/wp-json\/wp\/v2\/comments?post=2962"}],"version-history":[{"count":1,"href":"https:\/\/grillandmore.lv\/shop\/wp-json\/wp\/v2\/product\/2962\/revisions"}],"predecessor-version":[{"id":6456,"href":"https:\/\/grillandmore.lv\/shop\/wp-json\/wp\/v2\/product\/2962\/revisions\/6456"}],"wp:featuredmedia":[{"embeddable":true,"href":"https:\/\/grillandmore.lv\/shop\/wp-json\/wp\/v2\/media\/2964"}],"wp:attachment":[{"href":"https:\/\/grillandmore.lv\/shop\/wp-json\/wp\/v2\/media?parent=2962"}],"wp:term":[{"taxonomy":"pwb-brand","embeddable":true,"href":"https:\/\/grillandmore.lv\/shop\/wp-json\/wp\/v2\/pwb-brand?post=2962"},{"taxonomy":"product_brand","embeddable":true,"href":"https:\/\/grillandmore.lv\/shop\/wp-json\/wp\/v2\/product_brand?post=2962"},{"taxonomy":"product_cat","embeddable":true,"href":"https:\/\/grillandmore.lv\/shop\/wp-json\/wp\/v2\/product_cat?post=2962"},{"taxonomy":"product_tag","embeddable":true,"href":"https:\/\/grillandmore.lv\/shop\/wp-json\/wp\/v2\/product_tag?post=2962"}],"curies":[{"name":"wp","href":"https:\/\/api.w.org\/{rel}","templated":true}]}}