{"id":2965,"date":"2023-03-17T10:47:26","date_gmt":"2023-03-17T08:47:26","guid":{"rendered":"https:\/\/grillandmore.lv\/shop\/?post_type=product&#038;p=2965"},"modified":"2023-11-12T15:35:28","modified_gmt":"2023-11-12T13:35:28","slug":"weber-kupols","status":"publish","type":"product","link":"https:\/\/grillandmore.lv\/shop\/products\/weber-kupols\/","title":{"rendered":"Weber kupols"},"content":{"rendered":"<p>\u2022 Izkaus\u0113 sieru un tvaic\u0113 d\u0101rze\u0146us, r\u012bsus un daudz ko citu<br \/>\n\u2022 25\u00a0cm x 25\u00a0cm\u00a0x\u00a08\u00a0cm izm\u0113rs aptver l\u012bdz 4 standarta burgeriem (10\u00a0cm) vienlaikus<br \/>\n\u2022 T veida rokturis atbalsta lieto\u0161anas \u0113rtumu<br \/>\n\u2022 Pastiprin\u0101ta mala aiztur siltumu efekt\u012bvai v\u0101r\u012b\u0161anai un kaus\u0113\u0161anai<br \/>\n\u2022 Var mazg\u0101t trauku mazg\u0101jam\u0101 ma\u0161\u012bn\u0101<\/p>\n<p>Materi\u0101ls: ner\u016bs\u0113jo\u0161ais t\u0113rauds<br \/>\nKop\u0161ana: var mazg\u0101t trauku mazg\u0101jam\u0101 ma\u0161\u012bn\u0101<\/p>\n","protected":false},"excerpt":{"rendered":"<p style=\"text-align: justify;\">Izmantojot Basting Dome, j\u016bs varat nodro\u0161in\u0101t, ka siers j\u016bsu panini vai burger\u012b ir izkusis, un tvaic\u0113t r\u012bsus, d\u0101rze\u0146us un daudz ko citu. Kupol\u0101 ir vieta l\u012bdz 4 standarta burgeriem (10 cm) vienlaikus. T veida rokturis padara to viegli p\u0101rvietojamu grila cep\u0161anas laik\u0101, savuk\u0101rt t\u0101 pastiprin\u0101t\u0101 mala rada cie\u0161u bl\u012bv\u0113jumu, lai nov\u0113rstu siltuma izpl\u016b\u0161anu, lai \u0113diens \u0101tri pagatavotos.<\/p>\n","protected":false},"featured_media":2966,"comment_status":"open","ping_status":"closed","template":"","meta":[],"pwb-brand":[133],"product_brand":[],"product_cat":[157,128,142],"product_tag":[],"class_list":{"0":"post-2965","1":"product","2":"type-product","3":"status-publish","4":"has-post-thumbnail","6":"pwb-brand-weber","7":"product_cat-burgeriem","8":"product_cat-piederumi","9":"product_cat-placha","10":"product_shipping_class-paku-skapis","12":"first","13":"onbackorder","14":"taxable","15":"shipping-taxable","16":"purchasable","17":"product-type-simple"},"brands":[{"id":133,"name":"Weber","slug":"weber"}],"_links":{"self":[{"href":"https:\/\/grillandmore.lv\/shop\/wp-json\/wp\/v2\/product\/2965","targetHints":{"allow":["GET"]}}],"collection":[{"href":"https:\/\/grillandmore.lv\/shop\/wp-json\/wp\/v2\/product"}],"about":[{"href":"https:\/\/grillandmore.lv\/shop\/wp-json\/wp\/v2\/types\/product"}],"replies":[{"embeddable":true,"href":"https:\/\/grillandmore.lv\/shop\/wp-json\/wp\/v2\/comments?post=2965"}],"version-history":[{"count":1,"href":"https:\/\/grillandmore.lv\/shop\/wp-json\/wp\/v2\/product\/2965\/revisions"}],"predecessor-version":[{"id":6455,"href":"https:\/\/grillandmore.lv\/shop\/wp-json\/wp\/v2\/product\/2965\/revisions\/6455"}],"wp:featuredmedia":[{"embeddable":true,"href":"https:\/\/grillandmore.lv\/shop\/wp-json\/wp\/v2\/media\/2966"}],"wp:attachment":[{"href":"https:\/\/grillandmore.lv\/shop\/wp-json\/wp\/v2\/media?parent=2965"}],"wp:term":[{"taxonomy":"pwb-brand","embeddable":true,"href":"https:\/\/grillandmore.lv\/shop\/wp-json\/wp\/v2\/pwb-brand?post=2965"},{"taxonomy":"product_brand","embeddable":true,"href":"https:\/\/grillandmore.lv\/shop\/wp-json\/wp\/v2\/product_brand?post=2965"},{"taxonomy":"product_cat","embeddable":true,"href":"https:\/\/grillandmore.lv\/shop\/wp-json\/wp\/v2\/product_cat?post=2965"},{"taxonomy":"product_tag","embeddable":true,"href":"https:\/\/grillandmore.lv\/shop\/wp-json\/wp\/v2\/product_tag?post=2965"}],"curies":[{"name":"wp","href":"https:\/\/api.w.org\/{rel}","templated":true}]}}