{"id":2970,"date":"2023-03-19T12:13:18","date_gmt":"2023-03-19T10:13:18","guid":{"rendered":"https:\/\/grillandmore.lv\/shop\/?post_type=product&#038;p=2970"},"modified":"2023-09-19T19:02:23","modified_gmt":"2023-09-19T16:02:23","slug":"napoleon-picas-komplekts","status":"publish","type":"product","link":"https:\/\/grillandmore.lv\/shop\/products\/napoleon-picas-komplekts\/","title":{"rendered":"Napoleon picas komplekts"},"content":{"rendered":"<p>Picas pagatavo\u0161anas komplekts ietver 12,5 collu (31,75 cm) picas akmeni, saliekamo picas l\u0101psti\u0146u, picas rite\u0146u griez\u0113ju un l\u0101psti\u0146u ar integr\u0113tu siera griez\u0113ju un r\u012bvi<br \/>\nGatavojot picu, ieg\u016bstiet restor\u0101na kvalit\u0101tes rezult\u0101tus. Porains akmens saglab\u0101 un vienm\u0113r\u012bgi sadala siltumu, lai novad\u012btu mitrumu, radot vieglu un krauk\u0161\u0137\u012bgu \u0101rpusi.<br \/>\nPicas akme\u0146i nav paredz\u0113ti tikai picai, tie ir lieliski piem\u0113roti maizei, desertiem, uzkod\u0101m un cepumiem, pal\u012bdzot nodro\u0161in\u0101t vienm\u0113r\u012bgu siltumu, cepot un cepot gril\u0101 vai pat cepe\u0161kr\u0101sn\u012b.<br \/>\nIeteicams picas akmeni uzkars\u0113t cepe\u0161kr\u0101sn\u012b vai b\u0101rbekj\u016b gril\u0101 pirms gatavo\u0161anas uz t\u0101 un \u013caut tam piln\u012bb\u0101 atdzist pirms iz\u0146em\u0161anas no cepe\u0161kr\u0101sns vai grila.<br \/>\nIeteicams PRO s\u0113rijas picas akmeni mazg\u0101t ar rok\u0101m ar siltu \u016bdeni, kad tas ir piln\u012bb\u0101 atdzisis. Izvairieties no ziepj\u016bdens un t\u012br\u012b\u0161anas<br \/>\nPicas l\u0101psti\u0146ai ir salok\u0101ms rokturis \u0113rtai uzglab\u0101\u0161anai un iztur\u012bga, viegli t\u012br\u0101ma ner\u016bs\u0113jo\u0161\u0101 t\u0113rauda galva<br \/>\nKomplekt\u0101 ir ner\u016bs\u0113jo\u0161\u0101 t\u0113rauda picas grie\u0161anas ritenis<br \/>\nNeaizmirstiet visu papildin\u0101t ar nedaudz papildu siera no siera r\u012bves griez\u0113ja 2-in-1<\/p>\n","protected":false},"excerpt":{"rendered":"<p style=\"text-align: justify;\">Napoleons r\u012bko picas ball\u012bti kast\u012bt\u0113 tiem, kas dz\u012bvo p\u0113c gar\u0161\u012bgas m\u0101j\u0101s gatavotas picas. Picas m\u012b\u013cot\u0101ja s\u0101kuma komplekt\u0101 ir viss nepiecie\u0161amais piem\u0101jas picas ball\u012btei, iz\u0146emot m\u012bklu un piedevas. Cepiet ide\u0101lu vid\u0113ja izm\u0113ra picu uz Picas Stone. Porains akmens no\u0146em mitrumu no picas m\u012bklas, lai ieg\u016btu perfektu, krauk\u0161\u0137\u012bgu garozu.<\/p>\n","protected":false},"featured_media":2971,"comment_status":"open","ping_status":"closed","template":"","meta":[],"pwb-brand":[158],"product_brand":[],"product_cat":[151,128],"product_tag":[],"class_list":{"0":"post-2970","1":"product","2":"type-product","3":"status-publish","4":"has-post-thumbnail","6":"pwb-brand-napoleon","7":"product_cat-picai","8":"product_cat-piederumi","10":"first","11":"onbackorder","12":"taxable","13":"shipping-taxable","14":"purchasable","15":"product-type-simple"},"brands":[{"id":158,"name":"Napoleon","slug":"napoleon"}],"_links":{"self":[{"href":"https:\/\/grillandmore.lv\/shop\/wp-json\/wp\/v2\/product\/2970","targetHints":{"allow":["GET"]}}],"collection":[{"href":"https:\/\/grillandmore.lv\/shop\/wp-json\/wp\/v2\/product"}],"about":[{"href":"https:\/\/grillandmore.lv\/shop\/wp-json\/wp\/v2\/types\/product"}],"replies":[{"embeddable":true,"href":"https:\/\/grillandmore.lv\/shop\/wp-json\/wp\/v2\/comments?post=2970"}],"version-history":[{"count":1,"href":"https:\/\/grillandmore.lv\/shop\/wp-json\/wp\/v2\/product\/2970\/revisions"}],"predecessor-version":[{"id":6454,"href":"https:\/\/grillandmore.lv\/shop\/wp-json\/wp\/v2\/product\/2970\/revisions\/6454"}],"wp:featuredmedia":[{"embeddable":true,"href":"https:\/\/grillandmore.lv\/shop\/wp-json\/wp\/v2\/media\/2971"}],"wp:attachment":[{"href":"https:\/\/grillandmore.lv\/shop\/wp-json\/wp\/v2\/media?parent=2970"}],"wp:term":[{"taxonomy":"pwb-brand","embeddable":true,"href":"https:\/\/grillandmore.lv\/shop\/wp-json\/wp\/v2\/pwb-brand?post=2970"},{"taxonomy":"product_brand","embeddable":true,"href":"https:\/\/grillandmore.lv\/shop\/wp-json\/wp\/v2\/product_brand?post=2970"},{"taxonomy":"product_cat","embeddable":true,"href":"https:\/\/grillandmore.lv\/shop\/wp-json\/wp\/v2\/product_cat?post=2970"},{"taxonomy":"product_tag","embeddable":true,"href":"https:\/\/grillandmore.lv\/shop\/wp-json\/wp\/v2\/product_tag?post=2970"}],"curies":[{"name":"wp","href":"https:\/\/api.w.org\/{rel}","templated":true}]}}