{"id":2972,"date":"2023-03-19T12:17:52","date_gmt":"2023-03-19T10:17:52","guid":{"rendered":"https:\/\/grillandmore.lv\/shop\/?post_type=product&#038;p=2972"},"modified":"2023-09-19T19:00:24","modified_gmt":"2023-09-19T16:00:24","slug":"napoleon-termometrs","status":"publish","type":"product","link":"https:\/\/grillandmore.lv\/shop\/products\/napoleon-termometrs\/","title":{"rendered":"Napoleon termometrs"},"content":{"rendered":"<p>LED displejs ar 4-5 sekun\u017eu \u0101tru las\u012b\u0161anas laiku<br \/>\nIesp\u0113ja las\u012bt p\u0113c Celsija vai F\u0101renheita<br \/>\nKompakts dizains sl\u0113pj zondi dro\u0161ai un \u0113rtai uzglab\u0101\u0161anai<br \/>\nAutom\u0101tiska izsl\u0113g\u0161an\u0101s p\u0113c 5 min\u016bt\u0113m<\/p>\n","protected":false},"excerpt":{"rendered":"<p style=\"text-align: justify;\">Atp\u016btieties, gatavojot visu ga\u013cu uz grila. \u0100tr\u0101s las\u012b\u0161anas digit\u0101lais termometrs pazi\u0146os, kad ga\u013ca ir gatava. Vienk\u0101r\u0161i iespiediet t\u0113rauda stieni ga\u013cas vai zivs centr\u0101, LED displejs 4 l\u012bdz 5 sekun\u017eu laik\u0101 par\u0101d\u012bs temperat\u016bru p\u0113c Celsija vai F\u0101renheita. Kompaktais dizains sl\u0113pj zondi dro\u0161ai un \u0113rtai uzglab\u0101\u0161anai, un ier\u012bcei ir autom\u0101tiska izsl\u0113g\u0161an\u0101s p\u0113c 5 min\u016bt\u0113m. T\u012briet k\u0101tu tikai ar ziep\u0113m un \u016bdeni, nemazg\u0101jiet trauku mazg\u0101jamaj\u0101 ma\u0161\u012bn\u0101.<\/p>\n","protected":false},"featured_media":2973,"comment_status":"open","ping_status":"closed","template":"","meta":[],"pwb-brand":[158],"product_brand":[],"product_cat":[128,139],"product_tag":[],"class_list":{"0":"post-2972","1":"product","2":"type-product","3":"status-publish","4":"has-post-thumbnail","6":"pwb-brand-napoleon","7":"product_cat-piederumi","8":"product_cat-termometri","10":"first","11":"onbackorder","12":"taxable","13":"shipping-taxable","14":"purchasable","15":"product-type-simple"},"brands":[{"id":158,"name":"Napoleon","slug":"napoleon"}],"_links":{"self":[{"href":"https:\/\/grillandmore.lv\/shop\/wp-json\/wp\/v2\/product\/2972","targetHints":{"allow":["GET"]}}],"collection":[{"href":"https:\/\/grillandmore.lv\/shop\/wp-json\/wp\/v2\/product"}],"about":[{"href":"https:\/\/grillandmore.lv\/shop\/wp-json\/wp\/v2\/types\/product"}],"replies":[{"embeddable":true,"href":"https:\/\/grillandmore.lv\/shop\/wp-json\/wp\/v2\/comments?post=2972"}],"version-history":[{"count":1,"href":"https:\/\/grillandmore.lv\/shop\/wp-json\/wp\/v2\/product\/2972\/revisions"}],"predecessor-version":[{"id":6453,"href":"https:\/\/grillandmore.lv\/shop\/wp-json\/wp\/v2\/product\/2972\/revisions\/6453"}],"wp:featuredmedia":[{"embeddable":true,"href":"https:\/\/grillandmore.lv\/shop\/wp-json\/wp\/v2\/media\/2973"}],"wp:attachment":[{"href":"https:\/\/grillandmore.lv\/shop\/wp-json\/wp\/v2\/media?parent=2972"}],"wp:term":[{"taxonomy":"pwb-brand","embeddable":true,"href":"https:\/\/grillandmore.lv\/shop\/wp-json\/wp\/v2\/pwb-brand?post=2972"},{"taxonomy":"product_brand","embeddable":true,"href":"https:\/\/grillandmore.lv\/shop\/wp-json\/wp\/v2\/product_brand?post=2972"},{"taxonomy":"product_cat","embeddable":true,"href":"https:\/\/grillandmore.lv\/shop\/wp-json\/wp\/v2\/product_cat?post=2972"},{"taxonomy":"product_tag","embeddable":true,"href":"https:\/\/grillandmore.lv\/shop\/wp-json\/wp\/v2\/product_tag?post=2972"}],"curies":[{"name":"wp","href":"https:\/\/api.w.org\/{rel}","templated":true}]}}