{"id":2974,"date":"2023-03-19T12:28:50","date_gmt":"2023-03-19T10:28:50","guid":{"rendered":"https:\/\/grillandmore.lv\/shop\/?post_type=product&#038;p=2974"},"modified":"2023-09-19T19:00:17","modified_gmt":"2023-09-19T16:00:17","slug":"napoleon-wok-panna","status":"publish","type":"product","link":"https:\/\/grillandmore.lv\/shop\/products\/napoleon-wok-panna\/","title":{"rendered":"Napoleon wok panna"},"content":{"rendered":"<ul>\n<li>12\u00a0collu plata (30,5\u00a0cm) ner\u016bs\u0113jo\u0161\u0101 t\u0113rauda vokpanna<\/li>\n<li>\u0160is wok ir ide\u0101li piem\u0113rots liel\u0101kajai da\u013cai gatavo\u0161anas virsmu, tostarp g\u0101zes grila griliem, g\u0101zes pl\u012bts deg\u013ciem, elektrisk\u0101m pl\u012btim, indukcijas pl\u012bt\u012bm, un ir piel\u0101gota Napoleona PRO825 g\u0101zes grila jaudas deglim.<\/li>\n<li>\u0160im wok iek\u0161pusei ir sat\u012bna apdare, piem\u0113ram, profesion\u0101liem wok, kas pal\u012bdz nov\u0113rst \u0113diena pielip\u0161anu<\/li>\n<li>\u0112rti apgrieziet, m\u0113t\u0101jiet un apstr\u0101d\u0101jiet gatavo\u0161anu ar garo ergonomisko rokturi<\/li>\n<li>Sekund\u0101rais maz\u0101ks rokturis nodro\u0161ina stabilit\u0101ti, p\u0101rvietojot pilnu wok trauku no virtuves uz grila<\/li>\n<li>Plakanais dibens nodro\u0161ina stabilit\u0101ti uz jebkuras virsmas, nebaidoties no apg\u0101\u0161an\u0101s<\/li>\n<li>Ide\u0101li piem\u0113rots visam, s\u0101kot no mais\u012b\u0161anas, makaroniem, saut\u0113jumiem, risoto un pat frit\u0113\u0161anai<\/li>\n<\/ul>\n","protected":false},"excerpt":{"rendered":"<p style=\"text-align: justify;\">Ide\u0101ls gril\u0113\u0161anas kompanjons, Napoleona ner\u016bs\u0113jo\u0161\u0101 t\u0113rauda 12 collu Wok ir piel\u0101gots PRO825 g\u0101zes grila jaudas deglim, ta\u010du to var viegli izmantot uz jebkura grila, g\u0101zes, elektrisk\u0101s un keramikas pl\u012bts.<\/p>\n","protected":false},"featured_media":2975,"comment_status":"open","ping_status":"closed","template":"","meta":[],"pwb-brand":[158],"product_brand":[],"product_cat":[154,128],"product_tag":[],"class_list":{"0":"post-2974","1":"product","2":"type-product","3":"status-publish","4":"has-post-thumbnail","6":"pwb-brand-napoleon","7":"product_cat-pannas","8":"product_cat-piederumi","10":"first","11":"onbackorder","12":"taxable","13":"shipping-taxable","14":"purchasable","15":"product-type-simple"},"brands":[{"id":158,"name":"Napoleon","slug":"napoleon"}],"_links":{"self":[{"href":"https:\/\/grillandmore.lv\/shop\/wp-json\/wp\/v2\/product\/2974","targetHints":{"allow":["GET"]}}],"collection":[{"href":"https:\/\/grillandmore.lv\/shop\/wp-json\/wp\/v2\/product"}],"about":[{"href":"https:\/\/grillandmore.lv\/shop\/wp-json\/wp\/v2\/types\/product"}],"replies":[{"embeddable":true,"href":"https:\/\/grillandmore.lv\/shop\/wp-json\/wp\/v2\/comments?post=2974"}],"version-history":[{"count":1,"href":"https:\/\/grillandmore.lv\/shop\/wp-json\/wp\/v2\/product\/2974\/revisions"}],"predecessor-version":[{"id":6452,"href":"https:\/\/grillandmore.lv\/shop\/wp-json\/wp\/v2\/product\/2974\/revisions\/6452"}],"wp:featuredmedia":[{"embeddable":true,"href":"https:\/\/grillandmore.lv\/shop\/wp-json\/wp\/v2\/media\/2975"}],"wp:attachment":[{"href":"https:\/\/grillandmore.lv\/shop\/wp-json\/wp\/v2\/media?parent=2974"}],"wp:term":[{"taxonomy":"pwb-brand","embeddable":true,"href":"https:\/\/grillandmore.lv\/shop\/wp-json\/wp\/v2\/pwb-brand?post=2974"},{"taxonomy":"product_brand","embeddable":true,"href":"https:\/\/grillandmore.lv\/shop\/wp-json\/wp\/v2\/product_brand?post=2974"},{"taxonomy":"product_cat","embeddable":true,"href":"https:\/\/grillandmore.lv\/shop\/wp-json\/wp\/v2\/product_cat?post=2974"},{"taxonomy":"product_tag","embeddable":true,"href":"https:\/\/grillandmore.lv\/shop\/wp-json\/wp\/v2\/product_tag?post=2974"}],"curies":[{"name":"wp","href":"https:\/\/api.w.org\/{rel}","templated":true}]}}