{"id":2976,"date":"2023-03-19T12:39:49","date_gmt":"2023-03-19T10:39:49","guid":{"rendered":"https:\/\/grillandmore.lv\/shop\/?post_type=product&#038;p=2976"},"modified":"2023-09-19T19:00:11","modified_gmt":"2023-09-19T16:00:11","slug":"napoleon-picas-lapsta","status":"publish","type":"product","link":"https:\/\/grillandmore.lv\/shop\/products\/napoleon-picas-lapsta\/","title":{"rendered":"Napoleon picas l\u0101psta"},"content":{"rendered":"<ul>\n<li>PRO picas l\u0101psti\u0146ai ir ner\u016bs\u0113jo\u0161\u0101 t\u0113rauda l\u0101psti\u0146as virsma ar asu malu, lai viegli nok\u013c\u016btu zem \u0113diena<\/li>\n<li>Sl\u012bp\u0101 forma nodro\u0161ina iesp\u0113ju viegli transport\u0113t piln\u012bb\u0101 piekrautas picas no b\u0101rbekj\u016b vai cepe\u0161kr\u0101sns<\/li>\n<li>Blo\u0137\u0113\u0161anas rokturi var saloc\u012bt virs l\u0101psti\u0146as virsmas, lai nodro\u0161in\u0101tu kompaktu uzglab\u0101\u0161anu<\/li>\n<li>Lai viegli atbr\u012bvotu l\u0101psti\u0146u, pirms neapstr\u0101d\u0101tas m\u012bklas uzlik\u0161anas nosm\u0113r\u0113jiet l\u0101psti\u0146as virsmu ar kukur\u016bzas miltiem vai miltiem.<\/li>\n<\/ul>\n","protected":false},"excerpt":{"rendered":"<p style=\"text-align: justify;\">Napoleon PRO s\u0113rijas ner\u016bs\u0113jo\u0161\u0101 t\u0113rauda picas l\u0101psti\u0146ai ir liela virsma un nolok\u0101ms rokturis. Liela, iztur\u012bga, ilgsto\u0161a, ner\u016bs\u0113jo\u0161\u0101 t\u0113rauda virsma ir viegli t\u012br\u0101ma, vienk\u0101r\u0161i noslaukiet to, kad esat pabeidzis to lietot. As\u0101 mala \u013cauj viegli nok\u013c\u016bt zem picas, lai malt\u012bte b\u016btu stabila. Picas l\u0101psti\u0146a ar sl\u012bpu formu nodro\u0161ina lielisku sviru, lai paceltu piln\u012bb\u0101 piekrautas picas. Sp\u0113c\u012bgais nolok\u0101mais rokturis \u013cauj \u0113rti uzglab\u0101t \u0161aur\u0101s viet\u0101s, piem\u0113ram, grila skap\u012b vai virtuv\u0113s, kur ir maz vietas. Uzliekot neapstr\u0101d\u0101tu m\u012bklu uz picas l\u0101psti\u0146as, l\u0101psti\u0146u un picas akmeni not\u012briet ar kukur\u016bzas miltiem. Tas rad\u012bs nepiedego\u0161u virsmu un pie\u0161\u0137irs pat\u012bkamu krauk\u0161\u0137\u012bgumu picas apak\u0161ai. Gudra, daudzfunkcion\u0101la un viegli kopjama, katrai virtuvei ir pievienots Napoleona b\u0101rbekj\u016b piederums. M\u016bsu piederumi nodro\u0161ina jums nepiecie\u0161amo, lai izveidotu gardu gril\u0113tu \u0113dienu, un p\u0113c tam da\u017eus, lai uzlabotu j\u016bsu gatavo\u0161anas arsen\u0101lu ar da\u017e\u0101diem rado\u0161iem papildin\u0101jumiem, lai papla\u0161in\u0101tu j\u016bsu kulin\u0101rijas redzesloku.<\/p>\n","protected":false},"featured_media":2977,"comment_status":"open","ping_status":"closed","template":"","meta":[],"pwb-brand":[158],"product_brand":[],"product_cat":[151,128],"product_tag":[],"class_list":{"0":"post-2976","1":"product","2":"type-product","3":"status-publish","4":"has-post-thumbnail","6":"pwb-brand-napoleon","7":"product_cat-picai","8":"product_cat-piederumi","10":"first","11":"onbackorder","12":"taxable","13":"shipping-taxable","14":"purchasable","15":"product-type-simple"},"brands":[{"id":158,"name":"Napoleon","slug":"napoleon"}],"_links":{"self":[{"href":"https:\/\/grillandmore.lv\/shop\/wp-json\/wp\/v2\/product\/2976","targetHints":{"allow":["GET"]}}],"collection":[{"href":"https:\/\/grillandmore.lv\/shop\/wp-json\/wp\/v2\/product"}],"about":[{"href":"https:\/\/grillandmore.lv\/shop\/wp-json\/wp\/v2\/types\/product"}],"replies":[{"embeddable":true,"href":"https:\/\/grillandmore.lv\/shop\/wp-json\/wp\/v2\/comments?post=2976"}],"version-history":[{"count":1,"href":"https:\/\/grillandmore.lv\/shop\/wp-json\/wp\/v2\/product\/2976\/revisions"}],"predecessor-version":[{"id":6451,"href":"https:\/\/grillandmore.lv\/shop\/wp-json\/wp\/v2\/product\/2976\/revisions\/6451"}],"wp:featuredmedia":[{"embeddable":true,"href":"https:\/\/grillandmore.lv\/shop\/wp-json\/wp\/v2\/media\/2977"}],"wp:attachment":[{"href":"https:\/\/grillandmore.lv\/shop\/wp-json\/wp\/v2\/media?parent=2976"}],"wp:term":[{"taxonomy":"pwb-brand","embeddable":true,"href":"https:\/\/grillandmore.lv\/shop\/wp-json\/wp\/v2\/pwb-brand?post=2976"},{"taxonomy":"product_brand","embeddable":true,"href":"https:\/\/grillandmore.lv\/shop\/wp-json\/wp\/v2\/product_brand?post=2976"},{"taxonomy":"product_cat","embeddable":true,"href":"https:\/\/grillandmore.lv\/shop\/wp-json\/wp\/v2\/product_cat?post=2976"},{"taxonomy":"product_tag","embeddable":true,"href":"https:\/\/grillandmore.lv\/shop\/wp-json\/wp\/v2\/product_tag?post=2976"}],"curies":[{"name":"wp","href":"https:\/\/api.w.org\/{rel}","templated":true}]}}