{"id":2978,"date":"2023-03-19T12:50:08","date_gmt":"2023-03-19T10:50:08","guid":{"rendered":"https:\/\/grillandmore.lv\/shop\/?post_type=product&#038;p=2978"},"modified":"2023-09-19T19:00:04","modified_gmt":"2023-09-19T16:00:04","slug":"napoleon-cuguna-kokoglu-un-kupinasanas-grozs","status":"publish","type":"product","link":"https:\/\/grillandmore.lv\/shop\/products\/napoleon-cuguna-kokoglu-un-kupinasanas-grozs\/","title":{"rendered":"Napoleon \u010duguna kokog\u013cu un k\u016bpin\u0101\u0161anas grozs"},"content":{"rendered":"<div class=\"field__item\">\n<ul>\n<li class=\"field__item\">\u010cuguna kokog\u013cu un k\u016bpin\u0101t\u0101ja papl\u0101te \u013cauj gatavot ar ogl\u0113m uz g\u0101zes grila<\/li>\n<li class=\"field__item\">Izgatavots no smaga un iztur\u012bga \u010duguna, iztur augst\u0101s temperat\u016bras, ko rada kokogles<\/li>\n<li class=\"field__item\">\u0160is piederums ir paredz\u0113ts liel\u0101kajai da\u013cai Napoleon BBQ grilu, s\u0113\u017eot uz cep\u0161anas pl\u0101ksnes malas<\/li>\n<li class=\"field__item\">Nav j\u0101uztraucas par g\u0101zes BBQ saboj\u0101\u0161anu, jo Napoleon grili ir izgatavoti t\u0101, lai iztur\u0113tu lielu karstumu, ko rada kokogles<\/li>\n<li class=\"field__item\">Ieteicams lietot cietkoksnes ogles gabali\u0146us<\/li>\n<li class=\"field__item\">Pievienojiet koka skaidas k\u016bpin\u0101t\u0101ja papl\u0101tei vai pievienojiet koka gabalus tie\u0161i uz ogl\u0113m, lai pagatavotu k\u016bpin\u0101tu p\u0101rtiku uz j\u016bsu g\u0101zes b\u0101rbekj\u016b.<\/li>\n<li class=\"field__item\">Viegli un \u0101tri aizdedziet ogles, izmantojot BBQ g\u0101zes deg\u013cus. Darbojas ar prop\u0101nu un dabasg\u0101zi<\/li>\n<li class=\"field__item\">Lai izmantotu, no\u0146emiet BBQ Grill gatavo\u0161anas re\u017e\u0123us un apcep\u0161anas pl\u0101ksnes, novietojiet og\u013cu papl\u0101ti tie\u0161i uz g\u0101zes deg\u013ciem.<\/li>\n<li class=\"field__item\">Izmantojiet deg\u013cus, lai aizdedzin\u0101tu kokogles un pirms gatavo\u0161anas \u013caujiet ogl\u0113m p\u0101rpelnoties<\/li>\n<li class=\"field__item\">Gatavojiet, izmantojot vair\u0101kus pa\u0146\u0113mienus: k\u016bpiniet, apcepiet un apcepiet ar ogl\u0113m uz g\u0101zes b\u0101rbekj\u016b<\/li>\n<\/ul>\n<\/div>\n","protected":false},"excerpt":{"rendered":"<p style=\"text-align: justify;\">P\u0101rv\u0113rtiet savu iecien\u012bto Napoleona g\u0101zes grilu par og\u013cu grilu un k\u016bpin\u0101t\u0101ju, lai ieg\u016btu d\u016bmu kokog\u013cu gar\u0161u. \u010cuguna kokog\u013cu un k\u016bpin\u0101t\u0101ja papl\u0101te ir viegli lietojama. No\u0146emiet gatavo\u0161anas re\u017e\u0123us un novietojiet \u010duguna ogles un k\u016bpin\u0101t\u0101ja papl\u0101ti tie\u0161i uz g\u0101zes deg\u013ciem. \u010cuguna papl\u0101t\u0113 pievienojiet vienu ogles sl\u0101ni, p\u0113c tam iesl\u0113dziet g\u0101zes deg\u013cus un nomainiet gatavo\u0161anas re\u017e\u0123us. Pirms g\u0101zes deg\u013cu izsl\u0113g\u0161anas \u013caujiet ogl\u0113m aizdegties un p\u0101rpelnoties. Kad ogles ir gatavas, ir pien\u0101cis laiks gatavot. Izmantojiet koka gabalus tie\u0161i ogl\u0113s, lai ieg\u016btu k\u016bpin\u0101tu b\u0101rbekj\u016b gar\u0161u, vai izmantojiet integr\u0113to un p\u0101rkl\u0101to skaidu tur\u0113t\u0101ju izm\u0113rc\u0113t\u0101m vai neizm\u0113rc\u0113t\u0101m skaid\u0101m.<\/p>\n","protected":false},"featured_media":2979,"comment_status":"open","ping_status":"closed","template":"","meta":[],"pwb-brand":[158],"product_brand":[],"product_cat":[124,128,145],"product_tag":[],"class_list":{"0":"post-2978","1":"product","2":"type-product","3":"status-publish","4":"has-post-thumbnail","6":"pwb-brand-napoleon","7":"product_cat-gazes-grili","8":"product_cat-piederumi","9":"product_cat-plaukti-un-grozi","11":"first","12":"onbackorder","13":"taxable","14":"shipping-taxable","15":"purchasable","16":"product-type-simple"},"brands":[{"id":158,"name":"Napoleon","slug":"napoleon"}],"_links":{"self":[{"href":"https:\/\/grillandmore.lv\/shop\/wp-json\/wp\/v2\/product\/2978","targetHints":{"allow":["GET"]}}],"collection":[{"href":"https:\/\/grillandmore.lv\/shop\/wp-json\/wp\/v2\/product"}],"about":[{"href":"https:\/\/grillandmore.lv\/shop\/wp-json\/wp\/v2\/types\/product"}],"replies":[{"embeddable":true,"href":"https:\/\/grillandmore.lv\/shop\/wp-json\/wp\/v2\/comments?post=2978"}],"version-history":[{"count":1,"href":"https:\/\/grillandmore.lv\/shop\/wp-json\/wp\/v2\/product\/2978\/revisions"}],"predecessor-version":[{"id":6450,"href":"https:\/\/grillandmore.lv\/shop\/wp-json\/wp\/v2\/product\/2978\/revisions\/6450"}],"wp:featuredmedia":[{"embeddable":true,"href":"https:\/\/grillandmore.lv\/shop\/wp-json\/wp\/v2\/media\/2979"}],"wp:attachment":[{"href":"https:\/\/grillandmore.lv\/shop\/wp-json\/wp\/v2\/media?parent=2978"}],"wp:term":[{"taxonomy":"pwb-brand","embeddable":true,"href":"https:\/\/grillandmore.lv\/shop\/wp-json\/wp\/v2\/pwb-brand?post=2978"},{"taxonomy":"product_brand","embeddable":true,"href":"https:\/\/grillandmore.lv\/shop\/wp-json\/wp\/v2\/product_brand?post=2978"},{"taxonomy":"product_cat","embeddable":true,"href":"https:\/\/grillandmore.lv\/shop\/wp-json\/wp\/v2\/product_cat?post=2978"},{"taxonomy":"product_tag","embeddable":true,"href":"https:\/\/grillandmore.lv\/shop\/wp-json\/wp\/v2\/product_tag?post=2978"}],"curies":[{"name":"wp","href":"https:\/\/api.w.org\/{rel}","templated":true}]}}