{"id":2982,"date":"2023-03-19T12:59:08","date_gmt":"2023-03-19T10:59:08","guid":{"rendered":"https:\/\/grillandmore.lv\/shop\/?post_type=product&#038;p=2982"},"modified":"2023-09-19T18:59:58","modified_gmt":"2023-09-19T15:59:58","slug":"napoleon-dumu-kaste","status":"publish","type":"product","link":"https:\/\/grillandmore.lv\/shop\/products\/napoleon-dumu-kaste\/","title":{"rendered":"Napoleon d\u016bmu kaste"},"content":{"rendered":"<ul>\n<li>P\u0101rv\u0113rtiet savu g\u0101zes grilu par\u00a0 k\u016bpin\u0101tavu: piepildiet \u0161o lieljaudas, ner\u016bs\u0113jo\u0161\u0101 t\u0113rauda k\u016bpin\u0101\u0161anas kasti ar skaid\u0101m vai gabali\u0146iem, lai g\u0101zes grilu p\u0101rv\u0113rstu par k\u016bpin\u0101t\u0101ju.<\/li>\n<li>Viegla lieto\u0161ana: Napoleona ner\u016bs\u0113jo\u0161\u0101 t\u0113rauda sm\u0113\u0137\u0113t\u0101ju kaste balst\u0101s uz pl\u0101ksn\u0113m vai aizst\u0101j t\u0101s<\/li>\n<li>D\u016bmu gar\u0161a: pievienojiet arom\u0101tiskus d\u016bmus grila \u0113dieniem<\/li>\n<li>Ner\u016bs\u0113jo\u0161ais t\u0113rauds: augst\u0101k\u0101s kvalit\u0101tes ner\u016bs\u0113jo\u0161\u0101 t\u0113rauda materi\u0101ls ir iztur\u012bgs un viegli kopjams<br \/>\nPiem\u0113rots Prestige PRO\u2122, Prestige\u00ae un Rogue\u00ae s\u0113rijas griliem<\/li>\n<\/ul>\n","protected":false},"excerpt":{"rendered":"<p style=\"text-align: justify;\">Izbaudiet koka d\u016bmu prieku un gar\u0161u, izmantojot g\u0101zes grilu. Napoleon Stainless Steel Smoker Box ir \u012bpa\u0161i izstr\u0101d\u0101ta izmanto\u0161anai Napoleon Prestige PRO\u2122, Prestige\u00ae s\u0113rijas un Rogue\u00ae s\u0113rijas g\u0101zes griliem. Izgatavota no iztur\u012bga ner\u016bs\u0113jo\u0161\u0101 t\u0113rauda, \u0161\u012b Smoker Box aizvieto grila pl\u0101ksn\u012btes tie\u0161i virs aizdedzin\u0101ta deg\u013ca. Lai izmantotu, no\u0146emiet grila gatavo\u0161anas re\u017e\u0123us un apdedzin\u0101\u0161anas pl\u0101ksni tie\u0161i virs deg\u013ca. Novietojiet k\u016bpin\u0101t\u0101ja k\u0101rbu uz apdedzin\u0101\u0161anas pl\u0101ksnes balstiem. Piepildiet lielas ietilp\u012bbas kasti ar savu iecien\u012bt\u0101ko koka skaidu vai gabalu gar\u0161u un uzlieciet v\u0101ku.<\/p>\n","protected":false},"featured_media":2983,"comment_status":"open","ping_status":"closed","template":"","meta":[],"pwb-brand":[158],"product_brand":[],"product_cat":[149,124,128],"product_tag":[],"class_list":{"0":"post-2982","1":"product","2":"type-product","3":"status-publish","4":"has-post-thumbnail","6":"pwb-brand-napoleon","7":"product_cat-dumu-kastes","8":"product_cat-gazes-grili","9":"product_cat-piederumi","11":"first","12":"onbackorder","13":"taxable","14":"shipping-taxable","15":"purchasable","16":"product-type-simple"},"brands":[{"id":158,"name":"Napoleon","slug":"napoleon"}],"_links":{"self":[{"href":"https:\/\/grillandmore.lv\/shop\/wp-json\/wp\/v2\/product\/2982","targetHints":{"allow":["GET"]}}],"collection":[{"href":"https:\/\/grillandmore.lv\/shop\/wp-json\/wp\/v2\/product"}],"about":[{"href":"https:\/\/grillandmore.lv\/shop\/wp-json\/wp\/v2\/types\/product"}],"replies":[{"embeddable":true,"href":"https:\/\/grillandmore.lv\/shop\/wp-json\/wp\/v2\/comments?post=2982"}],"version-history":[{"count":1,"href":"https:\/\/grillandmore.lv\/shop\/wp-json\/wp\/v2\/product\/2982\/revisions"}],"predecessor-version":[{"id":6449,"href":"https:\/\/grillandmore.lv\/shop\/wp-json\/wp\/v2\/product\/2982\/revisions\/6449"}],"wp:featuredmedia":[{"embeddable":true,"href":"https:\/\/grillandmore.lv\/shop\/wp-json\/wp\/v2\/media\/2983"}],"wp:attachment":[{"href":"https:\/\/grillandmore.lv\/shop\/wp-json\/wp\/v2\/media?parent=2982"}],"wp:term":[{"taxonomy":"pwb-brand","embeddable":true,"href":"https:\/\/grillandmore.lv\/shop\/wp-json\/wp\/v2\/pwb-brand?post=2982"},{"taxonomy":"product_brand","embeddable":true,"href":"https:\/\/grillandmore.lv\/shop\/wp-json\/wp\/v2\/product_brand?post=2982"},{"taxonomy":"product_cat","embeddable":true,"href":"https:\/\/grillandmore.lv\/shop\/wp-json\/wp\/v2\/product_cat?post=2982"},{"taxonomy":"product_tag","embeddable":true,"href":"https:\/\/grillandmore.lv\/shop\/wp-json\/wp\/v2\/product_tag?post=2982"}],"curies":[{"name":"wp","href":"https:\/\/api.w.org\/{rel}","templated":true}]}}