{"id":2986,"date":"2023-03-19T13:07:17","date_gmt":"2023-03-19T11:07:17","guid":{"rendered":"https:\/\/grillandmore.lv\/shop\/?post_type=product&#038;p=2986"},"modified":"2023-09-19T18:59:43","modified_gmt":"2023-09-19T15:59:43","slug":"napoleon-trisrindu-birste","status":"publish","type":"product","link":"https:\/\/grillandmore.lv\/shop\/products\/napoleon-trisrindu-birste\/","title":{"rendered":"Napoleon tr\u012bsrindu birste"},"content":{"rendered":"<ul>\n<li>Suku rindu vertik\u0101l\u0101 orient\u0101cija atrodas starp re\u017e\u0123iem, lai nodro\u0161in\u0101tu viegl\u0101ku un lab\u0101ku t\u012br\u012b\u0161anu<\/li>\n<li>Izliekts roktura dizains palielina iztur\u012bbu, lai ieg\u016btu papildu sviras efektu<\/li>\n<li>Izmanto\u0161anai uz ner\u016bs\u0113jo\u0161\u0101 t\u0113rauda vai porcel\u0101na p\u0101rkl\u0101juma \u010duguna gatavo\u0161anas re\u017e\u0123iem<\/li>\n<li>Misi\u0146a sari<\/li>\n<\/ul>\n","protected":false},"excerpt":{"rendered":"<p style=\"text-align: justify;\">\u0160\u012b tr\u012bsrindu grila birste ar misi\u0146a sariem ir ide\u0101li piem\u0113rota pielipu\u0161o atlikumu no\u0146em\u0161anai no \u010duguna gatavo\u0161anas re\u017e\u0123iem p\u0113c gardu grila malt\u012b\u0161u gril\u0113\u0161anas. Izliekt\u0101 roktura konstrukcija nodro\u0161ina papildu sviru t\u012br\u012b\u0161anas laik\u0101. Suku rindu vertik\u0101l\u0101 orient\u0101cija atrodas starp re\u017e\u0123iem, lai nodro\u0161in\u0101tu viegl\u0101ku un lab\u0101ku t\u012br\u012b\u0161anu. \u0112rts \u0101\u0137is noz\u012bm\u0113, ka \u0161\u012b grila birste vienm\u0113r ir sasniedzama.<\/p>\n","protected":false},"featured_media":2987,"comment_status":"open","ping_status":"closed","template":"","meta":[],"pwb-brand":[158],"product_brand":[],"product_cat":[128,141],"product_tag":[],"class_list":{"0":"post-2986","1":"product","2":"type-product","3":"status-publish","4":"has-post-thumbnail","6":"pwb-brand-napoleon","7":"product_cat-piederumi","8":"product_cat-tirisanas-birstes","10":"first","11":"onbackorder","12":"taxable","13":"shipping-taxable","14":"purchasable","15":"product-type-simple"},"brands":[{"id":158,"name":"Napoleon","slug":"napoleon"}],"_links":{"self":[{"href":"https:\/\/grillandmore.lv\/shop\/wp-json\/wp\/v2\/product\/2986","targetHints":{"allow":["GET"]}}],"collection":[{"href":"https:\/\/grillandmore.lv\/shop\/wp-json\/wp\/v2\/product"}],"about":[{"href":"https:\/\/grillandmore.lv\/shop\/wp-json\/wp\/v2\/types\/product"}],"replies":[{"embeddable":true,"href":"https:\/\/grillandmore.lv\/shop\/wp-json\/wp\/v2\/comments?post=2986"}],"version-history":[{"count":1,"href":"https:\/\/grillandmore.lv\/shop\/wp-json\/wp\/v2\/product\/2986\/revisions"}],"predecessor-version":[{"id":6447,"href":"https:\/\/grillandmore.lv\/shop\/wp-json\/wp\/v2\/product\/2986\/revisions\/6447"}],"wp:featuredmedia":[{"embeddable":true,"href":"https:\/\/grillandmore.lv\/shop\/wp-json\/wp\/v2\/media\/2987"}],"wp:attachment":[{"href":"https:\/\/grillandmore.lv\/shop\/wp-json\/wp\/v2\/media?parent=2986"}],"wp:term":[{"taxonomy":"pwb-brand","embeddable":true,"href":"https:\/\/grillandmore.lv\/shop\/wp-json\/wp\/v2\/pwb-brand?post=2986"},{"taxonomy":"product_brand","embeddable":true,"href":"https:\/\/grillandmore.lv\/shop\/wp-json\/wp\/v2\/product_brand?post=2986"},{"taxonomy":"product_cat","embeddable":true,"href":"https:\/\/grillandmore.lv\/shop\/wp-json\/wp\/v2\/product_cat?post=2986"},{"taxonomy":"product_tag","embeddable":true,"href":"https:\/\/grillandmore.lv\/shop\/wp-json\/wp\/v2\/product_tag?post=2986"}],"curies":[{"name":"wp","href":"https:\/\/api.w.org\/{rel}","templated":true}]}}