{"id":2988,"date":"2023-03-19T13:14:28","date_gmt":"2023-03-19T11:14:28","guid":{"rendered":"https:\/\/grillandmore.lv\/shop\/?post_type=product&#038;p=2988"},"modified":"2023-09-19T18:59:35","modified_gmt":"2023-09-19T15:59:35","slug":"napoleon-nerusejosa-terauda-grila-birste","status":"publish","type":"product","link":"https:\/\/grillandmore.lv\/shop\/products\/napoleon-nerusejosa-terauda-grila-birste\/","title":{"rendered":"Napoleon ner\u016bs\u0113jo\u0161\u0101 t\u0113rauda grila birste"},"content":{"rendered":"<ul>\n<li>Birste ir ide\u0101li piem\u0113rota ner\u016bs\u0113jo\u0161\u0101 t\u0113rauda gatavo\u0161anas restu t\u012br\u012b\u0161anai<\/li>\n<li>Ergonomiski izstr\u0101d\u0101ts, lai nodro\u0161in\u0101tu jaud\u012bgu t\u012br\u012b\u0161anu, vienlaikus aizsarg\u0101jot rokas no karst\u0101 grila.<\/li>\n<li>Grila birstes galvai ir ner\u016bs\u0113jo\u0161\u0101 t\u0113rauda re\u017e\u0123a skr\u0101pis, lai no\u0146emtu notur\u012bgas vietas.<\/li>\n<li>Ieteicams gatavo\u0161anas re\u017e\u0123i uz grila uzreiz p\u0113c gatavo\u0161anas pabeig\u0161anas uzkars\u0113t un p\u0113c tam noslauc\u012bt ar grila suku, lai nodro\u0161in\u0101tu, ka grils ir gatavs n\u0101kamajai gril\u0113\u0161anas sesijai un ner\u016bs\u0113jo\u0161\u0101 t\u0113rauda cep\u0161anas re\u017e\u0123u ilgm\u016b\u017e\u012bbu.<\/li>\n<\/ul>\n","protected":false},"excerpt":{"rendered":"<p style=\"text-align: justify;\">Regul\u0101ras grila apkopes ir ieteicams uzreiz p\u0113c katras gatavo\u0161anas. Uzkars\u0113t grilu un izmantot grila t\u012br\u012b\u0161anas birsti, lai nodro\u0161in\u0101tu gatavo\u0161anas re\u017e\u0123u ilgm\u016b\u017e\u012bbu. Uzturiet ner\u016bs\u0113jo\u0161\u0101 t\u0113rauda grila restes t\u012bras, izmantojot \u0161o r\u016bpniecisko ner\u016bs\u0113jo\u0161\u0101 t\u0113rauda grila birsti.<\/p>\n","protected":false},"featured_media":2989,"comment_status":"open","ping_status":"closed","template":"","meta":[],"pwb-brand":[158],"product_brand":[],"product_cat":[128,141],"product_tag":[],"class_list":{"0":"post-2988","1":"product","2":"type-product","3":"status-publish","4":"has-post-thumbnail","6":"pwb-brand-napoleon","7":"product_cat-piederumi","8":"product_cat-tirisanas-birstes","10":"first","11":"onbackorder","12":"taxable","13":"shipping-taxable","14":"purchasable","15":"product-type-simple"},"brands":[{"id":158,"name":"Napoleon","slug":"napoleon"}],"_links":{"self":[{"href":"https:\/\/grillandmore.lv\/shop\/wp-json\/wp\/v2\/product\/2988","targetHints":{"allow":["GET"]}}],"collection":[{"href":"https:\/\/grillandmore.lv\/shop\/wp-json\/wp\/v2\/product"}],"about":[{"href":"https:\/\/grillandmore.lv\/shop\/wp-json\/wp\/v2\/types\/product"}],"replies":[{"embeddable":true,"href":"https:\/\/grillandmore.lv\/shop\/wp-json\/wp\/v2\/comments?post=2988"}],"version-history":[{"count":1,"href":"https:\/\/grillandmore.lv\/shop\/wp-json\/wp\/v2\/product\/2988\/revisions"}],"predecessor-version":[{"id":6446,"href":"https:\/\/grillandmore.lv\/shop\/wp-json\/wp\/v2\/product\/2988\/revisions\/6446"}],"wp:featuredmedia":[{"embeddable":true,"href":"https:\/\/grillandmore.lv\/shop\/wp-json\/wp\/v2\/media\/2989"}],"wp:attachment":[{"href":"https:\/\/grillandmore.lv\/shop\/wp-json\/wp\/v2\/media?parent=2988"}],"wp:term":[{"taxonomy":"pwb-brand","embeddable":true,"href":"https:\/\/grillandmore.lv\/shop\/wp-json\/wp\/v2\/pwb-brand?post=2988"},{"taxonomy":"product_brand","embeddable":true,"href":"https:\/\/grillandmore.lv\/shop\/wp-json\/wp\/v2\/product_brand?post=2988"},{"taxonomy":"product_cat","embeddable":true,"href":"https:\/\/grillandmore.lv\/shop\/wp-json\/wp\/v2\/product_cat?post=2988"},{"taxonomy":"product_tag","embeddable":true,"href":"https:\/\/grillandmore.lv\/shop\/wp-json\/wp\/v2\/product_tag?post=2988"}],"curies":[{"name":"wp","href":"https:\/\/api.w.org\/{rel}","templated":true}]}}