{"id":2991,"date":"2023-03-19T13:19:48","date_gmt":"2023-03-19T11:19:48","guid":{"rendered":"https:\/\/grillandmore.lv\/shop\/?post_type=product&#038;p=2991"},"modified":"2023-09-19T18:59:28","modified_gmt":"2023-09-19T15:59:28","slug":"napoleon-rogue-625-grila-parvalks","status":"publish","type":"product","link":"https:\/\/grillandmore.lv\/shop\/products\/napoleon-rogue-625-grila-parvalks\/","title":{"rendered":"Napoleon Rogue 625 grila p\u0101rvalks"},"content":{"rendered":"<ul>\n<li>3 gadu ierobe\u017eota garantija<\/li>\n<li>Ventil\u0101cijas atveres un pakarin\u0101\u0161anas cilpas<\/li>\n<li>Iztur\u012bgs, \u016bdensnecaurlaid\u012bgs audums<\/li>\n<li>Izcila izbal\u0113\u0161anas iztur\u012bba<\/li>\n<\/ul>\n<div class=\"field__item\">\n<article class=\"node node--type-product node--view-mode-compatible-product\" role=\"article\" data-history-node-id=\"145731\" data-nid=\"145731\">\n<div class=\"node__content\">\n<div class=\"title\"><a href=\"https:\/\/www.napoleon.com\/en\/us\/grills\/products\/gas-grills\/rogue-se-series\/rogue-se-625-rsib-rse625rsibnss-1\" rel=\"bookmark\"><span class=\"field field--name-title field--type-string field--label-hidden\">Rogue\u00ae SE 625 RSIB<\/span><\/a>RSE625RSIBNSS-1<\/div>\n<\/div>\n<\/article>\n<\/div>\n<div class=\"field__item\">\n<article class=\"node node--type-product node--view-mode-compatible-product\" role=\"article\" data-history-node-id=\"133821\" data-nid=\"133821\">\n<div class=\"node__content\">\n<div class=\"title\"><a href=\"https:\/\/www.napoleon.com\/en\/us\/grills\/products\/gas-grills\/rogue-se-series\/rogue-se-625-rsib-rse625rsibpss-1\" rel=\"bookmark\"><span class=\"field field--name-title field--type-string field--label-hidden\">Rogue\u00ae SE 625 RSIB<\/span><\/a>\u00a0RSE625RSIBPSS-1<\/div>\n<\/div>\n<\/article>\n<\/div>\n<div class=\"field__item\">\n<article class=\"node node--type-product node--view-mode-compatible-product\" role=\"article\" data-history-node-id=\"134666\" data-nid=\"134666\">\n<div class=\"node__content\">\n<div class=\"title\"><a href=\"https:\/\/www.napoleon.com\/en\/us\/grills\/products\/gas-grills\/rogue-xt-series\/rogue-xt-625-sib-rxt625sibnk-1\" rel=\"bookmark\"><span class=\"field field--name-title field--type-string field--label-hidden\">Rogue\u00ae XT 625 SIB<\/span><\/a>\u00a0RXT625SIBNK-1<\/div>\n<\/div>\n<\/article>\n<\/div>\n<div class=\"field__item\">\n<article class=\"node node--type-product node--view-mode-compatible-product\" role=\"article\" data-history-node-id=\"134811\" data-nid=\"134811\">\n<div class=\"node__content\">\n<div class=\"title\"><a href=\"https:\/\/www.napoleon.com\/en\/us\/grills\/products\/gas-grills\/rogue-xt-series\/rogue-xt-625-sib-rxt625sibnss-1-A\" rel=\"bookmark\"><span class=\"field field--name-title field--type-string field--label-hidden\">Rogue\u00ae XT 625 SIB<\/span><\/a>\u00a0RXT625SIBNSS-1-A<\/div>\n<\/div>\n<\/article>\n<\/div>\n<div class=\"field__item\">\n<article class=\"node node--type-product node--view-mode-compatible-product\" role=\"article\" data-history-node-id=\"134881\" data-nid=\"134881\">\n<div class=\"node__content\">\n<div class=\"title\"><a href=\"https:\/\/www.napoleon.com\/en\/us\/grills\/products\/gas-grills\/rogue-xt-series\/rogue-xt-625-sib-rxt625sibpk-1\" rel=\"bookmark\"><span class=\"field field--name-title field--type-string field--label-hidden\">Rogue\u00ae XT 625 SIB<\/span><\/a>\u00a0RXT625SIBPK-1<\/div>\n<\/div>\n<\/article>\n<\/div>\n<div class=\"field__item\">\n<article class=\"node node--type-product node--view-mode-compatible-product\" role=\"article\" data-history-node-id=\"134951\" data-nid=\"134951\">\n<div class=\"node__content\">\n<div class=\"title\"><a href=\"https:\/\/www.napoleon.com\/en\/us\/grills\/products\/gas-grills\/rogue-xt-series\/rogue-xt-625-sib-rxt625sibpss-1-A\" rel=\"bookmark\"><span class=\"field field--name-title field--type-string field--label-hidden\">Rogue\u00ae XT 625 SIB<\/span><\/a>\u00a0RXT625SIBPSS-1-A<\/div>\n<\/div>\n<\/article>\n<\/div>\n<p>&nbsp;<\/p>\n","protected":false},"excerpt":{"rendered":"<p style=\"text-align: justify;\">Aizsarg\u0101jiet savu Rogue\u00ae 625.\u00a0s\u0113rijas g\u0101zes grilu ar \u0161o Premium grila v\u0101ku. Iztur\u012bgs, \u016bdensnecaurlaid\u012bgs audums neplais\u0101s, un UV inhibitori nodro\u0161ina izcilu iztur\u012bbu pret izbal\u0113\u0161anu. Regul\u0113jamas siksnas ar spr\u0101dz\u0113m notur p\u0101rsegu viet\u0101, savuk\u0101rt ventil\u0101cijas atvere nodro\u0161ina gaisa pl\u016bsmu, nov\u0113r\u0161ot pel\u0113jumu, k\u0101 ar\u012b aizsarg\u0101 br\u0101zmain\u0101s dien\u0101s. Viegli uzglab\u0101jiet p\u0101rsegu prom no ce\u013ca, izmantojot \u0113rt\u0101s pakarin\u0101\u0161anas cilpas.<\/p>\n","protected":false},"featured_media":2990,"comment_status":"open","ping_status":"closed","template":"","meta":[],"pwb-brand":[158],"product_brand":[],"product_cat":[124,159],"product_tag":[],"class_list":{"0":"post-2991","1":"product","2":"type-product","3":"status-publish","4":"has-post-thumbnail","6":"pwb-brand-napoleon","7":"product_cat-gazes-grili","8":"product_cat-parvalki-gazes-grili","10":"first","11":"onbackorder","12":"taxable","13":"shipping-taxable","14":"purchasable","15":"product-type-simple"},"brands":[{"id":158,"name":"Napoleon","slug":"napoleon"}],"_links":{"self":[{"href":"https:\/\/grillandmore.lv\/shop\/wp-json\/wp\/v2\/product\/2991","targetHints":{"allow":["GET"]}}],"collection":[{"href":"https:\/\/grillandmore.lv\/shop\/wp-json\/wp\/v2\/product"}],"about":[{"href":"https:\/\/grillandmore.lv\/shop\/wp-json\/wp\/v2\/types\/product"}],"replies":[{"embeddable":true,"href":"https:\/\/grillandmore.lv\/shop\/wp-json\/wp\/v2\/comments?post=2991"}],"version-history":[{"count":2,"href":"https:\/\/grillandmore.lv\/shop\/wp-json\/wp\/v2\/product\/2991\/revisions"}],"predecessor-version":[{"id":6445,"href":"https:\/\/grillandmore.lv\/shop\/wp-json\/wp\/v2\/product\/2991\/revisions\/6445"}],"wp:featuredmedia":[{"embeddable":true,"href":"https:\/\/grillandmore.lv\/shop\/wp-json\/wp\/v2\/media\/2990"}],"wp:attachment":[{"href":"https:\/\/grillandmore.lv\/shop\/wp-json\/wp\/v2\/media?parent=2991"}],"wp:term":[{"taxonomy":"pwb-brand","embeddable":true,"href":"https:\/\/grillandmore.lv\/shop\/wp-json\/wp\/v2\/pwb-brand?post=2991"},{"taxonomy":"product_brand","embeddable":true,"href":"https:\/\/grillandmore.lv\/shop\/wp-json\/wp\/v2\/product_brand?post=2991"},{"taxonomy":"product_cat","embeddable":true,"href":"https:\/\/grillandmore.lv\/shop\/wp-json\/wp\/v2\/product_cat?post=2991"},{"taxonomy":"product_tag","embeddable":true,"href":"https:\/\/grillandmore.lv\/shop\/wp-json\/wp\/v2\/product_tag?post=2991"}],"curies":[{"name":"wp","href":"https:\/\/api.w.org\/{rel}","templated":true}]}}