{"id":2993,"date":"2023-03-19T13:27:02","date_gmt":"2023-03-19T11:27:02","guid":{"rendered":"https:\/\/grillandmore.lv\/shop\/?post_type=product&#038;p=2993"},"modified":"2023-09-19T18:59:21","modified_gmt":"2023-09-19T15:59:21","slug":"napoleon-rogue-525-grila-parvalks","status":"publish","type":"product","link":"https:\/\/grillandmore.lv\/shop\/products\/napoleon-rogue-525-grila-parvalks\/","title":{"rendered":"Napoleon Rogue 525 grila p\u0101rvalks"},"content":{"rendered":"<ul>\n<li style=\"text-align: justify;\">Iztur\u012bgais, melnais, \u016bdensnecaurlaid\u012bgais audums neplais\u0101s un neveidosies pel\u0113jums<\/li>\n<li style=\"text-align: justify;\">Regul\u0113jamas siksnas ar spr\u0101dz\u0113m nostiprina v\u0101ku zem grila s\u0101nu plauktiem<\/li>\n<li style=\"text-align: justify;\">Uzlaboti UV inhibitori nodro\u0161ina izcilu auduma iztur\u012bbu pret izbal\u0113\u0161anu<\/li>\n<li style=\"text-align: justify;\">Izmantojiet Velcro paneli priek\u0161pus\u0113, lai viegli piek\u013c\u016btu grila skapja glab\u0101\u0161anai, k\u0101 ar\u012b lai viegli aizsegtu un atsegtu grilu<\/li>\n<li style=\"text-align: justify;\">Aizmugur\u0113j\u0101 ventil\u0101cijas atvere nodro\u0161ina gaisa pl\u016bsmu, nov\u0113r\u0161ot pel\u0113jumu, k\u0101 ar\u012b nodro\u0161ina aizsardz\u012bbu br\u0101zmain\u0101s dien\u0101s<\/li>\n<li style=\"text-align: justify;\">Piek\u0101r\u0161anas cilpas \u0113rtai uzglab\u0101\u0161anai, kad to nelieto<\/li>\n<li style=\"text-align: justify;\">Piem\u0113rots liela izm\u0113ra b\u0101rbekj\u016b, tostarp Napoleon Rogue 525 g\u0101zes griliem<\/li>\n<li style=\"text-align: justify;\">3 gadu ierobe\u017eota garantija<\/li>\n<\/ul>\n<p>P\u0101rvalks sader\u012bgs ar:<\/p>\n<div class=\"field__item\">\n<article class=\"node node--type-product node--view-mode-compatible-product\" role=\"article\" data-history-node-id=\"133461\" data-nid=\"133461\">\n<div class=\"node__content\">\n<div class=\"title\"><a href=\"https:\/\/www.napoleon.com\/en\/us\/grills\/products\/gas-grills\/rogue-series\/rogue-525-r525pk-1\" rel=\"bookmark\"><span class=\"field field--name-title field--type-string field--label-hidden\">Rogue\u00ae 525<\/span><\/a>\u00a0R525PK-1<\/div>\n<\/div>\n<\/article>\n<\/div>\n<div class=\"field__item\">\n<article class=\"node node--type-product node--view-mode-compatible-product\" role=\"article\" data-history-node-id=\"133681\" data-nid=\"133681\">\n<div class=\"node__content\">\n<div class=\"title\"><a href=\"https:\/\/www.napoleon.com\/en\/us\/grills\/products\/gas-grills\/rogue-se-series\/rogue-se-525-rsib-rse525rsibnss-1\" rel=\"bookmark\"><span class=\"field field--name-title field--type-string field--label-hidden\">Rogue\u00ae SE 525 RSIB<\/span><\/a>\u00a0RSE525RSIBNSS-1<\/div>\n<\/div>\n<\/article>\n<\/div>\n<div class=\"field__item\">\n<article class=\"node node--type-product node--view-mode-compatible-product\" role=\"article\" data-history-node-id=\"133751\" data-nid=\"133751\">\n<div class=\"node__content\">\n<div class=\"title\"><a href=\"https:\/\/www.napoleon.com\/en\/us\/grills\/products\/gas-grills\/rogue-se-series\/rogue-se-525-rsib-rse525rsibpss-1\" rel=\"bookmark\"><span class=\"field field--name-title field--type-string field--label-hidden\">Rogue\u00ae SE 525 RSIB<\/span><\/a>\u00a0RSE525RSIBPSS-1<\/div>\n<\/div>\n<\/article>\n<\/div>\n<div class=\"field__item\">\n<article class=\"node node--type-product node--view-mode-compatible-product\" role=\"article\" data-history-node-id=\"147356\" data-nid=\"147356\">\n<div class=\"node__content\">\n<div class=\"title\"><a href=\"https:\/\/www.napoleon.com\/en\/us\/grills\/products\/gas-grills\/rogue-xt-series\/rogue-xt-525-rxt525nss-1\" rel=\"bookmark\"><span class=\"field field--name-title field--type-string field--label-hidden\">Rogue\u00ae XT 525<\/span><\/a>\u00a0RXT525NSS-1-A<\/div>\n<\/div>\n<\/article>\n<\/div>\n<div class=\"field__item\">\n<article class=\"node node--type-product node--view-mode-compatible-product\" role=\"article\" data-history-node-id=\"147421\" data-nid=\"147421\">\n<div class=\"node__content\">\n<div class=\"title\"><a href=\"https:\/\/www.napoleon.com\/en\/us\/grills\/products\/gas-grills\/rogue-xt-series\/rogue-xt-525-rxt525pss-1\" rel=\"bookmark\"><span class=\"field field--name-title field--type-string field--label-hidden\">Rogue\u00ae XT 525<\/span><\/a>\u00a0RXT525PSS-1-A<\/div>\n<\/div>\n<\/article>\n<\/div>\n<div class=\"field__item\">\n<article class=\"node node--type-product node--view-mode-compatible-product\" role=\"article\" data-history-node-id=\"134451\" data-nid=\"134451\">\n<div class=\"node__content\">\n<div class=\"title\"><a href=\"https:\/\/www.napoleon.com\/en\/us\/grills\/products\/gas-grills\/rogue-xt-series\/rogue-xt-525-sib-rxt525sibnk-1\" rel=\"bookmark\"><span class=\"field field--name-title field--type-string field--label-hidden\">Rogue\u00ae XT 525 SIB<\/span><\/a>\u00a0RXT525SIBNK-1<\/div>\n<\/div>\n<\/article>\n<\/div>\n<div class=\"field__item\">\n<article class=\"node node--type-product node--view-mode-compatible-product\" role=\"article\" data-history-node-id=\"134521\" data-nid=\"134521\">\n<div class=\"node__content\">\n<div class=\"title\"><a href=\"https:\/\/www.napoleon.com\/en\/us\/grills\/products\/gas-grills\/rogue-xt-series\/rogue-xt-525-sib-rxt525sibnss-1\" rel=\"bookmark\"><span class=\"field field--name-title field--type-string field--label-hidden\">Rogue\u00ae XT 525 SIB<\/span><\/a>\u00a0RXT525SIBNSS-1<\/div>\n<\/div>\n<\/article>\n<\/div>\n<div class=\"field__item\">\n<article class=\"node node--type-product node--view-mode-compatible-product\" role=\"article\" data-history-node-id=\"134591\" data-nid=\"134591\">\n<div class=\"node__content\">\n<div class=\"title\"><a href=\"https:\/\/www.napoleon.com\/en\/us\/grills\/products\/gas-grills\/rogue-xt-series\/rogue-xt-525-sib-rxt525sibpk-1\" rel=\"bookmark\"><span class=\"field field--name-title field--type-string field--label-hidden\">Rogue\u00ae XT 525 SIB<\/span><\/a>\u00a0RXT525SIBPK-1<\/div>\n<\/div>\n<\/article>\n<\/div>\n<div class=\"field__item\">\n<article class=\"node node--type-product node--view-mode-compatible-product\" role=\"article\" data-history-node-id=\"134596\" data-nid=\"134596\">\n<div class=\"node__content\">\n<div class=\"title\"><a href=\"https:\/\/www.napoleon.com\/en\/us\/grills\/products\/gas-grills\/rogue-xt-series\/rogue-xt-525-sib-rxt525sibpss-1\" rel=\"bookmark\"><span class=\"field field--name-title field--type-string field--label-hidden\">Rogue\u00ae XT 525 SIB<\/span><\/a>\u00a0RXT525SIBPSS-1<\/div>\n<\/div>\n<\/article>\n<\/div>\n","protected":false},"excerpt":{"rendered":"<p>Aizsarg\u0101jiet savu Rogue\u00ae 525.\u00a0s\u0113rijas g\u0101zes grilu ar \u0161o Premium grila v\u0101ku. Iztur\u012bgs, \u016bdensnecaurlaid\u012bgs audums neplais\u0101s, un UV inhibitori nodro\u0161ina izcilu iztur\u012bbu pret izbal\u0113\u0161anu. Regul\u0113jamas siksnas ar spr\u0101dz\u0113m notur p\u0101rsegu viet\u0101, savuk\u0101rt ventil\u0101cijas atvere nodro\u0161ina gaisa pl\u016bsmu, nov\u0113r\u0161ot pel\u0113jumu, k\u0101 ar\u012b aizsarg\u0101 br\u0101zmain\u0101s dien\u0101s. Viegli uzglab\u0101jiet p\u0101rsegu prom no ce\u013ca, izmantojot \u0113rt\u0101s pakarin\u0101\u0161anas cilpas.<\/p>\n","protected":false},"featured_media":2994,"comment_status":"open","ping_status":"closed","template":"","meta":[],"pwb-brand":[158],"product_brand":[],"product_cat":[124,159],"product_tag":[],"class_list":{"0":"post-2993","1":"product","2":"type-product","3":"status-publish","4":"has-post-thumbnail","6":"pwb-brand-napoleon","7":"product_cat-gazes-grili","8":"product_cat-parvalki-gazes-grili","10":"first","11":"onbackorder","12":"taxable","13":"shipping-taxable","14":"purchasable","15":"product-type-simple"},"brands":[{"id":158,"name":"Napoleon","slug":"napoleon"}],"_links":{"self":[{"href":"https:\/\/grillandmore.lv\/shop\/wp-json\/wp\/v2\/product\/2993","targetHints":{"allow":["GET"]}}],"collection":[{"href":"https:\/\/grillandmore.lv\/shop\/wp-json\/wp\/v2\/product"}],"about":[{"href":"https:\/\/grillandmore.lv\/shop\/wp-json\/wp\/v2\/types\/product"}],"replies":[{"embeddable":true,"href":"https:\/\/grillandmore.lv\/shop\/wp-json\/wp\/v2\/comments?post=2993"}],"version-history":[{"count":1,"href":"https:\/\/grillandmore.lv\/shop\/wp-json\/wp\/v2\/product\/2993\/revisions"}],"predecessor-version":[{"id":6444,"href":"https:\/\/grillandmore.lv\/shop\/wp-json\/wp\/v2\/product\/2993\/revisions\/6444"}],"wp:featuredmedia":[{"embeddable":true,"href":"https:\/\/grillandmore.lv\/shop\/wp-json\/wp\/v2\/media\/2994"}],"wp:attachment":[{"href":"https:\/\/grillandmore.lv\/shop\/wp-json\/wp\/v2\/media?parent=2993"}],"wp:term":[{"taxonomy":"pwb-brand","embeddable":true,"href":"https:\/\/grillandmore.lv\/shop\/wp-json\/wp\/v2\/pwb-brand?post=2993"},{"taxonomy":"product_brand","embeddable":true,"href":"https:\/\/grillandmore.lv\/shop\/wp-json\/wp\/v2\/product_brand?post=2993"},{"taxonomy":"product_cat","embeddable":true,"href":"https:\/\/grillandmore.lv\/shop\/wp-json\/wp\/v2\/product_cat?post=2993"},{"taxonomy":"product_tag","embeddable":true,"href":"https:\/\/grillandmore.lv\/shop\/wp-json\/wp\/v2\/product_tag?post=2993"}],"curies":[{"name":"wp","href":"https:\/\/api.w.org\/{rel}","templated":true}]}}