{"id":2995,"date":"2023-03-19T13:33:02","date_gmt":"2023-03-19T11:33:02","guid":{"rendered":"https:\/\/grillandmore.lv\/shop\/?post_type=product&#038;p=2995"},"modified":"2024-11-04T07:24:04","modified_gmt":"2024-11-04T05:24:04","slug":"napoleon-freestyle-grilu-parvalks","status":"publish","type":"product","link":"https:\/\/grillandmore.lv\/shop\/products\/napoleon-freestyle-grilu-parvalks\/","title":{"rendered":"Napoleon Freestyle grilu p\u0101rvalks"},"content":{"rendered":"<ul>\n<li>3 gadu ierobe\u017eota garantija<\/li>\n<li>Ventil\u0101cijas atveres un pakarin\u0101\u0161anas cilpas<\/li>\n<li>Iztur\u012bgs, \u016bdensnecaurlaid\u012bgs audums<\/li>\n<li>Izcila izbal\u0113\u0161anas iztur\u012bba<\/li>\n<\/ul>\n<p>P\u0101rvalks sader\u012bgs ar:<\/p>\n<div class=\"field__item\">\n<article class=\"node node--type-product node--view-mode-compatible-product\" role=\"article\" data-history-node-id=\"223501\" data-nid=\"223501\">\n<div class=\"node__content\">\n<div class=\"title\"><a href=\"https:\/\/www.napoleon.com\/en\/us\/grills\/products\/gas-grills\/freestyle-series\/freestyle-365-f365dngt\" rel=\"bookmark\"><span class=\"field field--name-title field--type-string field--label-hidden\">Freestyle 365<\/span><\/a>\u00a0F365DNGT<\/div>\n<\/div>\n<\/article>\n<\/div>\n<div class=\"field__item\">\n<article class=\"node node--type-product node--view-mode-compatible-product\" role=\"article\" data-history-node-id=\"223506\" data-nid=\"223506\">\n<div class=\"node__content\">\n<div class=\"title\"><a href=\"https:\/\/www.napoleon.com\/en\/us\/grills\/products\/gas-grills\/freestyle-series\/freestyle-365-f365dpgt\" rel=\"bookmark\"><span class=\"field field--name-title field--type-string field--label-hidden\">Freestyle 365<\/span><\/a>\u00a0F365DPGT<\/div>\n<\/div>\n<\/article>\n<\/div>\n<div class=\"field__item\">\n<article class=\"node node--type-product node--view-mode-compatible-product\" role=\"article\" data-history-node-id=\"229301\" data-nid=\"229301\">\n<div class=\"node__content\">\n<div class=\"title\"><a href=\"https:\/\/www.napoleon.com\/en\/us\/grills\/products\/gas-grills\/freestyle-series\/freestyle-365-sb-f365dsbpgt-ecp\" rel=\"bookmark\"><span class=\"field field--name-title field--type-string field--label-hidden\">Freestyle 365 SB<\/span><\/a>\u00a0F365DSBPGT-ECP<\/div>\n<\/div>\n<\/article>\n<\/div>\n<div class=\"field__item\">\n<article class=\"node node--type-product node--view-mode-compatible-product\" role=\"article\" data-history-node-id=\"223496\" data-nid=\"223496\">\n<div class=\"node__content\">\n<div class=\"title\"><a href=\"https:\/\/www.napoleon.com\/en\/us\/grills\/products\/gas-grills\/freestyle-series\/freestyle-425-f425dngt\" rel=\"bookmark\"><span class=\"field field--name-title field--type-string field--label-hidden\">Freestyle 425<\/span><\/a>\u00a0F425DNGT<\/div>\n<\/div>\n<\/article>\n<\/div>\n<div class=\"field__item\">\n<article class=\"node node--type-product node--view-mode-compatible-product\" role=\"article\" data-history-node-id=\"223491\" data-nid=\"223491\">\n<div class=\"node__content\">\n<div class=\"title\"><a href=\"https:\/\/www.napoleon.com\/en\/us\/grills\/products\/gas-grills\/freestyle-series\/freestyle-425-f425dpgt\" rel=\"bookmark\"><span class=\"field field--name-title field--type-string field--label-hidden\">Freestyle 425<\/span><\/a>\u00a0F425DPGT<\/div>\n<\/div>\n<\/article>\n<\/div>\n<div class=\"field__item\">\n<article class=\"node node--type-product node--view-mode-compatible-product\" role=\"article\" data-history-node-id=\"229311\" data-nid=\"229311\">\n<div class=\"node__content\">\n<div class=\"title\"><a href=\"https:\/\/www.napoleon.com\/en\/us\/grills\/products\/gas-grills\/freestyle-series\/freestyle-425-sb-f425dsbpgt-ecp\" rel=\"bookmark\"><span class=\"field field--name-title field--type-string field--label-hidden\">Freestyle 425 SB<\/span><\/a>\u00a0F425DSBPGT-ECP<\/div>\n<\/div>\n<\/article>\n<\/div>\n","protected":false},"excerpt":{"rendered":"<p style=\"text-align: justify;\">Napoleon Freestyle\u00ae grila p\u0101rsegs ir izgatavots augst\u0101k\u0101s kvalit\u0101tes, un tam ir iztur\u012bgs, \u016bdensnecaurlaid\u012bgs audums, kas neplais\u0101s un neizbal\u0113. Regul\u0113jam\u0101s siksnas ar spr\u0101dz\u0113m notur p\u0101rsegu viet\u0101, savuk\u0101rt ventil\u0101cijas atvere nodro\u0161ina gaisa pl\u016bsmu, nov\u0113r\u0161ot pel\u0113jumu, k\u0101 ar\u012b aizsarg\u0101 br\u0101zmain\u0101s dien\u0101s. Augst\u0101k\u0101 UV inhibitoru iztur\u012bba pret izbal\u0113\u0161anu nov\u0113r\u0161 balin\u0101\u0161anu. Izmantojot \u0113rt\u0101s pakarin\u0101\u0161anas cilpas, \u0161o p\u0101rsegu varat viegli uzglab\u0101t prom no ce\u013ca. \u0160is grila p\u0101rsegs der visai Napoleon Freestyle\u00ae s\u0113rijai.<\/p>\n","protected":false},"featured_media":2996,"comment_status":"open","ping_status":"closed","template":"","meta":[],"pwb-brand":[158],"product_brand":[],"product_cat":[124,159],"product_tag":[],"class_list":{"0":"post-2995","1":"product","2":"type-product","3":"status-publish","4":"has-post-thumbnail","6":"pwb-brand-napoleon","7":"product_cat-gazes-grili","8":"product_cat-parvalki-gazes-grili","10":"first","11":"onbackorder","12":"taxable","13":"shipping-taxable","14":"purchasable","15":"product-type-simple"},"brands":[{"id":158,"name":"Napoleon","slug":"napoleon"}],"_links":{"self":[{"href":"https:\/\/grillandmore.lv\/shop\/wp-json\/wp\/v2\/product\/2995","targetHints":{"allow":["GET"]}}],"collection":[{"href":"https:\/\/grillandmore.lv\/shop\/wp-json\/wp\/v2\/product"}],"about":[{"href":"https:\/\/grillandmore.lv\/shop\/wp-json\/wp\/v2\/types\/product"}],"replies":[{"embeddable":true,"href":"https:\/\/grillandmore.lv\/shop\/wp-json\/wp\/v2\/comments?post=2995"}],"version-history":[{"count":1,"href":"https:\/\/grillandmore.lv\/shop\/wp-json\/wp\/v2\/product\/2995\/revisions"}],"predecessor-version":[{"id":6443,"href":"https:\/\/grillandmore.lv\/shop\/wp-json\/wp\/v2\/product\/2995\/revisions\/6443"}],"wp:featuredmedia":[{"embeddable":true,"href":"https:\/\/grillandmore.lv\/shop\/wp-json\/wp\/v2\/media\/2996"}],"wp:attachment":[{"href":"https:\/\/grillandmore.lv\/shop\/wp-json\/wp\/v2\/media?parent=2995"}],"wp:term":[{"taxonomy":"pwb-brand","embeddable":true,"href":"https:\/\/grillandmore.lv\/shop\/wp-json\/wp\/v2\/pwb-brand?post=2995"},{"taxonomy":"product_brand","embeddable":true,"href":"https:\/\/grillandmore.lv\/shop\/wp-json\/wp\/v2\/product_brand?post=2995"},{"taxonomy":"product_cat","embeddable":true,"href":"https:\/\/grillandmore.lv\/shop\/wp-json\/wp\/v2\/product_cat?post=2995"},{"taxonomy":"product_tag","embeddable":true,"href":"https:\/\/grillandmore.lv\/shop\/wp-json\/wp\/v2\/product_tag?post=2995"}],"curies":[{"name":"wp","href":"https:\/\/api.w.org\/{rel}","templated":true}]}}