{"id":2997,"date":"2023-03-19T13:40:03","date_gmt":"2023-03-19T11:40:03","guid":{"rendered":"https:\/\/grillandmore.lv\/shop\/?post_type=product&#038;p=2997"},"modified":"2023-09-19T18:59:06","modified_gmt":"2023-09-19T15:59:06","slug":"napoleon-rogue-425-grila-parvalks","status":"publish","type":"product","link":"https:\/\/grillandmore.lv\/shop\/products\/napoleon-rogue-425-grila-parvalks\/","title":{"rendered":"Napoleon Rogue 425 grila p\u0101rvalks"},"content":{"rendered":"<ul>\n<li>Iztur\u012bgais, melnais, \u016bdensnecaurlaid\u012bgais audums neplais\u0101s un neveidosies pel\u0113jums<\/li>\n<li>Regul\u0113jamas siksnas ar spr\u0101dz\u0113m nostiprina v\u0101ku zem grila s\u0101nu plauktiem<\/li>\n<li>Uzlaboti UV inhibitori nodro\u0161ina izcilu auduma iztur\u012bbu pret izbal\u0113\u0161anu<\/li>\n<li>Izmantojiet Velcro paneli priek\u0161pus\u0113, lai viegli piek\u013c\u016btu grila skapja glab\u0101\u0161anai, k\u0101 ar\u012b lai viegli aizsegtu un atsegtu grilu<\/li>\n<li>Aizmugur\u0113j\u0101 ventil\u0101cijas atvere nodro\u0161ina gaisa pl\u016bsmu, nov\u0113r\u0161ot pel\u0113jumu, k\u0101 ar\u012b nodro\u0161ina aizsardz\u012bbu br\u0101zmain\u0101s dien\u0101s<\/li>\n<li>Pakarin\u0101m\u0101s cilpas \u0113rtai uzglab\u0101\u0161anai, kad t\u0101s netiek lietotas<\/li>\n<li>Piem\u0113rots vid\u0113ja lieluma griliem, tostarp Napoleon Rogue 425 g\u0101zes griliem<\/li>\n<li>3 gadu ierobe\u017eota garantija<\/li>\n<\/ul>\n<p>P\u0101rvalks sader\u012bgs ar:<\/p>\n<div class=\"field__item\">\n<article class=\"node node--type-product node--view-mode-compatible-product\" role=\"article\" data-history-node-id=\"152821\" data-nid=\"152821\">\n<div class=\"node__content\">\n<div class=\"title\"><a href=\"https:\/\/www.napoleon.com\/en\/us\/grills\/products\/gas-grills\/rogue-series\/rogue-425-r425nk-1\" rel=\"bookmark\"><span class=\"field field--name-title field--type-string field--label-hidden\">Rogue\u00ae 425<\/span><\/a>\u00a0R425NK-1<\/div>\n<\/div>\n<\/article>\n<\/div>\n<div class=\"field__item\">\n<article class=\"node node--type-product node--view-mode-compatible-product\" role=\"article\" data-history-node-id=\"133321\" data-nid=\"133321\">\n<div class=\"node__content\">\n<div class=\"title\"><a href=\"https:\/\/www.napoleon.com\/en\/us\/grills\/products\/gas-grills\/rogue-series\/rogue-425-r425pk-1\" rel=\"bookmark\"><span class=\"field field--name-title field--type-string field--label-hidden\">Rogue\u00ae 425<\/span><\/a>\u00a0R425PK-1<\/div>\n<\/div>\n<\/article>\n<\/div>\n<div class=\"field__item\">\n<article class=\"node node--type-product node--view-mode-compatible-product\" role=\"article\" data-history-node-id=\"135051\" data-nid=\"135051\">\n<div class=\"node__content\">\n<div class=\"title\"><a href=\"https:\/\/www.napoleon.com\/en\/us\/grills\/products\/gas-grills\/rogue-series\/rogue-425-sb-r425sbnk-1-ob\" rel=\"bookmark\"><span class=\"field field--name-title field--type-string field--label-hidden\">Rogue\u00ae 425 SB<\/span><\/a>\u00a0R425SBNK-1-OB<\/div>\n<\/div>\n<\/article>\n<\/div>\n<div class=\"field__item\">\n<article class=\"node node--type-product node--view-mode-compatible-product\" role=\"article\" data-history-node-id=\"133391\" data-nid=\"133391\">\n<div class=\"node__content\">\n<div class=\"title\"><a href=\"https:\/\/www.napoleon.com\/en\/us\/grills\/products\/gas-grills\/rogue-series\/rogue-425-sb-r425sbpk-1-ob\" rel=\"bookmark\"><span class=\"field field--name-title field--type-string field--label-hidden\">Rogue\u00ae 425 SB<\/span><\/a>\u00a0R425SBPK-1-OB<\/div>\n<\/div>\n<\/article>\n<\/div>\n<div class=\"field__item\">\n<article class=\"node node--type-product node--view-mode-compatible-product\" role=\"article\" data-history-node-id=\"206311\" data-nid=\"206311\">\n<div class=\"node__content\">\n<div class=\"title\"><a href=\"https:\/\/www.napoleon.com\/en\/us\/grills\/products\/gas-grills\/phantom-series\/phantom-rogue-se-425-rsib-rse425rsibnmk-1-phm\" rel=\"bookmark\"><span class=\"field field--name-title field--type-string field--label-hidden\">Phantom Rogue\u00ae SE 425 RSIB<\/span><\/a>\u00a0RSE425RSIBNMK-1-PHM<\/div>\n<\/div>\n<\/article>\n<\/div>\n<div class=\"field__item\">\n<article class=\"node node--type-product node--view-mode-compatible-product\" role=\"article\" data-history-node-id=\"133536\" data-nid=\"133536\">\n<div class=\"node__content\">\n<div class=\"title\"><a href=\"https:\/\/www.napoleon.com\/en\/us\/grills\/products\/gas-grills\/rogue-se-series\/rogue-se-425-rsib-rse425rsibnss-1\" rel=\"bookmark\"><span class=\"field field--name-title field--type-string field--label-hidden\">Rogue\u00ae SE 425 RSIB<\/span><\/a>\u00a0RSE425RSIBNSS-1<\/div>\n<\/div>\n<\/article>\n<\/div>\n<div class=\"field__item\">\n<article class=\"node node--type-product node--view-mode-compatible-product\" role=\"article\" data-history-node-id=\"206306\" data-nid=\"206306\">\n<div class=\"node__content\">\n<div class=\"title\"><a href=\"https:\/\/www.napoleon.com\/en\/us\/grills\/products\/gas-grills\/phantom-series\/phantom-rogue-se-425-rsib-rse425rsibpmk-1-phm\" rel=\"bookmark\"><span class=\"field field--name-title field--type-string field--label-hidden\">Phantom Rogue\u00ae SE 425 RSIB<\/span><\/a>\u00a0RSE425RSIBPMK-1-PHM<\/div>\n<\/div>\n<\/article>\n<\/div>\n<div class=\"field__item\">\n<article class=\"node node--type-product node--view-mode-compatible-product\" role=\"article\" data-history-node-id=\"133606\" data-nid=\"133606\">\n<div class=\"node__content\">\n<div class=\"title\"><a href=\"https:\/\/www.napoleon.com\/en\/us\/grills\/products\/gas-grills\/rogue-se-series\/rogue-se-425-rsib-rse425rsibpss-1\" rel=\"bookmark\"><span class=\"field field--name-title field--type-string field--label-hidden\">Rogue\u00ae SE 425 RSIB<\/span><\/a>\u00a0RSE425RSIBPSS-1<\/div>\n<\/div>\n<\/article>\n<\/div>\n<div class=\"field__item\">\n<article class=\"node node--type-product node--view-mode-compatible-product\" role=\"article\" data-history-node-id=\"134101\" data-nid=\"134101\">\n<div class=\"node__content\">\n<div class=\"title\"><a href=\"https:\/\/www.napoleon.com\/en\/us\/grills\/products\/gas-grills\/rogue-xt-series\/rogue-xt-425-rxt425nss-1\" rel=\"bookmark\"><span class=\"field field--name-title field--type-string field--label-hidden\">Rogue\u00ae XT 425<\/span><\/a>\u00a0RXT425NSS-1<\/div>\n<\/div>\n<\/article>\n<\/div>\n<div class=\"field__item\">\n<article class=\"node node--type-product node--view-mode-compatible-product\" role=\"article\" data-history-node-id=\"134166\" data-nid=\"134166\">\n<div class=\"node__content\">\n<div class=\"title\"><a href=\"https:\/\/www.napoleon.com\/en\/us\/grills\/products\/gas-grills\/rogue-xt-series\/rogue-xt-425-rxt425pss-1\" rel=\"bookmark\"><span class=\"field field--name-title field--type-string field--label-hidden\">Rogue\u00ae XT 425<\/span><\/a>\u00a0RXT425PSS-1<\/div>\n<\/div>\n<\/article>\n<\/div>\n<div class=\"field__item\">\n<article class=\"node node--type-product node--view-mode-compatible-product\" role=\"article\" data-history-node-id=\"134236\" data-nid=\"134236\">\n<div class=\"node__content\">\n<div class=\"title\"><a href=\"https:\/\/www.napoleon.com\/en\/us\/grills\/products\/gas-grills\/rogue-xt-series\/rogue-xt-425-sib-rxt425sibnk-1\" rel=\"bookmark\"><span class=\"field field--name-title field--type-string field--label-hidden\">Rogue\u00ae XT 425 SIB<\/span><\/a>\u00a0RXT425SIBNK-1<\/div>\n<\/div>\n<\/article>\n<\/div>\n<div class=\"field__item\">\n<article class=\"node node--type-product node--view-mode-compatible-product\" role=\"article\" data-history-node-id=\"134306\" data-nid=\"134306\">\n<div class=\"node__content\">\n<div class=\"title\"><a href=\"https:\/\/www.napoleon.com\/en\/us\/grills\/products\/gas-grills\/rogue-xt-series\/rogue-xt-425-sib-rxt425sibnss-1\" rel=\"bookmark\"><span class=\"field field--name-title field--type-string field--label-hidden\">Rogue\u00ae XT 425 SIB<\/span><\/a>\u00a0RXT425SIBNSS-1<\/div>\n<\/div>\n<\/article>\n<\/div>\n<div class=\"field__item\">\n<article class=\"node node--type-product node--view-mode-compatible-product\" role=\"article\" data-history-node-id=\"134376\" data-nid=\"134376\">\n<div class=\"node__content\">\n<div class=\"title\"><a href=\"https:\/\/www.napoleon.com\/en\/us\/grills\/products\/gas-grills\/rogue-xt-series\/rogue-xt-425-sib-rxt425sibpk-1\" rel=\"bookmark\"><span class=\"field field--name-title field--type-string field--label-hidden\">Rogue\u00ae XT 425 SIB<\/span><\/a>\u00a0RXT425SIBPK-1<\/div>\n<\/div>\n<\/article>\n<\/div>\n<div class=\"field__item\">\n<article class=\"node node--type-product node--view-mode-compatible-product\" role=\"article\" data-history-node-id=\"134381\" data-nid=\"134381\">\n<div class=\"node__content\">\n<div class=\"title\"><a href=\"https:\/\/www.napoleon.com\/en\/us\/grills\/products\/gas-grills\/rogue-xt-series\/rogue-xt-425-sib-rxt425sibpss-1\" rel=\"bookmark\"><span class=\"field field--name-title field--type-string field--label-hidden\">Rogue\u00ae XT 425 SIB<\/span><\/a>\u00a0RXT425SIBPSS-1<\/div>\n<\/div>\n<\/article>\n<\/div>\n","protected":false},"excerpt":{"rendered":"<p style=\"text-align: justify;\">Aizsarg\u0101jiet savu Rogue\u00ae 425.\u00a0s\u0113rijas g\u0101zes grilu ar \u0161o Premium grila v\u0101ku. Iztur\u012bgs, \u016bdensnecaurlaid\u012bgs audums neplais\u0101s, un UV inhibitori nodro\u0161ina izcilu iztur\u012bbu pret izbal\u0113\u0161anu. Regul\u0113jamas siksnas ar spr\u0101dz\u0113m notur p\u0101rsegu viet\u0101, savuk\u0101rt ventil\u0101cijas atvere nodro\u0161ina gaisa pl\u016bsmu, nov\u0113r\u0161ot pel\u0113jumu, k\u0101 ar\u012b aizsarg\u0101 br\u0101zmain\u0101s dien\u0101s. Viegli uzglab\u0101jiet p\u0101rsegu prom no ce\u013ca, izmantojot \u0113rt\u0101s pakarin\u0101\u0161anas cilpas.<\/p>\n","protected":false},"featured_media":2998,"comment_status":"open","ping_status":"closed","template":"","meta":[],"pwb-brand":[],"product_brand":[],"product_cat":[124,159],"product_tag":[],"class_list":{"0":"post-2997","1":"product","2":"type-product","3":"status-publish","4":"has-post-thumbnail","6":"product_cat-gazes-grili","7":"product_cat-parvalki-gazes-grili","9":"first","10":"onbackorder","11":"taxable","12":"shipping-taxable","13":"purchasable","14":"product-type-simple"},"brands":[],"_links":{"self":[{"href":"https:\/\/grillandmore.lv\/shop\/wp-json\/wp\/v2\/product\/2997","targetHints":{"allow":["GET"]}}],"collection":[{"href":"https:\/\/grillandmore.lv\/shop\/wp-json\/wp\/v2\/product"}],"about":[{"href":"https:\/\/grillandmore.lv\/shop\/wp-json\/wp\/v2\/types\/product"}],"replies":[{"embeddable":true,"href":"https:\/\/grillandmore.lv\/shop\/wp-json\/wp\/v2\/comments?post=2997"}],"version-history":[{"count":1,"href":"https:\/\/grillandmore.lv\/shop\/wp-json\/wp\/v2\/product\/2997\/revisions"}],"predecessor-version":[{"id":6442,"href":"https:\/\/grillandmore.lv\/shop\/wp-json\/wp\/v2\/product\/2997\/revisions\/6442"}],"wp:featuredmedia":[{"embeddable":true,"href":"https:\/\/grillandmore.lv\/shop\/wp-json\/wp\/v2\/media\/2998"}],"wp:attachment":[{"href":"https:\/\/grillandmore.lv\/shop\/wp-json\/wp\/v2\/media?parent=2997"}],"wp:term":[{"taxonomy":"pwb-brand","embeddable":true,"href":"https:\/\/grillandmore.lv\/shop\/wp-json\/wp\/v2\/pwb-brand?post=2997"},{"taxonomy":"product_brand","embeddable":true,"href":"https:\/\/grillandmore.lv\/shop\/wp-json\/wp\/v2\/product_brand?post=2997"},{"taxonomy":"product_cat","embeddable":true,"href":"https:\/\/grillandmore.lv\/shop\/wp-json\/wp\/v2\/product_cat?post=2997"},{"taxonomy":"product_tag","embeddable":true,"href":"https:\/\/grillandmore.lv\/shop\/wp-json\/wp\/v2\/product_tag?post=2997"}],"curies":[{"name":"wp","href":"https:\/\/api.w.org\/{rel}","templated":true}]}}