{"id":3006,"date":"2023-03-19T13:55:09","date_gmt":"2023-03-19T11:55:09","guid":{"rendered":"https:\/\/grillandmore.lv\/shop\/?post_type=product&#038;p=3006"},"modified":"2023-09-19T18:57:01","modified_gmt":"2023-09-19T15:57:01","slug":"napoleon-grilesanas-wok-grozs","status":"publish","type":"product","link":"https:\/\/grillandmore.lv\/shop\/products\/napoleon-grilesanas-wok-grozs\/","title":{"rendered":"Napoleon gril\u0113\u0161anas wok grozs"},"content":{"rendered":"<ul>\n<li>Grozs izgatavots no iztur\u012bga ner\u016bs\u0113jo\u0161\u0101 t\u0113rauda, \u0161is grila piederums ir viegli t\u012br\u0101ms un kalpos visu m\u016b\u017eu<\/li>\n<li>Ner\u016bs\u0113jo\u0161\u0101 t\u0113rauda voka virsma ir ide\u0101li piem\u0113rota maz\u0101ku \u0113dienu, kas daudz p\u0101rvietojas, k\u0101 kotletes, spar\u0123e\u013ci, s\u0113nes un daudz ko citu, k\u0101r\u0161anai.<\/li>\n<li>\u0160is grila piederums ne\u013cauj \u0113dienam izkrist cauri gatavo\u0161anas re\u017e\u0123iem, vienlaikus nodro\u0161inot v\u0113lamos gatavo\u0161anas rezult\u0101tus, izmantojot grila grilu.<\/li>\n<li>Lieliska iesp\u0113ja smalku \u0113dienu, d\u0101rze\u0146u un kartupe\u013cu gatavo\u0161anai.<\/li>\n<li>Grila vokpannai ir liel\u0101ka ietilp\u012bba, lai pagatavotu \u0113dienu \u013caud\u012bm. 12,75 x 12,75 x 2 collas (32,39 x 32,39 x 5,08 cm)<\/li>\n<li>Ieb\u016bv\u0113tie rokturi nodro\u0161ina to, ka ir viegli p\u0101rvietot, m\u0113t\u0101t un sajaukt jebkuru \u0113dienu iek\u0161\u0101 vienm\u0113r\u012bgai gatavo\u0161anai. L\u016bdzu, atcerieties, ka, pieskaroties karst\u0101m virsm\u0101m, izmantojiet knaibles vai karstumiztur\u012bgus cimdus<\/li>\n<li>Pannu ir viegli t\u012br\u012bt, vienk\u0101r\u0161i ielieciet to trauku mazg\u0101jam\u0101 ma\u0161\u012bn\u0101, lai tas b\u016btu gatavs lieto\u0161anai n\u0101kamaj\u0101 \u0113dienreiz\u0113.<\/li>\n<\/ul>\n","protected":false},"excerpt":{"rendered":"<p style=\"text-align: justify;\">Napoleona ner\u016bs\u0113jo\u0161\u0101 t\u0113rauda wok virsma ir ide\u0101li piem\u0113rota gril\u0113\u0161anai. Iztur\u012bgais ner\u016bs\u0113jo\u0161ais t\u0113rauds ir viegli t\u012br\u0101ms un kalpos visu m\u016b\u017eu. Gatavojot uz grila, maz\u0101kiem \u0113dieniem ir ieradums p\u0101rvietoties un pat izkrist pa gatavo\u0161anas rest\u0113m, pat izmantojot Napoleona ikoniskos WAVE\u2122 gatavo\u0161anas re\u017e\u0123us. Augst\u0101s sienas satur \u0113dienu, kas ir maz\u0101ks vai p\u0101rvietojas, piem\u0113ram, kotletes, s\u0113nes, \u0137ir\u0161u tom\u0101ti un daudz ko citu. Perfor\u0113tais dizains nodro\u0161ina, ka j\u016bs joproj\u0101m sa\u0146emat gril\u0113to og\u013cu gar\u0161u, kas ir lab\u0101ko gril\u0113to malt\u012b\u0161u paz\u012bme.<\/p>\n","protected":false},"featured_media":3007,"comment_status":"open","ping_status":"closed","template":"","meta":[],"pwb-brand":[158],"product_brand":[],"product_cat":[128,145],"product_tag":[],"class_list":{"0":"post-3006","1":"product","2":"type-product","3":"status-publish","4":"has-post-thumbnail","6":"pwb-brand-napoleon","7":"product_cat-piederumi","8":"product_cat-plaukti-un-grozi","10":"first","11":"onbackorder","12":"taxable","13":"shipping-taxable","14":"purchasable","15":"product-type-simple"},"brands":[{"id":158,"name":"Napoleon","slug":"napoleon"}],"_links":{"self":[{"href":"https:\/\/grillandmore.lv\/shop\/wp-json\/wp\/v2\/product\/3006","targetHints":{"allow":["GET"]}}],"collection":[{"href":"https:\/\/grillandmore.lv\/shop\/wp-json\/wp\/v2\/product"}],"about":[{"href":"https:\/\/grillandmore.lv\/shop\/wp-json\/wp\/v2\/types\/product"}],"replies":[{"embeddable":true,"href":"https:\/\/grillandmore.lv\/shop\/wp-json\/wp\/v2\/comments?post=3006"}],"version-history":[{"count":1,"href":"https:\/\/grillandmore.lv\/shop\/wp-json\/wp\/v2\/product\/3006\/revisions"}],"predecessor-version":[{"id":6439,"href":"https:\/\/grillandmore.lv\/shop\/wp-json\/wp\/v2\/product\/3006\/revisions\/6439"}],"wp:featuredmedia":[{"embeddable":true,"href":"https:\/\/grillandmore.lv\/shop\/wp-json\/wp\/v2\/media\/3007"}],"wp:attachment":[{"href":"https:\/\/grillandmore.lv\/shop\/wp-json\/wp\/v2\/media?parent=3006"}],"wp:term":[{"taxonomy":"pwb-brand","embeddable":true,"href":"https:\/\/grillandmore.lv\/shop\/wp-json\/wp\/v2\/pwb-brand?post=3006"},{"taxonomy":"product_brand","embeddable":true,"href":"https:\/\/grillandmore.lv\/shop\/wp-json\/wp\/v2\/product_brand?post=3006"},{"taxonomy":"product_cat","embeddable":true,"href":"https:\/\/grillandmore.lv\/shop\/wp-json\/wp\/v2\/product_cat?post=3006"},{"taxonomy":"product_tag","embeddable":true,"href":"https:\/\/grillandmore.lv\/shop\/wp-json\/wp\/v2\/product_tag?post=3006"}],"curies":[{"name":"wp","href":"https:\/\/api.w.org\/{rel}","templated":true}]}}