{"id":3009,"date":"2023-03-19T14:02:09","date_gmt":"2023-03-19T12:02:09","guid":{"rendered":"https:\/\/grillandmore.lv\/shop\/?post_type=product&#038;p=3009"},"modified":"2023-09-19T18:56:11","modified_gmt":"2023-09-19T15:56:11","slug":"napoleon-stativs-vistas-pagatavosanai","status":"publish","type":"product","link":"https:\/\/grillandmore.lv\/shop\/products\/napoleon-stativs-vistas-pagatavosanai\/","title":{"rendered":"Napoleon stat\u012bvs vistas pagatavo\u0161anai"},"content":{"rendered":"<ul>\n<li>Ner\u016bs\u0113jo\u0161\u0101 t\u0113rauda vistas stat\u012bvs ir ide\u0101li piem\u0113rots, lai gril\u0113tai vistas ga\u013cai pie\u0161\u0137irtu \u012bpa\u0161u gar\u0161u.<\/li>\n<li>Ier\u012bce pati par sevi ir kompakta \u0113rtai uzglab\u0101\u0161anai un papildu vieta uz grila, kur varat ievietot vair\u0101k j\u016bsu iecien\u012bt\u0101ko piedevu.<\/li>\n<li>Ner\u016bs\u0113jo\u0161ais t\u0113rauds ir iztur\u012bgs un viegli kopjams, \u0161o vistas cepeti var mazg\u0101t trauku mazg\u0101jam\u0101 ma\u0161\u012bn\u0101<\/li>\n<li>Piepildiet 250 ml ietilp\u012bbas (1 tase) kameru ar savu iecien\u012bt\u0101ko \u0161\u0137idrumu, piem\u0113ram, alu, sulu, v\u012bnu un pat \u016bdeni un arom\u0101tiskiem augiem un gar\u0161viel\u0101m.<\/li>\n<li>Vistas stat\u012bvam ir no\u0146emams rokturis, lai nodro\u0161in\u0101tu dro\u0161u un vieglu malt\u012btes p\u0101rvieto\u0161anu un apstr\u0101di uz grila un \u0101rpus t\u0101.<\/li>\n<\/ul>\n","protected":false},"excerpt":{"rendered":"<p style=\"text-align: justify;\">\u0160is ner\u016bs\u0113jo\u0161\u0101 t\u0113rauda vistas cep\u0113js ir kompakts grila gatavo\u0161anas r\u012bks, kas nodro\u0161in\u0101s j\u016bsu iecien\u012bt\u0101ko \u0113dienu gar\u0161u. Ier\u012bce pati par sevi ir kompakta un aiz\u0146em \u013coti maz vietas uz grila. Tas\u012bt\u0113, kas tiek ievietota vistas ga\u013c\u0101, ir 250 ml (1 gl\u0101ze) j\u016bsu iecien\u012bt\u0101k\u0101 \u0161\u0137idruma, lai gan gar\u0161otu putnu, gan gatavo\u0161anas laik\u0101 ga\u013ca b\u016btu mitra.<\/p>\n","protected":false},"featured_media":3010,"comment_status":"open","ping_status":"closed","template":"","meta":[],"pwb-brand":[158],"product_brand":[],"product_cat":[128,145],"product_tag":[],"class_list":{"0":"post-3009","1":"product","2":"type-product","3":"status-publish","4":"has-post-thumbnail","6":"pwb-brand-napoleon","7":"product_cat-piederumi","8":"product_cat-plaukti-un-grozi","10":"first","11":"onbackorder","12":"taxable","13":"shipping-taxable","14":"purchasable","15":"product-type-simple"},"brands":[{"id":158,"name":"Napoleon","slug":"napoleon"}],"_links":{"self":[{"href":"https:\/\/grillandmore.lv\/shop\/wp-json\/wp\/v2\/product\/3009","targetHints":{"allow":["GET"]}}],"collection":[{"href":"https:\/\/grillandmore.lv\/shop\/wp-json\/wp\/v2\/product"}],"about":[{"href":"https:\/\/grillandmore.lv\/shop\/wp-json\/wp\/v2\/types\/product"}],"replies":[{"embeddable":true,"href":"https:\/\/grillandmore.lv\/shop\/wp-json\/wp\/v2\/comments?post=3009"}],"version-history":[{"count":1,"href":"https:\/\/grillandmore.lv\/shop\/wp-json\/wp\/v2\/product\/3009\/revisions"}],"predecessor-version":[{"id":6438,"href":"https:\/\/grillandmore.lv\/shop\/wp-json\/wp\/v2\/product\/3009\/revisions\/6438"}],"wp:featuredmedia":[{"embeddable":true,"href":"https:\/\/grillandmore.lv\/shop\/wp-json\/wp\/v2\/media\/3010"}],"wp:attachment":[{"href":"https:\/\/grillandmore.lv\/shop\/wp-json\/wp\/v2\/media?parent=3009"}],"wp:term":[{"taxonomy":"pwb-brand","embeddable":true,"href":"https:\/\/grillandmore.lv\/shop\/wp-json\/wp\/v2\/pwb-brand?post=3009"},{"taxonomy":"product_brand","embeddable":true,"href":"https:\/\/grillandmore.lv\/shop\/wp-json\/wp\/v2\/product_brand?post=3009"},{"taxonomy":"product_cat","embeddable":true,"href":"https:\/\/grillandmore.lv\/shop\/wp-json\/wp\/v2\/product_cat?post=3009"},{"taxonomy":"product_tag","embeddable":true,"href":"https:\/\/grillandmore.lv\/shop\/wp-json\/wp\/v2\/product_tag?post=3009"}],"curies":[{"name":"wp","href":"https:\/\/api.w.org\/{rel}","templated":true}]}}