{"id":3018,"date":"2023-03-19T14:20:04","date_gmt":"2023-03-19T12:20:04","guid":{"rendered":"https:\/\/grillandmore.lv\/shop\/?post_type=product&#038;p=3018"},"modified":"2023-09-19T18:55:52","modified_gmt":"2023-09-19T15:55:52","slug":"napoleon-ota-marinadem","status":"publish","type":"product","link":"https:\/\/grillandmore.lv\/shop\/products\/napoleon-ota-marinadem\/","title":{"rendered":"Napoleon ota marin\u0101d\u0113m"},"content":{"rendered":"<ul>\n<li>Silikona birstes galva ar elegantu, ergonomisku ner\u016bs\u0113jo\u0161\u0101 t\u0113rauda rokturi<\/li>\n<li>Var mazg\u0101t trauku mazg\u0101jamaj\u0101 ma\u0161\u012bn\u0101, lai to var\u0113tu viegli t\u012br\u012bt un dezinfic\u0113t<\/li>\n<li>Silikons ir sanit\u0101r\u0101ks nek\u0101 matu vai kokvilnas BBQ sukas un mopi. To var t\u012br\u012bt un viegli steriliz\u0113t trauku mazg\u0101jam\u0101 ma\u0161\u012bn\u0101<\/li>\n<li>Silikona birst\u012bte nelaid\u012bs sarus p\u0101rtik\u0101<\/li>\n<li>Ergonomiskais ner\u016bs\u0113jo\u0161\u0101 t\u0113rauda rokturis j\u016btas labi un \u013cauj \u0113rti p\u0101rvietoties, vienlaikus turot rokas prom no grila karstuma.<\/li>\n<li>Ieb\u016bv\u0113ts instrumentu pakaramais nodro\u0161in\u0101s, ka \u0161\u012b silikona birst\u012bte b\u016bs pie rokas, kam\u0113r gril\u0113siet<\/li>\n<\/ul>\n","protected":false},"excerpt":{"rendered":"<p style=\"text-align: justify;\">Napoleona ner\u016bs\u0113jo\u0161\u0101 t\u0113rauda silikona birste ir lielisks r\u012bks cepe\u0161u apsm\u0113r\u0113\u0161anai vai malt\u012btes pabeig\u0161anai ar perfektu daudzumu gar\u0161\u012bgas b\u0101rbekj\u016b m\u0113rces. Karstumiztur\u012bgie silikona sari lieliski notur sulas un m\u0113rces. Silikona birsti ir viegli t\u012br\u012bt izlietn\u0113 vai vienk\u0101r\u0161i iemest trauku mazg\u0101jamaj\u0101 ma\u0161\u012bn\u0101. Tas ir higi\u0113nisk\u0101k nek\u0101 izmantot mati\u0146u suku.<\/p>\n","protected":false},"featured_media":3019,"comment_status":"open","ping_status":"closed","template":"","meta":[],"pwb-brand":[158],"product_brand":[],"product_cat":[160,128],"product_tag":[],"class_list":{"0":"post-3018","1":"product","2":"type-product","3":"status-publish","4":"has-post-thumbnail","6":"pwb-brand-napoleon","7":"product_cat-marinesanai","8":"product_cat-piederumi","10":"first","11":"onbackorder","12":"taxable","13":"shipping-taxable","14":"purchasable","15":"product-type-simple"},"brands":[{"id":158,"name":"Napoleon","slug":"napoleon"}],"_links":{"self":[{"href":"https:\/\/grillandmore.lv\/shop\/wp-json\/wp\/v2\/product\/3018","targetHints":{"allow":["GET"]}}],"collection":[{"href":"https:\/\/grillandmore.lv\/shop\/wp-json\/wp\/v2\/product"}],"about":[{"href":"https:\/\/grillandmore.lv\/shop\/wp-json\/wp\/v2\/types\/product"}],"replies":[{"embeddable":true,"href":"https:\/\/grillandmore.lv\/shop\/wp-json\/wp\/v2\/comments?post=3018"}],"version-history":[{"count":1,"href":"https:\/\/grillandmore.lv\/shop\/wp-json\/wp\/v2\/product\/3018\/revisions"}],"predecessor-version":[{"id":6435,"href":"https:\/\/grillandmore.lv\/shop\/wp-json\/wp\/v2\/product\/3018\/revisions\/6435"}],"wp:featuredmedia":[{"embeddable":true,"href":"https:\/\/grillandmore.lv\/shop\/wp-json\/wp\/v2\/media\/3019"}],"wp:attachment":[{"href":"https:\/\/grillandmore.lv\/shop\/wp-json\/wp\/v2\/media?parent=3018"}],"wp:term":[{"taxonomy":"pwb-brand","embeddable":true,"href":"https:\/\/grillandmore.lv\/shop\/wp-json\/wp\/v2\/pwb-brand?post=3018"},{"taxonomy":"product_brand","embeddable":true,"href":"https:\/\/grillandmore.lv\/shop\/wp-json\/wp\/v2\/product_brand?post=3018"},{"taxonomy":"product_cat","embeddable":true,"href":"https:\/\/grillandmore.lv\/shop\/wp-json\/wp\/v2\/product_cat?post=3018"},{"taxonomy":"product_tag","embeddable":true,"href":"https:\/\/grillandmore.lv\/shop\/wp-json\/wp\/v2\/product_tag?post=3018"}],"curies":[{"name":"wp","href":"https:\/\/api.w.org\/{rel}","templated":true}]}}