{"id":3023,"date":"2023-03-19T14:26:56","date_gmt":"2023-03-19T12:26:56","guid":{"rendered":"https:\/\/grillandmore.lv\/shop\/?post_type=product&#038;p=3023"},"modified":"2023-09-19T18:55:46","modified_gmt":"2023-09-19T15:55:46","slug":"napoleon-rogue-425-restes","status":"publish","type":"product","link":"https:\/\/grillandmore.lv\/shop\/products\/napoleon-rogue-425-restes\/","title":{"rendered":"Napoleon Rogue 425 restes"},"content":{"rendered":"<p>Materi\u0101ls: ner\u016bs\u0113jo\u0161ais t\u0113rauds<br \/>\nSkaits: 2 gab<\/p>\n","protected":false},"excerpt":{"rendered":"<p style=\"text-align: justify;\">Ide\u0101li piem\u0113rots Rogue\u00ae 425 g\u0101zes grilu gatavo\u0161anas re\u017e\u0123u moderniz\u0101cijai vai nomai\u0146ai. Ietver divu ner\u016bs\u0113jo\u0161\u0101 t\u0113rauda gatavo\u0161anas re\u017e\u0123u komplektu ar Napoleona ikonisko vi\u013c\u0146u re\u017e\u0123a rakstu. Ner\u016bs\u0113jo\u0161\u0101 t\u0113rauda re\u017e\u0123i gandr\u012bz neprasa apkopi un ir \u013coti iztur\u012bgi gril\u0113\u0161anai.<\/p>\n","protected":false},"featured_media":3021,"comment_status":"open","ping_status":"closed","template":"","meta":[],"pwb-brand":[158],"product_brand":[],"product_cat":[162,161],"product_tag":[],"class_list":{"0":"post-3023","1":"product","2":"type-product","3":"status-publish","4":"has-post-thumbnail","6":"pwb-brand-napoleon","7":"product_cat-restes","8":"product_cat-rezerves-dalas","10":"first","11":"onbackorder","12":"taxable","13":"shipping-taxable","14":"purchasable","15":"product-type-simple"},"brands":[{"id":158,"name":"Napoleon","slug":"napoleon"}],"_links":{"self":[{"href":"https:\/\/grillandmore.lv\/shop\/wp-json\/wp\/v2\/product\/3023","targetHints":{"allow":["GET"]}}],"collection":[{"href":"https:\/\/grillandmore.lv\/shop\/wp-json\/wp\/v2\/product"}],"about":[{"href":"https:\/\/grillandmore.lv\/shop\/wp-json\/wp\/v2\/types\/product"}],"replies":[{"embeddable":true,"href":"https:\/\/grillandmore.lv\/shop\/wp-json\/wp\/v2\/comments?post=3023"}],"version-history":[{"count":1,"href":"https:\/\/grillandmore.lv\/shop\/wp-json\/wp\/v2\/product\/3023\/revisions"}],"predecessor-version":[{"id":6434,"href":"https:\/\/grillandmore.lv\/shop\/wp-json\/wp\/v2\/product\/3023\/revisions\/6434"}],"wp:featuredmedia":[{"embeddable":true,"href":"https:\/\/grillandmore.lv\/shop\/wp-json\/wp\/v2\/media\/3021"}],"wp:attachment":[{"href":"https:\/\/grillandmore.lv\/shop\/wp-json\/wp\/v2\/media?parent=3023"}],"wp:term":[{"taxonomy":"pwb-brand","embeddable":true,"href":"https:\/\/grillandmore.lv\/shop\/wp-json\/wp\/v2\/pwb-brand?post=3023"},{"taxonomy":"product_brand","embeddable":true,"href":"https:\/\/grillandmore.lv\/shop\/wp-json\/wp\/v2\/product_brand?post=3023"},{"taxonomy":"product_cat","embeddable":true,"href":"https:\/\/grillandmore.lv\/shop\/wp-json\/wp\/v2\/product_cat?post=3023"},{"taxonomy":"product_tag","embeddable":true,"href":"https:\/\/grillandmore.lv\/shop\/wp-json\/wp\/v2\/product_tag?post=3023"}],"curies":[{"name":"wp","href":"https:\/\/api.w.org\/{rel}","templated":true}]}}