{"id":3027,"date":"2023-03-19T14:39:08","date_gmt":"2023-03-19T12:39:08","guid":{"rendered":"https:\/\/grillandmore.lv\/shop\/?post_type=product&#038;p=3027"},"modified":"2023-09-19T18:49:30","modified_gmt":"2023-09-19T15:49:30","slug":"napoleon-tauku-pannas-rogue-625-modeliem-3-gab","status":"publish","type":"product","link":"https:\/\/grillandmore.lv\/shop\/products\/napoleon-tauku-pannas-rogue-625-modeliem-3-gab\/","title":{"rendered":"Napoleon tauku pannas Rogue\u00ae 625 mode\u013ciem \/ 3 gab"},"content":{"rendered":"<ul>\n<li>Piem\u0113rots Rogue\u00ae 625 mode\u013ciem<\/li>\n<li>Viegli nomain\u012bt<\/li>\n<li>\u0112rti izmetiet otrreiz\u0113j\u0101 p\u0101rstr\u0101d\u0113<\/li>\n<li>Ilg\u0101ks kalpo\u0161anas laiks un viegl\u0101ka t\u012br\u012b\u0161ana<\/li>\n<\/ul>\n<p>Sader ar:<\/p>\n<div class=\"field__item\">\n<article class=\"node node--type-product node--view-mode-compatible-product\" role=\"article\" data-history-node-id=\"145731\" data-nid=\"145731\">\n<div class=\"node__content\">\n<div class=\"title\"><a href=\"https:\/\/www.napoleon.com\/en\/us\/grills\/products\/gas-grills\/rogue-se-series\/rogue-se-625-rsib-rse625rsibnss-1\" rel=\"bookmark\"><span class=\"field field--name-title field--type-string field--label-hidden\">Rogue\u00ae SE 625 RSIB<\/span><\/a>\u00a0RSE625RSIBNSS-1<\/div>\n<\/div>\n<\/article>\n<\/div>\n<div class=\"field__item\">\n<article class=\"node node--type-product node--view-mode-compatible-product\" role=\"article\" data-history-node-id=\"133821\" data-nid=\"133821\">\n<div class=\"node__content\">\n<div class=\"title\"><a href=\"https:\/\/www.napoleon.com\/en\/us\/grills\/products\/gas-grills\/rogue-se-series\/rogue-se-625-rsib-rse625rsibpss-1\" rel=\"bookmark\"><span class=\"field field--name-title field--type-string field--label-hidden\">Rogue\u00ae SE 625 RSIB<\/span><\/a>\u00a0RSE625RSIBPSS-1<\/div>\n<\/div>\n<\/article>\n<\/div>\n<div class=\"field__item\">\n<article class=\"node node--type-product node--view-mode-compatible-product\" role=\"article\" data-history-node-id=\"134666\" data-nid=\"134666\">\n<div class=\"node__content\">\n<div class=\"title\"><a href=\"https:\/\/www.napoleon.com\/en\/us\/grills\/products\/gas-grills\/rogue-xt-series\/rogue-xt-625-sib-rxt625sibnk-1\" rel=\"bookmark\"><span class=\"field field--name-title field--type-string field--label-hidden\">Rogue\u00ae XT 625 SIB<\/span><\/a>\u00a0RXT625SIBNK-1<\/div>\n<\/div>\n<\/article>\n<\/div>\n<div class=\"field__item\">\n<article class=\"node node--type-product node--view-mode-compatible-product\" role=\"article\" data-history-node-id=\"134811\" data-nid=\"134811\">\n<div class=\"node__content\">\n<div class=\"title\"><a href=\"https:\/\/www.napoleon.com\/en\/us\/grills\/products\/gas-grills\/rogue-xt-series\/rogue-xt-625-sib-rxt625sibnss-1-A\" rel=\"bookmark\"><span class=\"field field--name-title field--type-string field--label-hidden\">Rogue\u00ae XT 625 SIB<\/span><\/a>\u00a0RXT625SIBNSS-1-A<\/div>\n<\/div>\n<\/article>\n<\/div>\n<div class=\"field__item\">\n<article class=\"node node--type-product node--view-mode-compatible-product\" role=\"article\" data-history-node-id=\"134881\" data-nid=\"134881\">\n<div class=\"node__content\">\n<div class=\"title\"><a href=\"https:\/\/www.napoleon.com\/en\/us\/grills\/products\/gas-grills\/rogue-xt-series\/rogue-xt-625-sib-rxt625sibpk-1\" rel=\"bookmark\"><span class=\"field field--name-title field--type-string field--label-hidden\">Rogue\u00ae XT 625 SIB<\/span><\/a>\u00a0RXT625SIBPK-1<\/div>\n<\/div>\n<\/article>\n<\/div>\n<div class=\"field__item\">\n<article class=\"node node--type-product node--view-mode-compatible-product\" role=\"article\" data-history-node-id=\"134951\" data-nid=\"134951\">\n<div class=\"node__content\">\n<div class=\"title\"><a href=\"https:\/\/www.napoleon.com\/en\/us\/grills\/products\/gas-grills\/rogue-xt-series\/rogue-xt-625-sib-rxt625sibpss-1-A\" rel=\"bookmark\"><span class=\"field field--name-title field--type-string field--label-hidden\">Rogue\u00ae XT 625 SIB<\/span><\/a>\u00a0RXT625SIBPSS-1-A<\/div>\n<\/div>\n<\/article>\n<\/div>\n","protected":false},"excerpt":{"rendered":"<p style=\"text-align: justify;\">Rogue\u00ae 625 griliem paredz\u0113to tauku pannu starpliku ir viegli nomain\u012bt, un p\u0113c skalo\u0161anas to var \u0113rti nodot otrreiz\u0113jai p\u0101rstr\u0101dei. Tie nodro\u0161ina j\u016bsu grila pil\u0113\u0161anas pannai ilg\u0101ku kalpo\u0161anas laiku un nodro\u0161ina viegl\u0101ku t\u012br\u012b\u0161anu regul\u0101ras grila apkopes laik\u0101.<\/p>\n","protected":false},"featured_media":3026,"comment_status":"open","ping_status":"closed","template":"","meta":[],"pwb-brand":[158],"product_brand":[],"product_cat":[124,163],"product_tag":[],"class_list":{"0":"post-3027","1":"product","2":"type-product","3":"status-publish","4":"has-post-thumbnail","6":"pwb-brand-napoleon","7":"product_cat-gazes-grili","8":"product_cat-tauku-pannas","10":"first","11":"onbackorder","12":"taxable","13":"shipping-taxable","14":"purchasable","15":"product-type-simple"},"brands":[{"id":158,"name":"Napoleon","slug":"napoleon"}],"_links":{"self":[{"href":"https:\/\/grillandmore.lv\/shop\/wp-json\/wp\/v2\/product\/3027","targetHints":{"allow":["GET"]}}],"collection":[{"href":"https:\/\/grillandmore.lv\/shop\/wp-json\/wp\/v2\/product"}],"about":[{"href":"https:\/\/grillandmore.lv\/shop\/wp-json\/wp\/v2\/types\/product"}],"replies":[{"embeddable":true,"href":"https:\/\/grillandmore.lv\/shop\/wp-json\/wp\/v2\/comments?post=3027"}],"version-history":[{"count":1,"href":"https:\/\/grillandmore.lv\/shop\/wp-json\/wp\/v2\/product\/3027\/revisions"}],"predecessor-version":[{"id":6432,"href":"https:\/\/grillandmore.lv\/shop\/wp-json\/wp\/v2\/product\/3027\/revisions\/6432"}],"wp:featuredmedia":[{"embeddable":true,"href":"https:\/\/grillandmore.lv\/shop\/wp-json\/wp\/v2\/media\/3026"}],"wp:attachment":[{"href":"https:\/\/grillandmore.lv\/shop\/wp-json\/wp\/v2\/media?parent=3027"}],"wp:term":[{"taxonomy":"pwb-brand","embeddable":true,"href":"https:\/\/grillandmore.lv\/shop\/wp-json\/wp\/v2\/pwb-brand?post=3027"},{"taxonomy":"product_brand","embeddable":true,"href":"https:\/\/grillandmore.lv\/shop\/wp-json\/wp\/v2\/product_brand?post=3027"},{"taxonomy":"product_cat","embeddable":true,"href":"https:\/\/grillandmore.lv\/shop\/wp-json\/wp\/v2\/product_cat?post=3027"},{"taxonomy":"product_tag","embeddable":true,"href":"https:\/\/grillandmore.lv\/shop\/wp-json\/wp\/v2\/product_tag?post=3027"}],"curies":[{"name":"wp","href":"https:\/\/api.w.org\/{rel}","templated":true}]}}