{"id":3030,"date":"2023-03-19T14:47:30","date_gmt":"2023-03-19T12:47:30","guid":{"rendered":"https:\/\/grillandmore.lv\/shop\/?post_type=product&#038;p=3030"},"modified":"2026-03-28T07:48:15","modified_gmt":"2026-03-28T05:48:15","slug":"napoleon-tauku-pannas-rogue-425-modeliem-3-gab","status":"publish","type":"product","link":"https:\/\/grillandmore.lv\/shop\/products\/napoleon-tauku-pannas-rogue-425-modeliem-3-gab\/","title":{"rendered":"Napoleon tauku pannas Rogue\u00ae 425 mode\u013ciem \/ 3 gab"},"content":{"rendered":"<ul>\n<li>Rogue\u00ae 425 mode\u013ciem<\/li>\n<li>Viegli nomain\u012bt<\/li>\n<li>\u0112rti izmetiet otrreiz\u0113j\u0101 p\u0101rstr\u0101d\u0113<\/li>\n<li>Ilg\u0101ks kalpo\u0161anas laiks un viegl\u0101ka t\u012br\u012b\u0161ana<\/li>\n<\/ul>\n<p>Sader ar:<\/p>\n<div class=\"field__item\">\n<article class=\"node node--type-product node--view-mode-compatible-product\" role=\"article\" data-history-node-id=\"152821\" data-nid=\"152821\">\n<div class=\"node__content\">\n<div class=\"title\"><a href=\"https:\/\/www.napoleon.com\/en\/us\/grills\/products\/gas-grills\/rogue-series\/rogue-425-r425nk-1\" rel=\"bookmark\"><span class=\"field field--name-title field--type-string field--label-hidden\">Rogue\u00ae 425<\/span><\/a>\u00a0R425NK-1<\/div>\n<\/div>\n<\/article>\n<\/div>\n<div class=\"field__item\">\n<article class=\"node node--type-product node--view-mode-compatible-product\" role=\"article\" data-history-node-id=\"133321\" data-nid=\"133321\">\n<div class=\"node__content\">\n<div class=\"title\"><a href=\"https:\/\/www.napoleon.com\/en\/us\/grills\/products\/gas-grills\/rogue-series\/rogue-425-r425pk-1\" rel=\"bookmark\"><span class=\"field field--name-title field--type-string field--label-hidden\">Rogue\u00ae 425<\/span><\/a>\u00a0R425PK-1<\/div>\n<\/div>\n<\/article>\n<\/div>\n<div class=\"field__item\">\n<article class=\"node node--type-product node--view-mode-compatible-product\" role=\"article\" data-history-node-id=\"135051\" data-nid=\"135051\">\n<div class=\"node__content\">\n<div class=\"title\"><a href=\"https:\/\/www.napoleon.com\/en\/us\/grills\/products\/gas-grills\/rogue-series\/rogue-425-sb-r425sbnk-1-ob\" rel=\"bookmark\"><span class=\"field field--name-title field--type-string field--label-hidden\">Rogue\u00ae 425 SB<\/span><\/a>\u00a0R425SBNK-1-OB<\/div>\n<\/div>\n<\/article>\n<\/div>\n<div class=\"field__item\">\n<article class=\"node node--type-product node--view-mode-compatible-product\" role=\"article\" data-history-node-id=\"133391\" data-nid=\"133391\">\n<div class=\"node__content\">\n<div class=\"title\"><a href=\"https:\/\/www.napoleon.com\/en\/us\/grills\/products\/gas-grills\/rogue-series\/rogue-425-sb-r425sbpk-1-ob\" rel=\"bookmark\"><span class=\"field field--name-title field--type-string field--label-hidden\">Rogue\u00ae 425 SB<\/span><\/a>\u00a0R425SBPK-1-OB<\/div>\n<\/div>\n<\/article>\n<\/div>\n<div class=\"field__item\">\n<article class=\"node node--type-product node--view-mode-compatible-product\" role=\"article\" data-history-node-id=\"206311\" data-nid=\"206311\">\n<div class=\"node__content\">\n<div class=\"title\"><a href=\"https:\/\/www.napoleon.com\/en\/us\/grills\/products\/gas-grills\/phantom-series\/phantom-rogue-se-425-rsib-rse425rsibnmk-1-phm\" rel=\"bookmark\"><span class=\"field field--name-title field--type-string field--label-hidden\">Phantom Rogue\u00ae SE 425 RSIB<\/span><\/a>\u00a0RSE425RSIBNMK-1-PHM<\/div>\n<\/div>\n<\/article>\n<\/div>\n<div class=\"field__item\">\n<article class=\"node node--type-product node--view-mode-compatible-product\" role=\"article\" data-history-node-id=\"133536\" data-nid=\"133536\">\n<div class=\"node__content\">\n<div class=\"title\"><a href=\"https:\/\/www.napoleon.com\/en\/us\/grills\/products\/gas-grills\/rogue-se-series\/rogue-se-425-rsib-rse425rsibnss-1\" rel=\"bookmark\"><span class=\"field field--name-title field--type-string field--label-hidden\">Rogue\u00ae SE 425 RSIB<\/span><\/a>\u00a0RSE425RSIBNSS-1<\/div>\n<\/div>\n<\/article>\n<\/div>\n<div class=\"field__item\">\n<article class=\"node node--type-product node--view-mode-compatible-product\" role=\"article\" data-history-node-id=\"206306\" data-nid=\"206306\">\n<div class=\"node__content\">\n<div class=\"title\"><a href=\"https:\/\/www.napoleon.com\/en\/us\/grills\/products\/gas-grills\/phantom-series\/phantom-rogue-se-425-rsib-rse425rsibpmk-1-phm\" rel=\"bookmark\"><span class=\"field field--name-title field--type-string field--label-hidden\">Phantom Rogue\u00ae SE 425 RSIB<\/span><\/a>\u00a0RSE425RSIBPMK-1-PHM<\/div>\n<\/div>\n<\/article>\n<\/div>\n<div class=\"field__item\">\n<article class=\"node node--type-product node--view-mode-compatible-product\" role=\"article\" data-history-node-id=\"133606\" data-nid=\"133606\">\n<div class=\"node__content\">\n<div class=\"title\"><a href=\"https:\/\/www.napoleon.com\/en\/us\/grills\/products\/gas-grills\/rogue-se-series\/rogue-se-425-rsib-rse425rsibpss-1\" rel=\"bookmark\"><span class=\"field field--name-title field--type-string field--label-hidden\">Rogue\u00ae SE 425 RSIB<\/span><\/a>\u00a0RSE425RSIBPSS-1<\/div>\n<\/div>\n<\/article>\n<\/div>\n<div class=\"field__item\">\n<article class=\"node node--type-product node--view-mode-compatible-product\" role=\"article\" data-history-node-id=\"134101\" data-nid=\"134101\">\n<div class=\"node__content\">\n<div class=\"title\"><a href=\"https:\/\/www.napoleon.com\/en\/us\/grills\/products\/gas-grills\/rogue-xt-series\/rogue-xt-425-rxt425nss-1\" rel=\"bookmark\"><span class=\"field field--name-title field--type-string field--label-hidden\">Rogue\u00ae XT 425<\/span><\/a>\u00a0RXT425NSS-1<\/div>\n<\/div>\n<\/article>\n<\/div>\n<div class=\"field__item\">\n<article class=\"node node--type-product node--view-mode-compatible-product\" role=\"article\" data-history-node-id=\"134166\" data-nid=\"134166\">\n<div class=\"node__content\">\n<div class=\"title\"><a href=\"https:\/\/www.napoleon.com\/en\/us\/grills\/products\/gas-grills\/rogue-xt-series\/rogue-xt-425-rxt425pss-1\" rel=\"bookmark\"><span class=\"field field--name-title field--type-string field--label-hidden\">Rogue\u00ae XT 425<\/span><\/a>\u00a0RXT425PSS-1<\/div>\n<\/div>\n<\/article>\n<\/div>\n<div class=\"field__item\">\n<article class=\"node node--type-product node--view-mode-compatible-product\" role=\"article\" data-history-node-id=\"134236\" data-nid=\"134236\">\n<div class=\"node__content\">\n<div class=\"title\"><a href=\"https:\/\/www.napoleon.com\/en\/us\/grills\/products\/gas-grills\/rogue-xt-series\/rogue-xt-425-sib-rxt425sibnk-1\" rel=\"bookmark\"><span class=\"field field--name-title field--type-string field--label-hidden\">Rogue\u00ae XT 425 SIB<\/span><\/a>\u00a0RXT425SIBNK-1<\/div>\n<\/div>\n<\/article>\n<\/div>\n<div class=\"field__item\">\n<article class=\"node node--type-product node--view-mode-compatible-product\" role=\"article\" data-history-node-id=\"134306\" data-nid=\"134306\">\n<div class=\"node__content\">\n<div class=\"title\"><a href=\"https:\/\/www.napoleon.com\/en\/us\/grills\/products\/gas-grills\/rogue-xt-series\/rogue-xt-425-sib-rxt425sibnss-1\" rel=\"bookmark\"><span class=\"field field--name-title field--type-string field--label-hidden\">Rogue\u00ae XT 425 SIB<\/span><\/a>\u00a0RXT425SIBNSS-1<\/div>\n<\/div>\n<\/article>\n<\/div>\n<div class=\"field__item\">\n<article class=\"node node--type-product node--view-mode-compatible-product\" role=\"article\" data-history-node-id=\"134376\" data-nid=\"134376\">\n<div class=\"node__content\">\n<div class=\"title\"><a href=\"https:\/\/www.napoleon.com\/en\/us\/grills\/products\/gas-grills\/rogue-xt-series\/rogue-xt-425-sib-rxt425sibpk-1\" rel=\"bookmark\"><span class=\"field field--name-title field--type-string field--label-hidden\">Rogue\u00ae XT 425 SIB<\/span><\/a>\u00a0RXT425SIBPK-1<\/div>\n<\/div>\n<\/article>\n<\/div>\n<div class=\"field__item\">\n<article class=\"node node--type-product node--view-mode-compatible-product\" role=\"article\" data-history-node-id=\"134381\" data-nid=\"134381\">\n<div class=\"node__content\">\n<div class=\"title\"><a href=\"https:\/\/www.napoleon.com\/en\/us\/grills\/products\/gas-grills\/rogue-xt-series\/rogue-xt-425-sib-rxt425sibpss-1\" rel=\"bookmark\"><span class=\"field field--name-title field--type-string field--label-hidden\">Rogue\u00ae XT 425 SIB<\/span><\/a>\u00a0RXT425SIBPSS-1<\/div>\n<\/div>\n<\/article>\n<\/div>\n","protected":false},"excerpt":{"rendered":"<p style=\"text-align: justify;\">Rogue\u00ae 425 griliem paredz\u0113to tauku pannu starpliku ir viegli nomain\u012bt, un p\u0113c skalo\u0161anas to var \u0113rti nodot otrreiz\u0113jai p\u0101rstr\u0101dei. Tie nodro\u0161ina j\u016bsu grila pil\u0113\u0161anas pannai ilg\u0101ku kalpo\u0161anas laiku un nodro\u0161ina viegl\u0101ku t\u012br\u012b\u0161anu regul\u0101ras grila apkopes laik\u0101.<\/p>\n","protected":false},"featured_media":3031,"comment_status":"open","ping_status":"closed","template":"","meta":[],"pwb-brand":[158],"product_brand":[],"product_cat":[124,163],"product_tag":[],"class_list":{"0":"post-3030","1":"product","2":"type-product","3":"status-publish","4":"has-post-thumbnail","6":"pwb-brand-napoleon","7":"product_cat-gazes-grili","8":"product_cat-tauku-pannas","10":"first","11":"onbackorder","12":"taxable","13":"shipping-taxable","14":"purchasable","15":"product-type-simple"},"brands":[{"id":158,"name":"Napoleon","slug":"napoleon"}],"_links":{"self":[{"href":"https:\/\/grillandmore.lv\/shop\/wp-json\/wp\/v2\/product\/3030","targetHints":{"allow":["GET"]}}],"collection":[{"href":"https:\/\/grillandmore.lv\/shop\/wp-json\/wp\/v2\/product"}],"about":[{"href":"https:\/\/grillandmore.lv\/shop\/wp-json\/wp\/v2\/types\/product"}],"replies":[{"embeddable":true,"href":"https:\/\/grillandmore.lv\/shop\/wp-json\/wp\/v2\/comments?post=3030"}],"version-history":[{"count":1,"href":"https:\/\/grillandmore.lv\/shop\/wp-json\/wp\/v2\/product\/3030\/revisions"}],"predecessor-version":[{"id":6430,"href":"https:\/\/grillandmore.lv\/shop\/wp-json\/wp\/v2\/product\/3030\/revisions\/6430"}],"wp:featuredmedia":[{"embeddable":true,"href":"https:\/\/grillandmore.lv\/shop\/wp-json\/wp\/v2\/media\/3031"}],"wp:attachment":[{"href":"https:\/\/grillandmore.lv\/shop\/wp-json\/wp\/v2\/media?parent=3030"}],"wp:term":[{"taxonomy":"pwb-brand","embeddable":true,"href":"https:\/\/grillandmore.lv\/shop\/wp-json\/wp\/v2\/pwb-brand?post=3030"},{"taxonomy":"product_brand","embeddable":true,"href":"https:\/\/grillandmore.lv\/shop\/wp-json\/wp\/v2\/product_brand?post=3030"},{"taxonomy":"product_cat","embeddable":true,"href":"https:\/\/grillandmore.lv\/shop\/wp-json\/wp\/v2\/product_cat?post=3030"},{"taxonomy":"product_tag","embeddable":true,"href":"https:\/\/grillandmore.lv\/shop\/wp-json\/wp\/v2\/product_tag?post=3030"}],"curies":[{"name":"wp","href":"https:\/\/api.w.org\/{rel}","templated":true}]}}