{"id":3039,"date":"2023-03-19T15:18:13","date_gmt":"2023-03-19T13:18:13","guid":{"rendered":"https:\/\/grillandmore.lv\/shop\/?post_type=product&#038;p=3039"},"modified":"2023-09-19T18:48:45","modified_gmt":"2023-09-19T15:48:45","slug":"napoleon-rogue-xt-525-ir-sd-brn-black","status":"publish","type":"product","link":"https:\/\/grillandmore.lv\/shop\/products\/napoleon-rogue-xt-525-ir-sd-brn-black\/","title":{"rendered":"Napoleon Rogue XT 525 IR SD BRN BLACK"},"content":{"rendered":"<ul>\n<li>Rogue XT 525 ir 4 galvenie deg\u013ci, 57 000 BTU un 805 kvadr\u0101tcollas kop\u0113j\u0101 gril\u0113\u0161anas zona, ieskaitot infrasarkano staru staciju.<\/li>\n<li>Prec\u012bza siltuma kontrole \u013cauj gril\u0113t\u0101jiem gril\u0113t un cept zem\u0101k\u0101 temperat\u016br\u0101 vai palielin\u0101t siltumu apcep\u0161anai<\/li>\n<li>Iztur\u012bgs melna porcel\u0101na emaljas v\u0101ks un durvis ar melnu pulverkr\u0101sojumu vad\u012bbas paneli un s\u0101nu plauktiem iztur jebkuros laikapst\u0101k\u013cos un nepar\u0101da pirkstu nospiedumus<\/li>\n<li>Porcel\u0101na \u010duguna gatavo\u0161anas re\u017e\u0123i nodro\u0161ina vienm\u0113r\u012bgu sild\u012b\u0161anu un perfektu \u0113diena sacepumu. Apgriezt\u0101s re\u017e\u0123i liel\u0101k\u0101m nobr\u0101zuma p\u0113d\u0101m, rievas notur sulu pret \u0113dienu gatavo\u0161anas laik\u0101, lai saglab\u0101tu mitrumu<\/li>\n<li>Ieg\u016bstiet perfektu steiku m\u0101jas stilu, cepiet uz steikiem, izmantojot integr\u0113to cep\u0161anas staciju, infrasarkanais siltums rada neticami augstu temperat\u016bru. T\u0101 ir ar\u012b lieliska vieta m\u0113r\u010du un s\u0101nu \u0113dienu pagatavo\u0161anai<\/li>\n<li>Salok\u0101mie s\u0101nu plaukti \u013cauj Rogue 525 novietot \u0101rpus ce\u013ca uzglab\u0101\u0161anai<\/li>\n<li>Nekav\u0113joties aizdedziet Rogue BBQ Grill ar aizdedzi bez akumulatora. \u0160\u012b bezatteices aizdedzes sist\u0113ma nekav\u0113joties aizdedzina deg\u013cus ar liesmas str\u016bklu<\/li>\n<li>Unik\u0101lie vi\u013c\u0146u formas gatavo\u0161anas re\u017e\u0123i nodro\u0161ina vienm\u0113r\u012bgu sild\u012b\u0161anu, nov\u0113r\u0161 \u0113diena izkri\u0161anu un rada izcilas sacepuma p\u0113das<\/li>\n<li>Divl\u012bme\u0146u ner\u016bs\u0113jo\u0161\u0101 t\u0113rauda cep\u0161anas pl\u0101ksnes uztver un iztvaiko jebk\u0101dus p\u0101rtikas pilienus, pasarg\u0101jot ner\u016bs\u0113jo\u0161\u0101 t\u0113rauda cauru\u013cu deg\u013cus no boj\u0101jumiem un uzturot grila t\u012br\u0101ku.<\/li>\n<li>Viegli p\u0101rvietojams uz blo\u0137\u0113jo\u0161iem ritenti\u0146iem<\/li>\n<\/ul>\n","protected":false},"excerpt":{"rendered":"<p style=\"text-align: justify;\">Napoleon Rogue\u00ae 525 prop\u0101na g\u0101zes grils ar infrasarkano s\u0101nu degli meln\u0101 kr\u0101s\u0101 ir liels un iztur\u012bgs, viegli kopjams g\u0101zes grils. \u0160im grilam ir \u010detri galvenie deg\u013ci, ner\u016bs\u0113jo\u0161\u0101 t\u0113rauda cep\u0161anas pl\u0101ksnes, lietie re\u017e\u0123i un augsts aug\u0161\u0113jais v\u0101ks, un tam ir viss nepiecie\u0161amais gard\u0113\u017eu malt\u012bt\u0113m. Cepiet restor\u0101na stila steikus uz integr\u0113t\u0101 dzirksto\u0161\u0101s zonas s\u0101nu deg\u013ca, savuk\u0101rt pla\u0161ie s\u0101nu plaukti nodro\u0161ina daudz vietas sagatavo\u0161anai.<\/p>\n","protected":false},"featured_media":3040,"comment_status":"open","ping_status":"closed","template":"","meta":[],"pwb-brand":[158],"product_brand":[],"product_cat":[124],"product_tag":[],"class_list":{"0":"post-3039","1":"product","2":"type-product","3":"status-publish","4":"has-post-thumbnail","6":"pwb-brand-napoleon","7":"product_cat-gazes-grili","9":"first","10":"onbackorder","11":"taxable","12":"shipping-taxable","13":"purchasable","14":"product-type-simple"},"brands":[{"id":158,"name":"Napoleon","slug":"napoleon"}],"_links":{"self":[{"href":"https:\/\/grillandmore.lv\/shop\/wp-json\/wp\/v2\/product\/3039","targetHints":{"allow":["GET"]}}],"collection":[{"href":"https:\/\/grillandmore.lv\/shop\/wp-json\/wp\/v2\/product"}],"about":[{"href":"https:\/\/grillandmore.lv\/shop\/wp-json\/wp\/v2\/types\/product"}],"replies":[{"embeddable":true,"href":"https:\/\/grillandmore.lv\/shop\/wp-json\/wp\/v2\/comments?post=3039"}],"version-history":[{"count":1,"href":"https:\/\/grillandmore.lv\/shop\/wp-json\/wp\/v2\/product\/3039\/revisions"}],"predecessor-version":[{"id":6427,"href":"https:\/\/grillandmore.lv\/shop\/wp-json\/wp\/v2\/product\/3039\/revisions\/6427"}],"wp:featuredmedia":[{"embeddable":true,"href":"https:\/\/grillandmore.lv\/shop\/wp-json\/wp\/v2\/media\/3040"}],"wp:attachment":[{"href":"https:\/\/grillandmore.lv\/shop\/wp-json\/wp\/v2\/media?parent=3039"}],"wp:term":[{"taxonomy":"pwb-brand","embeddable":true,"href":"https:\/\/grillandmore.lv\/shop\/wp-json\/wp\/v2\/pwb-brand?post=3039"},{"taxonomy":"product_brand","embeddable":true,"href":"https:\/\/grillandmore.lv\/shop\/wp-json\/wp\/v2\/product_brand?post=3039"},{"taxonomy":"product_cat","embeddable":true,"href":"https:\/\/grillandmore.lv\/shop\/wp-json\/wp\/v2\/product_cat?post=3039"},{"taxonomy":"product_tag","embeddable":true,"href":"https:\/\/grillandmore.lv\/shop\/wp-json\/wp\/v2\/product_tag?post=3039"}],"curies":[{"name":"wp","href":"https:\/\/api.w.org\/{rel}","templated":true}]}}