{"id":3043,"date":"2023-03-19T15:24:29","date_gmt":"2023-03-19T13:24:29","guid":{"rendered":"https:\/\/grillandmore.lv\/shop\/?post_type=product&#038;p=3043"},"modified":"2023-11-07T17:47:58","modified_gmt":"2023-11-07T15:47:58","slug":"napoleon-rogue-xt-425-ir-sd-brn-stn-stl","status":"publish","type":"product","link":"https:\/\/grillandmore.lv\/shop\/products\/napoleon-rogue-xt-425-ir-sd-brn-stn-stl\/","title":{"rendered":"Napoleon Rogue XT 425 IR SD BRN STN STL"},"content":{"rendered":"<ul>\n<li>Rogue XT 425 BBQ Grill ir 3 galvenie deg\u013ci, 51 000 BTU un 665 kvadr\u0101tcollas kop\u0113j\u0101 gril\u0113\u0161anas zona, ieskaitot infrasarkano staru staciju.<\/li>\n<li>Prec\u012bza siltuma kontrole \u013cauj gril\u0113t\u0101jiem gril\u0113t un cept zem\u0101k\u0101 temperat\u016br\u0101 vai palielin\u0101t siltumu apcep\u0161anai<\/li>\n<li>Pret r\u016bsu iztur\u012bgs, iztur\u012bgs ner\u016bs\u0113jo\u0161\u0101 t\u0113rauda b\u0101rbekj\u016b iztur\u0113s jebkuros laikapst\u0101k\u013cos, vienlaikus saglab\u0101jot stil\u012bgu izskatu<\/li>\n<li>Ner\u016bs\u0113jo\u0161\u0101 t\u0113rauda gatavo\u0161anas re\u017e\u0123iem praktiski nav nepiecie\u0161ama apkope<\/li>\n<li>Ieg\u016bstiet perfektu steiku m\u0101jas stilu, cepiet uz steikiem, izmantojot integr\u0113to cep\u0161anas staciju, infrasarkanais siltums rada neticami augstu temperat\u016bru. T\u0101 ir ar\u012b lieliska vieta m\u0113r\u010du un s\u0101nu \u0113dienu pagatavo\u0161anai<\/li>\n<li>Salok\u0101mie s\u0101nu plaukti \u013cauj \u0161o BBQ novietot \u0101rpus glab\u0101\u0161anas ce\u013ca vai ietilpt kompakt\u0101s telp\u0101s, kas ir ide\u0101li piem\u0113roti balkoniem un maziem iek\u0161pagalmiem.<\/li>\n<li>Nekav\u0113joties aizdedziet Rogue BBQ Grill ar aizdedzi bez akumulatora. \u0160\u012b bezatteices aizdedzes sist\u0113ma nekav\u0113joties aizdedzina deg\u013cus ar liesmas str\u016bklu<\/li>\n<li>Unik\u0101lie vi\u013c\u0146u formas gatavo\u0161anas re\u017e\u0123i nodro\u0161ina vienm\u0113r\u012bgu sild\u012b\u0161anu, nov\u0113r\u0161 \u0113diena izkri\u0161anu un rada izcilas sacepuma p\u0113das<\/li>\n<li>Divl\u012bme\u0146u ner\u016bs\u0113jo\u0161\u0101 t\u0113rauda cep\u0161anas pl\u0101ksnes uztver un iztvaiko jebk\u0101dus p\u0101rtikas pilienus, pasarg\u0101jot ner\u016bs\u0113jo\u0161\u0101 t\u0113rauda cauru\u013cu deg\u013cus no boj\u0101jumiem un uzturot grila t\u012br\u0101ku.<\/li>\n<li>Viegli p\u0101rvietojams uz blo\u0137\u0113jo\u0161iem ritenti\u0146iem<\/li>\n<\/ul>\n","protected":false},"excerpt":{"rendered":"<p style=\"text-align: justify;\">Napoleona Rogue\u00ae XT 425 ner\u016bs\u0113jo\u0161\u0101 t\u0113rauda prop\u0101na g\u0101zes grilam ar infrasarkano s\u0101nu degli ir tr\u012bs deg\u013ci, ner\u016bs\u0113jo\u0161\u0101 t\u0113rauda re\u017e\u0123i un augsts aug\u0161\u0113jais v\u0101ks. \u0160is grils katru reizi viegli iedegas ar aizdedzi bez akumulatora. Grill\u0113jiet perfektu steiku, izmantojot integr\u0113to svilpo\u0161anas zonas s\u0101nu degli, vai izmantojiet to m\u0113r\u010du un s\u0101nu pagatavo\u0161anai gril\u0113\u0161anas laik\u0101 un apcep\u0161anai galvenaj\u0101 zon\u0101. Iztur\u012bgie materi\u0101li ir gan stil\u012bgi, gan viegli kopjami.<\/p>\n","protected":false},"featured_media":3050,"comment_status":"open","ping_status":"closed","template":"","meta":[],"pwb-brand":[158],"product_brand":[],"product_cat":[124],"product_tag":[],"class_list":{"0":"post-3043","1":"product","2":"type-product","3":"status-publish","4":"has-post-thumbnail","6":"pwb-brand-napoleon","7":"product_cat-gazes-grili","9":"first","10":"onbackorder","11":"taxable","12":"shipping-taxable","13":"purchasable","14":"product-type-simple"},"brands":[{"id":158,"name":"Napoleon","slug":"napoleon"}],"_links":{"self":[{"href":"https:\/\/grillandmore.lv\/shop\/wp-json\/wp\/v2\/product\/3043","targetHints":{"allow":["GET"]}}],"collection":[{"href":"https:\/\/grillandmore.lv\/shop\/wp-json\/wp\/v2\/product"}],"about":[{"href":"https:\/\/grillandmore.lv\/shop\/wp-json\/wp\/v2\/types\/product"}],"replies":[{"embeddable":true,"href":"https:\/\/grillandmore.lv\/shop\/wp-json\/wp\/v2\/comments?post=3043"}],"version-history":[{"count":1,"href":"https:\/\/grillandmore.lv\/shop\/wp-json\/wp\/v2\/product\/3043\/revisions"}],"predecessor-version":[{"id":6426,"href":"https:\/\/grillandmore.lv\/shop\/wp-json\/wp\/v2\/product\/3043\/revisions\/6426"}],"wp:featuredmedia":[{"embeddable":true,"href":"https:\/\/grillandmore.lv\/shop\/wp-json\/wp\/v2\/media\/3050"}],"wp:attachment":[{"href":"https:\/\/grillandmore.lv\/shop\/wp-json\/wp\/v2\/media?parent=3043"}],"wp:term":[{"taxonomy":"pwb-brand","embeddable":true,"href":"https:\/\/grillandmore.lv\/shop\/wp-json\/wp\/v2\/pwb-brand?post=3043"},{"taxonomy":"product_brand","embeddable":true,"href":"https:\/\/grillandmore.lv\/shop\/wp-json\/wp\/v2\/product_brand?post=3043"},{"taxonomy":"product_cat","embeddable":true,"href":"https:\/\/grillandmore.lv\/shop\/wp-json\/wp\/v2\/product_cat?post=3043"},{"taxonomy":"product_tag","embeddable":true,"href":"https:\/\/grillandmore.lv\/shop\/wp-json\/wp\/v2\/product_tag?post=3043"}],"curies":[{"name":"wp","href":"https:\/\/api.w.org\/{rel}","templated":true}]}}