{"id":3060,"date":"2023-03-19T16:09:49","date_gmt":"2023-03-19T14:09:49","guid":{"rendered":"https:\/\/grillandmore.lv\/shop\/?post_type=product&#038;p=3060"},"modified":"2023-09-19T18:48:23","modified_gmt":"2023-09-19T15:48:23","slug":"napoleon-freestyle-425-ir-sd-brn-graphite","status":"publish","type":"product","link":"https:\/\/grillandmore.lv\/shop\/products\/napoleon-freestyle-425-ir-sd-brn-graphite\/","title":{"rendered":"Napoleon Freestyle 425 IR SD BRN GRAPHITE"},"content":{"rendered":"<ul>\n<li>Freestyle 425 b\u0101rbekj\u016b grilam ir 4 galvenie deg\u013ci, infrasarkanais SIZZLE ZONE\u2122 apdedzin\u0101\u0161anas stacijas s\u0101nu deglis un 425 collu (3715,5 cm\u00b2) kop\u0113j\u0101 galven\u0101 gril\u0113\u0161anas plat\u012bba.<\/li>\n<li>Iztur\u012bg\u0101 ner\u016bs\u0113jo\u0161\u0101 t\u0113rauda cauru\u013cu deg\u013ca konstrukcija nodro\u0161ina ilgu kalpo\u0161anas laiku, vienlaikus pal\u012bdzot \u0101tri pagatavot \u0113dienu vienm\u0113r\u012bg\u0101 karstum\u0101<\/li>\n<li>Napoleona ikoniskie \u010duguna gatavo\u0161anas re\u017e\u0123i ir iztur\u012bgi pret r\u016bsu, nodro\u0161ina vienm\u0113r\u012bgu siltumu, ne\u013cauj \u0113dienam izkrist cauri un rada \u012bpa\u0161as nodeguma p\u0113das<\/li>\n<li>T\u016bl\u012bt\u0113j\u0101 JETFIRE aizdedzes sist\u0113ma ir novatoriska un viegli lietojama. Tas iz\u0161auj liesmas str\u016bklu, lai atsevi\u0161\u0137i iedegtu katru galveno g\u0101zes degli, lai katru reizi \u0101tri iedarbin\u0101tu<\/li>\n<li>Prec\u012bzi izm\u0113riet grila temperat\u016bru, lai nodro\u0161in\u0101tu optim\u0101lu temperat\u016bras kontroli, gril\u0113jot ar ACCUPROBE temperat\u016bras m\u0113r\u012bt\u0101ju<\/li>\n<li>Salok\u0101mie s\u0101nu plaukti \u013cauj \u0161o grila grilu novietot \u0101rpus glab\u0101\u0161anas ce\u013ca vai ievietot kompakt\u0101s telp\u0101s, kas ir ide\u0101li piem\u0113rots balkoniem un maziem iek\u0161pagalmiem.<\/li>\n<li>Sl\u0113gt\u0101 rati\u0146u konstrukcija dro\u0161i notur prop\u0101na tvertni skap\u012b, lai to var\u0113tu viegli novietot un dro\u0161i p\u0101rvietot uzglab\u0101\u0161anai<\/li>\n<li>Pateicoties iztur\u012bgajiem, visurg\u0101j\u0113jiem rite\u0146iem, \u0161is grils var viegli sekot l\u012bdzi visur, kur notiek darb\u012bba<\/li>\n<li>Pacelt v\u0101ku, lai p\u0101rbaud\u012btu malt\u012bti, nekad nav bijis tik \u0113rt\u0101k ar v\u0113so piesk\u0101riena rokturi, kas nodro\u0161ina \u0113rtu un v\u0113su satv\u0113rienu, atverot un aizverot b\u0101rbekj\u016b.<\/li>\n<li>P\u0101rn\u0113s\u0101jamas prop\u0101na tvertnes ir vienk\u0101r\u0161s un \u0113rts veids, k\u0101 uzpild\u012bt g\u0101zes grila grilus. Prop\u0101na tvertnes b\u016bs j\u0101ieg\u0101d\u0101jas atsevi\u0161\u0137i un periodiski j\u0101uzpilda<\/li>\n<\/ul>\n","protected":false},"excerpt":{"rendered":"<p style=\"text-align: justify;\">Freestyle 425 prop\u0101na g\u0101zes grils ar infrasarkano SIZZLE ZONE\u2122 s\u0101nu degli ir kompakts grils ar izcil\u0101m funkcij\u0101m un nep\u0101rsp\u0113jamu v\u0113rt\u012bbu. Aizdedzina ar t\u016bl\u012bt\u0113ju JETFIRE aizdedzes sist\u0113mu, kas katru reizi viegli aizdedzina galvenos deg\u013cus ar liesmas str\u016bklu. Izbaudiet perfektu \u010duguna porcel\u0101na emaljas gatavo\u0161anas re\u017e\u0123us. \u010cetri ner\u016bs\u0113jo\u0161\u0101 t\u0113rauda deg\u013ci nodro\u0161ina vienm\u0113r\u012bgu siltumu, viegli vad\u0101mi un uzraug\u0101mi ar borta temperat\u016bras m\u0113r\u012bt\u0101ju. Ieg\u016bstiet perfektu restor\u0101na cep\u0161anu vai pagatavojiet piedevas, kam\u0113r gril\u0113jat, izmantojot infrasarkan\u0101s cep\u0161anas stacijas s\u0101nu degli. Iztur\u012bgie rite\u0146i \u013cauj \u0161im b\u0101rbekj\u016b iet tur, kur notiek darb\u012bba, savuk\u0101rt viegli salok\u0101mais lab\u0101s puses plaukts, kur\u0101 ir instrumentu pakaramie un pude\u013cu attais\u0101mais, nodro\u0161ina, ka Freestyle atbilst j\u016bsu dz\u012bvesveidam un telpai.<\/p>\n","protected":false},"featured_media":3061,"comment_status":"open","ping_status":"closed","template":"","meta":[],"pwb-brand":[158],"product_brand":[],"product_cat":[124],"product_tag":[],"class_list":{"0":"post-3060","1":"product","2":"type-product","3":"status-publish","4":"has-post-thumbnail","6":"pwb-brand-napoleon","7":"product_cat-gazes-grili","9":"first","10":"onbackorder","11":"taxable","12":"shipping-taxable","13":"purchasable","14":"product-type-simple"},"brands":[{"id":158,"name":"Napoleon","slug":"napoleon"}],"_links":{"self":[{"href":"https:\/\/grillandmore.lv\/shop\/wp-json\/wp\/v2\/product\/3060","targetHints":{"allow":["GET"]}}],"collection":[{"href":"https:\/\/grillandmore.lv\/shop\/wp-json\/wp\/v2\/product"}],"about":[{"href":"https:\/\/grillandmore.lv\/shop\/wp-json\/wp\/v2\/types\/product"}],"replies":[{"embeddable":true,"href":"https:\/\/grillandmore.lv\/shop\/wp-json\/wp\/v2\/comments?post=3060"}],"version-history":[{"count":1,"href":"https:\/\/grillandmore.lv\/shop\/wp-json\/wp\/v2\/product\/3060\/revisions"}],"predecessor-version":[{"id":6423,"href":"https:\/\/grillandmore.lv\/shop\/wp-json\/wp\/v2\/product\/3060\/revisions\/6423"}],"wp:featuredmedia":[{"embeddable":true,"href":"https:\/\/grillandmore.lv\/shop\/wp-json\/wp\/v2\/media\/3061"}],"wp:attachment":[{"href":"https:\/\/grillandmore.lv\/shop\/wp-json\/wp\/v2\/media?parent=3060"}],"wp:term":[{"taxonomy":"pwb-brand","embeddable":true,"href":"https:\/\/grillandmore.lv\/shop\/wp-json\/wp\/v2\/pwb-brand?post=3060"},{"taxonomy":"product_brand","embeddable":true,"href":"https:\/\/grillandmore.lv\/shop\/wp-json\/wp\/v2\/product_brand?post=3060"},{"taxonomy":"product_cat","embeddable":true,"href":"https:\/\/grillandmore.lv\/shop\/wp-json\/wp\/v2\/product_cat?post=3060"},{"taxonomy":"product_tag","embeddable":true,"href":"https:\/\/grillandmore.lv\/shop\/wp-json\/wp\/v2\/product_tag?post=3060"}],"curies":[{"name":"wp","href":"https:\/\/api.w.org\/{rel}","templated":true}]}}