{"id":3064,"date":"2023-03-19T16:15:44","date_gmt":"2023-03-19T14:15:44","guid":{"rendered":"https:\/\/grillandmore.lv\/shop\/?post_type=product&#038;p=3064"},"modified":"2023-09-19T18:48:17","modified_gmt":"2023-09-19T15:48:17","slug":"napoleon-rougue-525-flame-sd-brn-black","status":"publish","type":"product","link":"https:\/\/grillandmore.lv\/shop\/products\/napoleon-rougue-525-flame-sd-brn-black\/","title":{"rendered":"Napoleon Rougue 525 Flame SD BRN BLACK"},"content":{"rendered":"<ul>\n<li>19,6 kW<\/li>\n<li>4 ner\u016bs\u0113jo\u0161\u0101 t\u0113rauda galvenie deg\u013ci<\/li>\n<li>5105 cm\u00b2 kop\u0113j\u0101 gatavo\u0161anas plat\u012bba<\/li>\n<li>Porcelaniz\u0113ti \u010duguna ikoniskie WAVE\u2122 gatavo\u0161anas re\u017e\u0123i<\/li>\n<li>Diapazona s\u0101nu deglis<\/li>\n<li>Vietu taupo\u0161i saliekamie s\u0101nu plaukti<\/li>\n<li>Ner\u016bs\u0113jo\u0161\u0101 t\u0113rauda sl\u012bp\u0113\u0161anas pl\u0101ksnes<\/li>\n<li>JETFIRE\u2122 aizdedzes sist\u0113ma<\/li>\n<li>Accu-Probe\u2122 temperat\u016bras m\u0113r\u012bt\u0101js<\/li>\n<li>Liels hrom\u0113ts sild\u012b\u0161anas stat\u012bvs<\/li>\n<\/ul>\n","protected":false},"excerpt":{"rendered":"<p style=\"text-align: justify;\">Augstas kvalit\u0101tes gril\u0113\u0161ana par pie\u0146emamu cenu \u2013 Napoleon ra\u017eotais prop\u0101na g\u0101zes grils Rogue\u00ae 525 ar s\u0101nu degli ir daudzpus\u012bgs papildin\u0101jums jebkuram pagalmam. Izgatavots no viegli kopjama ner\u016bs\u0113jo\u0161\u0101 t\u0113rauda ar salok\u0101miem s\u0101nu plauktiem, lai nodro\u0161in\u0101tu papildu vietu, kad nepiecie\u0161ams nolikt grilu. Ar blo\u0137\u0113\u0161anas ritenti\u0146iem ir viegli p\u0101rvietoties darb\u012bbas zon\u0101 un no t\u0101s. \u0160is grils ir tikpat skaists no iek\u0161puses ar ner\u016bs\u0113jo\u0161\u0101 t\u0113rauda pl\u0101ksn\u0113m, kas iztvaiko pilienus, un ner\u016bs\u0113jo\u0161\u0101 t\u0113rauda cauru\u013cu deg\u013ciem, kas uzreiz aizdegas ar JETFIRE\u2122 aizdedzes sist\u0113mu. Mest b\u0101rbekj\u016b par vecumu; ar 660 kvadr\u0101tcollu kop\u0113jo gatavo\u0161anas laukumu j\u016bs varat viegli pabarot p\u016bli. J\u016bs zin\u0101t, ka tas ir Napoleons ar ikoniskajiem porcel\u0101na p\u0101rkl\u0101juma \u010duguna WAVE\u2122 gatavo\u0161anas re\u017e\u0123iem \u0161\u012bm rakstur\u012bgaj\u0101m sadeg\u0161anas z\u012bm\u0113m. Un diapazona s\u0101nu deglis ir lieliski piem\u0113rots m\u0113rc\u0113m vai s\u0101niem. Izmantojiet \u0161o grilu ne tikai ide\u0101la steika cep\u0161anai; izmantojiet to cepe\u0161a cep\u0161anai un ar\u012b k\u016bpiniet. Gril\u0113jiet sav\u0101d\u0101k un izmantojiet Rogue\u00ae ar g\u0101zes grilu Rogue\u00ae 525.<\/p>\n","protected":false},"featured_media":3065,"comment_status":"open","ping_status":"closed","template":"","meta":[],"pwb-brand":[158],"product_brand":[],"product_cat":[124],"product_tag":[],"class_list":{"0":"post-3064","1":"product","2":"type-product","3":"status-publish","4":"has-post-thumbnail","6":"pwb-brand-napoleon","7":"product_cat-gazes-grili","9":"first","10":"onbackorder","11":"taxable","12":"shipping-taxable","13":"purchasable","14":"product-type-simple"},"brands":[{"id":158,"name":"Napoleon","slug":"napoleon"}],"_links":{"self":[{"href":"https:\/\/grillandmore.lv\/shop\/wp-json\/wp\/v2\/product\/3064","targetHints":{"allow":["GET"]}}],"collection":[{"href":"https:\/\/grillandmore.lv\/shop\/wp-json\/wp\/v2\/product"}],"about":[{"href":"https:\/\/grillandmore.lv\/shop\/wp-json\/wp\/v2\/types\/product"}],"replies":[{"embeddable":true,"href":"https:\/\/grillandmore.lv\/shop\/wp-json\/wp\/v2\/comments?post=3064"}],"version-history":[{"count":1,"href":"https:\/\/grillandmore.lv\/shop\/wp-json\/wp\/v2\/product\/3064\/revisions"}],"predecessor-version":[{"id":6422,"href":"https:\/\/grillandmore.lv\/shop\/wp-json\/wp\/v2\/product\/3064\/revisions\/6422"}],"wp:featuredmedia":[{"embeddable":true,"href":"https:\/\/grillandmore.lv\/shop\/wp-json\/wp\/v2\/media\/3065"}],"wp:attachment":[{"href":"https:\/\/grillandmore.lv\/shop\/wp-json\/wp\/v2\/media?parent=3064"}],"wp:term":[{"taxonomy":"pwb-brand","embeddable":true,"href":"https:\/\/grillandmore.lv\/shop\/wp-json\/wp\/v2\/pwb-brand?post=3064"},{"taxonomy":"product_brand","embeddable":true,"href":"https:\/\/grillandmore.lv\/shop\/wp-json\/wp\/v2\/product_brand?post=3064"},{"taxonomy":"product_cat","embeddable":true,"href":"https:\/\/grillandmore.lv\/shop\/wp-json\/wp\/v2\/product_cat?post=3064"},{"taxonomy":"product_tag","embeddable":true,"href":"https:\/\/grillandmore.lv\/shop\/wp-json\/wp\/v2\/product_tag?post=3064"}],"curies":[{"name":"wp","href":"https:\/\/api.w.org\/{rel}","templated":true}]}}